{"id":5372,"date":"2021-08-30T12:09:03","date_gmt":"2021-08-30T10:09:03","guid":{"rendered":"https:\/\/easytouchup.eu\/assistenza-clienti\/"},"modified":"2021-11-11T10:02:02","modified_gmt":"2021-11-11T09:02:02","slug":"servicio-al-cliente","status":"publish","type":"page","link":"https:\/\/easytouchup.eu\/es\/servicio-al-cliente\/","title":{"rendered":"Assistenza clienti"},"content":{"rendered":"\t\t<div data-elementor-type=\"wp-page\" data-elementor-id=\"5372\" class=\"elementor elementor-5372 elementor-55\" data-elementor-post-type=\"page\">\n\t\t\t\t\t\t<section class=\"elementor-section elementor-top-section elementor-element elementor-element-8bd4384 elementor-section-boxed elementor-section-height-default elementor-section-height-default\" data-id=\"8bd4384\" data-element_type=\"section\" data-settings=\"{&quot;background_background&quot;:&quot;classic&quot;,&quot;shape_divider_bottom&quot;:&quot;waves&quot;}\">\n\t\t\t\t\t\t\t<div class=\"elementor-background-overlay\"><\/div>\n\t\t\t\t\t\t<div class=\"elementor-shape elementor-shape-bottom\" data-negative=\"false\">\n\t\t\t<svg xmlns=\"http:\/\/www.w3.org\/2000\/svg\" viewBox=\"0 0 1000 100\" preserveAspectRatio=\"none\">\n\t<path class=\"elementor-shape-fill\" d=\"M421.9,6.5c22.6-2.5,51.5,0.4,75.5,5.3c23.6,4.9,70.9,23.5,100.5,35.7c75.8,32.2,133.7,44.5,192.6,49.7\n\tc23.6,2.1,48.7,3.5,103.4-2.5c54.7-6,106.2-25.6,106.2-25.6V0H0v30.3c0,0,72,32.6,158.4,30.5c39.2-0.7,92.8-6.7,134-22.4\n\tc21.2-8.1,52.2-18.2,79.7-24.2C399.3,7.9,411.6,7.5,421.9,6.5z\"\/>\n<\/svg>\t\t<\/div>\n\t\t\t\t\t<div class=\"elementor-container elementor-column-gap-default\">\n\t\t\t\t\t<div class=\"elementor-column elementor-col-100 elementor-top-column elementor-element elementor-element-16cd78c\" data-id=\"16cd78c\" data-element_type=\"column\">\n\t\t\t<div class=\"elementor-widget-wrap elementor-element-populated\">\n\t\t\t\t\t\t<div class=\"elementor-element elementor-element-a7c0fe7 elementor-widget elementor-widget-heading\" data-id=\"a7c0fe7\" data-element_type=\"widget\" data-widget_type=\"heading.default\">\n\t\t\t\t<div class=\"elementor-widget-container\">\n\t\t\t<h2 class=\"elementor-heading-title elementor-size-default\">Servicio al Cliente<\/h2>\t\t<\/div>\n\t\t\t\t<\/div>\n\t\t\t\t\t<\/div>\n\t\t<\/div>\n\t\t\t\t\t<\/div>\n\t\t<\/section>\n\t\t\t\t<section class=\"elementor-section elementor-top-section elementor-element elementor-element-16d4d1f elementor-section-boxed elementor-section-height-default elementor-section-height-default\" data-id=\"16d4d1f\" data-element_type=\"section\">\n\t\t\t\t\t\t<div class=\"elementor-container elementor-column-gap-default\">\n\t\t\t\t\t<div class=\"elementor-column elementor-col-100 elementor-top-column elementor-element elementor-element-db6115e\" data-id=\"db6115e\" data-element_type=\"column\">\n\t\t\t<div class=\"elementor-widget-wrap elementor-element-populated\">\n\t\t\t\t\t\t<div class=\"elementor-element elementor-element-36930df elementor-widget elementor-widget-breadcrumbs\" data-id=\"36930df\" data-element_type=\"widget\" data-widget_type=\"breadcrumbs.default\">\n\t\t\t\t<div class=\"elementor-widget-container\">\n\t\t\t<p id=\"breadcrumbs\"><span><span><a href=\"https:\/\/easytouchup.eu\/es\/\">Home<\/a><\/span><\/span><\/p>\t\t<\/div>\n\t\t\t\t<\/div>\n\t\t\t\t\t<\/div>\n\t\t<\/div>\n\t\t\t\t\t<\/div>\n\t\t<\/section>\n\t\t\t\t<section class=\"elementor-section elementor-top-section elementor-element elementor-element-15ba8b4 elementor-reverse-mobile elementor-section-boxed elementor-section-height-default elementor-section-height-default\" data-id=\"15ba8b4\" data-element_type=\"section\">\n\t\t\t\t\t\t<div class=\"elementor-container elementor-column-gap-default\">\n\t\t\t\t\t<div class=\"elementor-column elementor-col-50 elementor-top-column elementor-element elementor-element-0353596\" data-id=\"0353596\" data-element_type=\"column\">\n\t\t\t<div class=\"elementor-widget-wrap elementor-element-populated\">\n\t\t\t\t\t\t<div class=\"elementor-element elementor-element-d189c58 elementor-widget elementor-widget-heading\" data-id=\"d189c58\" data-element_type=\"widget\" data-widget_type=\"heading.default\">\n\t\t\t\t<div class=\"elementor-widget-container\">\n\t\t\t<h2 class=\"elementor-heading-title elementor-size-default\">Por favor cont\u00e1ctenos<\/h2>\t\t<\/div>\n\t\t\t\t<\/div>\n\t\t\t\t<div class=\"elementor-element elementor-element-97796b2 elementor-widget elementor-widget-text-editor\" data-id=\"97796b2\" data-element_type=\"widget\" data-widget_type=\"text-editor.default\">\n\t\t\t\t<div class=\"elementor-widget-container\">\n\t\t\t\t\t\t\t<div> Easytouchup prepara pinturas de muestra para retocar su autom\u00f3vil, utilizando las f\u00f3rmulas de color originales de la carrocer\u00eda. <\/div>\n<div> <\/div>\n<div> Si no ha encontrado el c\u00f3digo de color de su autom\u00f3vil o tiene si tienes alguna duda, ind\u00edcanos Marca, Modelo, Tipo de Color, A\u00f1o de fabricaci\u00f3n, y si es necesario env\u00edanos una imagen de tu coche, realizaremos una b\u00fasqueda exhaustiva en nuestra base de datos y te enviaremos los c\u00f3digos exactos para colocar tu orden. <\/div>\n<div> Generalmente respondemos a sus consultas por correo electr\u00f3nico dentro de una hora, y ciertamente dentro de un d\u00eda h\u00e1bil. <\/div>\n\t\t\t\t\t\t<\/div>\n\t\t\t\t<\/div>\n\t\t\t\t<div class=\"elementor-element elementor-element-9614618 elementor-widget elementor-widget-heading\" data-id=\"9614618\" data-element_type=\"widget\" data-widget_type=\"heading.default\">\n\t\t\t\t<div class=\"elementor-widget-container\">\n\t\t\t<h2 class=\"elementor-heading-title elementor-size-default\">Tambi\u00e9n puede contactarnos en nuestro Servicio de Atenci\u00f3n al Cliente.<\/h2>\t\t<\/div>\n\t\t\t\t<\/div>\n\t\t\t\t<div class=\"elementor-element elementor-element-4821579 elementor-icon-list--layout-traditional elementor-list-item-link-full_width elementor-widget elementor-widget-icon-list\" data-id=\"4821579\" data-element_type=\"widget\" data-widget_type=\"icon-list.default\">\n\t\t\t\t<div class=\"elementor-widget-container\">\n\t\t\t\t\t<ul class=\"elementor-icon-list-items\">\n\t\t\t\t\t\t\t<li class=\"elementor-icon-list-item\">\n\t\t\t\t\t\t\t\t\t\t\t<span class=\"elementor-icon-list-icon\">\n\t\t\t\t\t\t\t<i aria-hidden=\"true\" class=\"fas fa-clock\"><\/i>\t\t\t\t\t\t<\/span>\n\t\t\t\t\t\t\t\t\t\t<span class=\"elementor-icon-list-text\">Lun - Vie de 9.00 a 12.00 y de 14.00 a 18.00<\/span>\n\t\t\t\t\t\t\t\t\t<\/li>\n\t\t\t\t\t\t\t\t<li class=\"elementor-icon-list-item\">\n\t\t\t\t\t\t\t\t\t\t\t<span class=\"elementor-icon-list-icon\">\n\t\t\t\t\t\t\t<i aria-hidden=\"true\" class=\"fab fa-whatsapp\"><\/i>\t\t\t\t\t\t<\/span>\n\t\t\t\t\t\t\t\t\t\t<span class=\"elementor-icon-list-text\">+39 335 186 46 22<\/span>\n\t\t\t\t\t\t\t\t\t<\/li>\n\t\t\t\t\t\t\t\t<li class=\"elementor-icon-list-item\">\n\t\t\t\t\t\t\t\t\t\t\t<span class=\"elementor-icon-list-icon\">\n\t\t\t\t\t\t\t<i aria-hidden=\"true\" class=\"fas fa-envelope\"><\/i>\t\t\t\t\t\t<\/span>\n\t\t\t\t\t\t\t\t\t\t<span class=\"elementor-icon-list-text\">info@easytouchup.eu<\/span>\n\t\t\t\t\t\t\t\t\t<\/li>\n\t\t\t\t\t\t\t\t<li class=\"elementor-icon-list-item\">\n\t\t\t\t\t\t\t\t\t\t\t<span class=\"elementor-icon-list-icon\">\n\t\t\t\t\t\t\t<i aria-hidden=\"true\" class=\"fas fa-phone\"><\/i>\t\t\t\t\t\t<\/span>\n\t\t\t\t\t\t\t\t\t\t<span class=\"elementor-icon-list-text\">+39 335 186 46 22<\/span>\n\t\t\t\t\t\t\t\t\t<\/li>\n\t\t\t\t\t\t<\/ul>\n\t\t\t\t<\/div>\n\t\t\t\t<\/div>\n\t\t\t\t\t<\/div>\n\t\t<\/div>\n\t\t\t\t<div class=\"elementor-column elementor-col-50 elementor-top-column elementor-element elementor-element-b1d52b7\" data-id=\"b1d52b7\" data-element_type=\"column\">\n\t\t\t<div class=\"elementor-widget-wrap elementor-element-populated\">\n\t\t\t\t\t\t<div class=\"elementor-element elementor-element-f3208e3 elementor-widget elementor-widget-image\" data-id=\"f3208e3\" data-element_type=\"widget\" data-widget_type=\"image.default\">\n\t\t\t\t<div class=\"elementor-widget-container\">\n\t\t\t\t\t\t\t\t\t\t\t\t\t<img fetchpriority=\"high\" decoding=\"async\" width=\"1000\" height=\"1333\" src=\"https:\/\/easytouchup.eu\/wp-content\/uploads\/2021\/05\/man-headphones-with-microphone-sits-table-with-personal-computer.png\" class=\"attachment-full size-full wp-image-5374\" alt=\"\" srcset=\"https:\/\/easytouchup.eu\/wp-content\/uploads\/2021\/05\/man-headphones-with-microphone-sits-table-with-personal-computer.png 1000w, https:\/\/easytouchup.eu\/wp-content\/uploads\/2021\/05\/man-headphones-with-microphone-sits-table-with-personal-computer-300x400.png 300w, https:\/\/easytouchup.eu\/wp-content\/uploads\/2021\/05\/man-headphones-with-microphone-sits-table-with-personal-computer-600x800.png 600w, https:\/\/easytouchup.eu\/wp-content\/uploads\/2021\/05\/man-headphones-with-microphone-sits-table-with-personal-computer-225x300.png 225w, https:\/\/easytouchup.eu\/wp-content\/uploads\/2021\/05\/man-headphones-with-microphone-sits-table-with-personal-computer-768x1024.png 768w\" sizes=\"(max-width: 1000px) 100vw, 1000px\" \/>\t\t\t\t\t\t\t\t\t\t\t\t\t<\/div>\n\t\t\t\t<\/div>\n\t\t\t\t\t<\/div>\n\t\t<\/div>\n\t\t\t\t\t<\/div>\n\t\t<\/section>\n\t\t\t\t<\/div>\n\t\t","protected":false},"excerpt":{"rendered":"<p>Servicio al Cliente Por favor cont\u00e1ctenos Easytouchup prepara pinturas de muestra para retocar su autom\u00f3vil, utilizando las f\u00f3rmulas de color originales de la carrocer\u00eda. Si no ha encontrado el c\u00f3digo de color de su autom\u00f3vil o tiene si tienes alguna duda, ind\u00edcanos Marca, Modelo, Tipo de Color, A\u00f1o de fabricaci\u00f3n, y si es necesario env\u00edanos [&hellip;]<\/p>\n","protected":false},"author":1,"featured_media":0,"parent":0,"menu_order":0,"comment_status":"closed","ping_status":"closed","template":"","meta":{"_acf_changed":false,"footnotes":""},"class_list":["post-5372","page","type-page","status-publish","hentry"],"acf":[],"yoast_head":"<!-- This site is optimized with the Yoast SEO plugin v23.9 - https:\/\/yoast.com\/wordpress\/plugins\/seo\/ -->\n<title>Assistenza clienti - Easytouchup<\/title>\n<meta name=\"robots\" content=\"index, follow, max-snippet:-1, max-image-preview:large, max-video-preview:-1\" \/>\n<link rel=\"canonical\" href=\"https:\/\/easytouchup.eu\/es\/servicio-al-cliente\/\" \/>\n<meta property=\"og:locale\" content=\"es_ES\" \/>\n<meta property=\"og:type\" content=\"article\" \/>\n<meta property=\"og:title\" content=\"Assistenza clienti - Easytouchup\" \/>\n<meta property=\"og:description\" content=\"Servicio al Cliente Por favor cont\u00e1ctenos Easytouchup prepara pinturas de muestra para retocar su autom\u00f3vil, utilizando las f\u00f3rmulas de color originales de la carrocer\u00eda. Si no ha encontrado el c\u00f3digo de color de su autom\u00f3vil o tiene si tienes alguna duda, ind\u00edcanos Marca, Modelo, Tipo de Color, A\u00f1o de fabricaci\u00f3n, y si es necesario env\u00edanos [&hellip;]\" \/>\n<meta property=\"og:url\" content=\"https:\/\/easytouchup.eu\/es\/servicio-al-cliente\/\" \/>\n<meta property=\"og:site_name\" content=\"Easytouchup\" \/>\n<meta property=\"article:modified_time\" content=\"2021-11-11T09:02:02+00:00\" \/>\n<meta property=\"og:image\" content=\"https:\/\/easytouchup.eu\/wp-content\/uploads\/2021\/05\/man-headphones-with-microphone-sits-table-with-personal-computer.png\" \/>\n<meta name=\"twitter:card\" content=\"summary_large_image\" \/>\n<meta name=\"twitter:label1\" content=\"Tiempo de lectura\" \/>\n\t<meta name=\"twitter:data1\" content=\"1 minuto\" \/>\n<script type=\"application\/ld+json\" class=\"yoast-schema-graph\">{\"@context\":\"https:\/\/schema.org\",\"@graph\":[{\"@type\":\"WebPage\",\"@id\":\"https:\/\/easytouchup.eu\/es\/servicio-al-cliente\/\",\"url\":\"https:\/\/easytouchup.eu\/es\/servicio-al-cliente\/\",\"name\":\"Assistenza clienti - Easytouchup\",\"isPartOf\":{\"@id\":\"https:\/\/easytouchup.eu\/es\/#website\"},\"primaryImageOfPage\":{\"@id\":\"https:\/\/easytouchup.eu\/es\/servicio-al-cliente\/#primaryimage\"},\"image\":{\"@id\":\"https:\/\/easytouchup.eu\/es\/servicio-al-cliente\/#primaryimage\"},\"thumbnailUrl\":\"https:\/\/easytouchup.eu\/wp-content\/uploads\/2021\/05\/man-headphones-with-microphone-sits-table-with-personal-computer.png\",\"datePublished\":\"2021-08-30T10:09:03+00:00\",\"dateModified\":\"2021-11-11T09:02:02+00:00\",\"breadcrumb\":{\"@id\":\"https:\/\/easytouchup.eu\/es\/servicio-al-cliente\/#breadcrumb\"},\"inLanguage\":\"es\",\"potentialAction\":[{\"@type\":\"ReadAction\",\"target\":[\"https:\/\/easytouchup.eu\/es\/servicio-al-cliente\/\"]}]},{\"@type\":\"ImageObject\",\"inLanguage\":\"es\",\"@id\":\"https:\/\/easytouchup.eu\/es\/servicio-al-cliente\/#primaryimage\",\"url\":\"https:\/\/easytouchup.eu\/wp-content\/uploads\/2021\/05\/man-headphones-with-microphone-sits-table-with-personal-computer.png\",\"contentUrl\":\"https:\/\/easytouchup.eu\/wp-content\/uploads\/2021\/05\/man-headphones-with-microphone-sits-table-with-personal-computer.png\"},{\"@type\":\"BreadcrumbList\",\"@id\":\"https:\/\/easytouchup.eu\/es\/servicio-al-cliente\/#breadcrumb\",\"itemListElement\":[{\"@type\":\"ListItem\",\"position\":1,\"name\":\"Home\",\"item\":\"https:\/\/easytouchup.eu\/es\/\"},{\"@type\":\"ListItem\",\"position\":2,\"name\":\"Assistenza clienti\"}]},{\"@type\":\"WebSite\",\"@id\":\"https:\/\/easytouchup.eu\/es\/#website\",\"url\":\"https:\/\/easytouchup.eu\/es\/\",\"name\":\"Easytouchup\",\"description\":\"\",\"potentialAction\":[{\"@type\":\"SearchAction\",\"target\":{\"@type\":\"EntryPoint\",\"urlTemplate\":\"https:\/\/easytouchup.eu\/es\/?s={search_term_string}\"},\"query-input\":{\"@type\":\"PropertyValueSpecification\",\"valueRequired\":true,\"valueName\":\"search_term_string\"}}],\"inLanguage\":\"es\"}]}<\/script>\n<!-- \/ Yoast SEO plugin. -->","yoast_head_json":{"title":"Assistenza clienti - Easytouchup","robots":{"index":"index","follow":"follow","max-snippet":"max-snippet:-1","max-image-preview":"max-image-preview:large","max-video-preview":"max-video-preview:-1"},"canonical":"https:\/\/easytouchup.eu\/es\/servicio-al-cliente\/","og_locale":"es_ES","og_type":"article","og_title":"Assistenza clienti - Easytouchup","og_description":"Servicio al Cliente Por favor cont\u00e1ctenos Easytouchup prepara pinturas de muestra para retocar su autom\u00f3vil, utilizando las f\u00f3rmulas de color originales de la carrocer\u00eda. Si no ha encontrado el c\u00f3digo de color de su autom\u00f3vil o tiene si tienes alguna duda, ind\u00edcanos Marca, Modelo, Tipo de Color, A\u00f1o de fabricaci\u00f3n, y si es necesario env\u00edanos [&hellip;]","og_url":"https:\/\/easytouchup.eu\/es\/servicio-al-cliente\/","og_site_name":"Easytouchup","article_modified_time":"2021-11-11T09:02:02+00:00","og_image":[{"url":"https:\/\/easytouchup.eu\/wp-content\/uploads\/2021\/05\/man-headphones-with-microphone-sits-table-with-personal-computer.png"}],"twitter_card":"summary_large_image","twitter_misc":{"Tiempo de lectura":"1 minuto"},"schema":{"@context":"https:\/\/schema.org","@graph":[{"@type":"WebPage","@id":"https:\/\/easytouchup.eu\/es\/servicio-al-cliente\/","url":"https:\/\/easytouchup.eu\/es\/servicio-al-cliente\/","name":"Assistenza clienti - Easytouchup","isPartOf":{"@id":"https:\/\/easytouchup.eu\/es\/#website"},"primaryImageOfPage":{"@id":"https:\/\/easytouchup.eu\/es\/servicio-al-cliente\/#primaryimage"},"image":{"@id":"https:\/\/easytouchup.eu\/es\/servicio-al-cliente\/#primaryimage"},"thumbnailUrl":"https:\/\/easytouchup.eu\/wp-content\/uploads\/2021\/05\/man-headphones-with-microphone-sits-table-with-personal-computer.png","datePublished":"2021-08-30T10:09:03+00:00","dateModified":"2021-11-11T09:02:02+00:00","breadcrumb":{"@id":"https:\/\/easytouchup.eu\/es\/servicio-al-cliente\/#breadcrumb"},"inLanguage":"es","potentialAction":[{"@type":"ReadAction","target":["https:\/\/easytouchup.eu\/es\/servicio-al-cliente\/"]}]},{"@type":"ImageObject","inLanguage":"es","@id":"https:\/\/easytouchup.eu\/es\/servicio-al-cliente\/#primaryimage","url":"https:\/\/easytouchup.eu\/wp-content\/uploads\/2021\/05\/man-headphones-with-microphone-sits-table-with-personal-computer.png","contentUrl":"https:\/\/easytouchup.eu\/wp-content\/uploads\/2021\/05\/man-headphones-with-microphone-sits-table-with-personal-computer.png"},{"@type":"BreadcrumbList","@id":"https:\/\/easytouchup.eu\/es\/servicio-al-cliente\/#breadcrumb","itemListElement":[{"@type":"ListItem","position":1,"name":"Home","item":"https:\/\/easytouchup.eu\/es\/"},{"@type":"ListItem","position":2,"name":"Assistenza clienti"}]},{"@type":"WebSite","@id":"https:\/\/easytouchup.eu\/es\/#website","url":"https:\/\/easytouchup.eu\/es\/","name":"Easytouchup","description":"","potentialAction":[{"@type":"SearchAction","target":{"@type":"EntryPoint","urlTemplate":"https:\/\/easytouchup.eu\/es\/?s={search_term_string}"},"query-input":{"@type":"PropertyValueSpecification","valueRequired":true,"valueName":"search_term_string"}}],"inLanguage":"es"}]}},"_links":{"self":[{"href":"https:\/\/easytouchup.eu\/es\/wp-json\/wp\/v2\/pages\/5372","targetHints":{"allow":["GET"]}}],"collection":[{"href":"https:\/\/easytouchup.eu\/es\/wp-json\/wp\/v2\/pages"}],"about":[{"href":"https:\/\/easytouchup.eu\/es\/wp-json\/wp\/v2\/types\/page"}],"author":[{"embeddable":true,"href":"https:\/\/easytouchup.eu\/es\/wp-json\/wp\/v2\/users\/1"}],"replies":[{"embeddable":true,"href":"https:\/\/easytouchup.eu\/es\/wp-json\/wp\/v2\/comments?post=5372"}],"version-history":[{"count":2,"href":"https:\/\/easytouchup.eu\/es\/wp-json\/wp\/v2\/pages\/5372\/revisions"}],"predecessor-version":[{"id":6194,"href":"https:\/\/easytouchup.eu\/es\/wp-json\/wp\/v2\/pages\/5372\/revisions\/6194"}],"wp:attachment":[{"href":"https:\/\/easytouchup.eu\/es\/wp-json\/wp\/v2\/media?parent=5372"}],"curies":[{"name":"wp","href":"https:\/\/api.w.org\/{rel}","templated":true}]}}