{"id":5382,"date":"2021-08-30T12:16:21","date_gmt":"2021-08-30T10:16:21","guid":{"rendered":"https:\/\/easytouchup.eu\/chi-siamo\/"},"modified":"2021-11-11T09:49:23","modified_gmt":"2021-11-11T08:49:23","slug":"quienes-somos","status":"publish","type":"page","link":"https:\/\/easytouchup.eu\/es\/quienes-somos\/","title":{"rendered":"Chi siamo"},"content":{"rendered":"\t\t<div data-elementor-type=\"wp-page\" data-elementor-id=\"5382\" class=\"elementor elementor-5382 elementor-63\" data-elementor-post-type=\"page\">\n\t\t\t\t\t\t<section class=\"elementor-section elementor-top-section elementor-element elementor-element-6997720 elementor-section-boxed elementor-section-height-default elementor-section-height-default\" data-id=\"6997720\" data-element_type=\"section\" data-settings=\"{&quot;background_background&quot;:&quot;classic&quot;,&quot;shape_divider_bottom&quot;:&quot;waves&quot;}\">\n\t\t\t\t\t\t\t<div class=\"elementor-background-overlay\"><\/div>\n\t\t\t\t\t\t<div class=\"elementor-shape elementor-shape-bottom\" data-negative=\"false\">\n\t\t\t<svg xmlns=\"http:\/\/www.w3.org\/2000\/svg\" viewBox=\"0 0 1000 100\" preserveAspectRatio=\"none\">\n\t<path class=\"elementor-shape-fill\" d=\"M421.9,6.5c22.6-2.5,51.5,0.4,75.5,5.3c23.6,4.9,70.9,23.5,100.5,35.7c75.8,32.2,133.7,44.5,192.6,49.7\n\tc23.6,2.1,48.7,3.5,103.4-2.5c54.7-6,106.2-25.6,106.2-25.6V0H0v30.3c0,0,72,32.6,158.4,30.5c39.2-0.7,92.8-6.7,134-22.4\n\tc21.2-8.1,52.2-18.2,79.7-24.2C399.3,7.9,411.6,7.5,421.9,6.5z\"\/>\n<\/svg>\t\t<\/div>\n\t\t\t\t\t<div class=\"elementor-container elementor-column-gap-default\">\n\t\t\t\t\t<div class=\"elementor-column elementor-col-100 elementor-top-column elementor-element elementor-element-a8cebb2\" data-id=\"a8cebb2\" data-element_type=\"column\">\n\t\t\t<div class=\"elementor-widget-wrap elementor-element-populated\">\n\t\t\t\t\t\t<div class=\"elementor-element elementor-element-1e7da7b elementor-widget elementor-widget-heading\" data-id=\"1e7da7b\" data-element_type=\"widget\" data-widget_type=\"heading.default\">\n\t\t\t\t<div class=\"elementor-widget-container\">\n\t\t\t<h2 class=\"elementor-heading-title elementor-size-default\">Quienes somos<\/h2>\t\t<\/div>\n\t\t\t\t<\/div>\n\t\t\t\t\t<\/div>\n\t\t<\/div>\n\t\t\t\t\t<\/div>\n\t\t<\/section>\n\t\t\t\t<section class=\"elementor-section elementor-top-section elementor-element elementor-element-950b699 elementor-section-boxed elementor-section-height-default elementor-section-height-default\" data-id=\"950b699\" data-element_type=\"section\">\n\t\t\t\t\t\t<div class=\"elementor-container elementor-column-gap-default\">\n\t\t\t\t\t<div class=\"elementor-column elementor-col-50 elementor-top-column elementor-element elementor-element-78173b5\" data-id=\"78173b5\" data-element_type=\"column\">\n\t\t\t<div class=\"elementor-widget-wrap elementor-element-populated\">\n\t\t\t\t\t\t<div class=\"elementor-element elementor-element-e30be9c elementor-widget elementor-widget-image\" data-id=\"e30be9c\" data-element_type=\"widget\" data-widget_type=\"image.default\">\n\t\t\t\t<div class=\"elementor-widget-container\">\n\t\t\t\t\t\t\t\t\t\t\t\t\t<img decoding=\"async\" width=\"295\" height=\"155\" src=\"https:\/\/easytouchup.eu\/wp-content\/uploads\/2021\/04\/logo-easytouchup.png\" class=\"attachment-large size-large wp-image-5449\" alt=\"\" \/>\t\t\t\t\t\t\t\t\t\t\t\t\t<\/div>\n\t\t\t\t<\/div>\n\t\t\t\t<div class=\"elementor-element elementor-element-2dd81f8 elementor-widget elementor-widget-text-editor\" data-id=\"2dd81f8\" data-element_type=\"widget\" data-widget_type=\"text-editor.default\">\n\t\t\t\t<div class=\"elementor-widget-container\">\n\t\t\t\t\t\t\t<p>Easytouchup.eu es el portal de Internet de Fiabacolor que se ocupa de las ventas de productos de la marca Easytouchup en Internet.<br \/>\nLa misi\u00f3n de Easytouchup es:<br \/>\nsalvar a nuestro cliente mediante el mantenimiento de la pintura de su autom\u00f3vil, f\u00e1cil, r\u00e1pido , profesional!<\/p>\n<p>Aprovechando las d\u00e9cadas de experiencia de la empresa en el campo de las pinturas para autom\u00f3viles, nuestra empresa ha reconocido la necesidad de un sistema de retoque de pintura de carrocer\u00eda que combine profesionalidad, sencillez y facilidad de uso.&lt;\/ p &gt;<\/p>\n<p>\u00a1Los productos de la marca Easytouchup fueron creados para cubrir esta necesidad!<br \/>\nBrindamos a nuestros clientes la posibilidad de retocar su autom\u00f3vil, ahorrando dinero al taller de carrocer\u00eda, con un producto de alta calidad disponible en m\u00e1s del 95% de los colores. presente en el mercado automotriz en la actualidad.<\/p>\n<p><u> Cada kit se fabrica manualmente de uno en uno sobre la base de nuestras formulaciones.<\/u><\/p>\n\t\t\t\t\t\t<\/div>\n\t\t\t\t<\/div>\n\t\t\t\t\t<\/div>\n\t\t<\/div>\n\t\t\t\t<div class=\"elementor-column elementor-col-50 elementor-top-column elementor-element elementor-element-2d2010f\" data-id=\"2d2010f\" data-element_type=\"column\">\n\t\t\t<div class=\"elementor-widget-wrap\">\n\t\t\t\t\t\t\t<\/div>\n\t\t<\/div>\n\t\t\t\t\t<\/div>\n\t\t<\/section>\n\t\t\t\t<section class=\"elementor-section elementor-top-section elementor-element elementor-element-633d981 elementor-section-boxed elementor-section-height-default elementor-section-height-default\" data-id=\"633d981\" data-element_type=\"section\">\n\t\t\t\t\t\t<div class=\"elementor-container elementor-column-gap-default\">\n\t\t\t\t\t<div class=\"elementor-column elementor-col-100 elementor-top-column elementor-element elementor-element-7e38f70\" data-id=\"7e38f70\" data-element_type=\"column\">\n\t\t\t<div class=\"elementor-widget-wrap elementor-element-populated\">\n\t\t\t\t\t\t<div class=\"elementor-element elementor-element-d3114ac elementor-widget elementor-widget-heading\" data-id=\"d3114ac\" data-element_type=\"widget\" data-widget_type=\"heading.default\">\n\t\t\t\t<div class=\"elementor-widget-container\">\n\t\t\t<h2 class=\"elementor-heading-title elementor-size-default\">Shop<\/h2>\t\t<\/div>\n\t\t\t\t<\/div>\n\t\t\t\t<div class=\"elementor-element elementor-element-170e761 elementor-grid-3 elementor-grid-tablet-2 elementor-grid-mobile-1 elementor-posts--thumbnail-top elementor-card-shadow-yes elementor-posts__hover-gradient elementor-widget elementor-widget-posts\" data-id=\"170e761\" data-element_type=\"widget\" data-settings=\"{&quot;cards_columns&quot;:&quot;3&quot;,&quot;cards_columns_tablet&quot;:&quot;2&quot;,&quot;cards_columns_mobile&quot;:&quot;1&quot;,&quot;cards_row_gap&quot;:{&quot;unit&quot;:&quot;px&quot;,&quot;size&quot;:35,&quot;sizes&quot;:[]},&quot;cards_row_gap_tablet&quot;:{&quot;unit&quot;:&quot;px&quot;,&quot;size&quot;:&quot;&quot;,&quot;sizes&quot;:[]},&quot;cards_row_gap_mobile&quot;:{&quot;unit&quot;:&quot;px&quot;,&quot;size&quot;:&quot;&quot;,&quot;sizes&quot;:[]}}\" data-widget_type=\"posts.cards\">\n\t\t\t\t<div class=\"elementor-widget-container\">\n\t\t\t\t\t<div class=\"elementor-posts-container elementor-posts elementor-posts--skin-cards elementor-grid\">\n\t\t\t\t<article class=\"elementor-post elementor-grid-item post-5429 product type-product status-publish has-post-thumbnail product_cat-kit-colore-es first instock shipping-taxable purchasable product-type-simple\">\n\t\t\t<div class=\"elementor-post__card\">\n\t\t\t\t<a class=\"elementor-post__thumbnail__link\" href=\"https:\/\/easytouchup.eu\/es\/prodotto\/kit-basic\/\" tabindex=\"-1\" ><div class=\"elementor-post__thumbnail\"><img fetchpriority=\"high\" decoding=\"async\" width=\"640\" height=\"364\" src=\"https:\/\/easytouchup.eu\/wp-content\/uploads\/2021\/05\/1.jpeg\" class=\"attachment-full size-full wp-image-5428\" alt=\"\" srcset=\"https:\/\/easytouchup.eu\/wp-content\/uploads\/2021\/05\/1.jpeg 640w, https:\/\/easytouchup.eu\/wp-content\/uploads\/2021\/05\/1-300x171.jpeg 300w, https:\/\/easytouchup.eu\/wp-content\/uploads\/2021\/05\/1-600x341.jpeg 600w\" sizes=\"(max-width: 640px) 100vw, 640px\" \/><\/div><\/a>\n\t\t\t\t<div class=\"elementor-post__text\">\n\t\t\t\t<h3 class=\"elementor-post__title\">\n\t\t\t<a href=\"https:\/\/easytouchup.eu\/es\/prodotto\/kit-basic\/\" >\n\t\t\t\tKit Basic<span class=\"j-product-list-img\" data-src=\"\/wp-content\/uploads\/2022\/03\/esp.png\"><\/span>\t\t\t<\/a>\n\t\t<\/h3>\n\t\t\n\t\t<a class=\"elementor-post__read-more\" href=\"https:\/\/easytouchup.eu\/es\/prodotto\/kit-basic\/\" aria-label=\"M\u00e1s informaci\u00f3n sobre Kit Basic&lt;span class=&quot;j-product-list-img&quot; data-src=&quot;\/wp-content\/uploads\/2022\/03\/esp.png&quot;&gt;&lt;\/span&gt;\" tabindex=\"-1\" >\n\t\t\tir al producto\t\t<\/a>\n\n\t\t\t\t<\/div>\n\t\t\t\t\t<\/div>\n\t\t<\/article>\n\t\t\t\t<article class=\"elementor-post elementor-grid-item post-5426 product type-product status-publish has-post-thumbnail product_cat-kit-colore-es  instock shipping-taxable purchasable product-type-simple\">\n\t\t\t<div class=\"elementor-post__card\">\n\t\t\t\t<a class=\"elementor-post__thumbnail__link\" href=\"https:\/\/easytouchup.eu\/es\/prodotto\/kit-standard\/\" tabindex=\"-1\" ><div class=\"elementor-post__thumbnail\"><img decoding=\"async\" width=\"640\" height=\"364\" src=\"https:\/\/easytouchup.eu\/wp-content\/uploads\/2021\/11\/sta-esp.jpg\" class=\"attachment-full size-full wp-image-6718\" alt=\"\" srcset=\"https:\/\/easytouchup.eu\/wp-content\/uploads\/2021\/11\/sta-esp.jpg 640w, https:\/\/easytouchup.eu\/wp-content\/uploads\/2021\/11\/sta-esp-300x171.jpg 300w, https:\/\/easytouchup.eu\/wp-content\/uploads\/2021\/11\/sta-esp-600x341.jpg 600w\" sizes=\"(max-width: 640px) 100vw, 640px\" \/><\/div><\/a>\n\t\t\t\t<div class=\"elementor-post__text\">\n\t\t\t\t<h3 class=\"elementor-post__title\">\n\t\t\t<a href=\"https:\/\/easytouchup.eu\/es\/prodotto\/kit-standard\/\" >\n\t\t\t\tKit Standard<span class=\"j-product-list-img\" data-src=\"\/wp-content\/uploads\/2022\/03\/esp.png\"><\/span>\t\t\t<\/a>\n\t\t<\/h3>\n\t\t\n\t\t<a class=\"elementor-post__read-more\" href=\"https:\/\/easytouchup.eu\/es\/prodotto\/kit-standard\/\" aria-label=\"M\u00e1s informaci\u00f3n sobre Kit Standard&lt;span class=&quot;j-product-list-img&quot; data-src=&quot;\/wp-content\/uploads\/2022\/03\/esp.png&quot;&gt;&lt;\/span&gt;\" tabindex=\"-1\" >\n\t\t\tir al producto\t\t<\/a>\n\n\t\t\t\t<\/div>\n\t\t\t\t\t<\/div>\n\t\t<\/article>\n\t\t\t\t<article class=\"elementor-post elementor-grid-item post-5424 product type-product status-publish has-post-thumbnail product_cat-kit-colore-es last instock shipping-taxable purchasable product-type-simple\">\n\t\t\t<div class=\"elementor-post__card\">\n\t\t\t\t<a class=\"elementor-post__thumbnail__link\" href=\"https:\/\/easytouchup.eu\/es\/prodotto\/kit-professional\/\" tabindex=\"-1\" ><div class=\"elementor-post__thumbnail\"><img loading=\"lazy\" decoding=\"async\" width=\"640\" height=\"364\" src=\"https:\/\/easytouchup.eu\/wp-content\/uploads\/2021\/11\/pro-esp.jpg\" class=\"attachment-full size-full wp-image-6714\" alt=\"\" srcset=\"https:\/\/easytouchup.eu\/wp-content\/uploads\/2021\/11\/pro-esp.jpg 640w, https:\/\/easytouchup.eu\/wp-content\/uploads\/2021\/11\/pro-esp-300x171.jpg 300w, https:\/\/easytouchup.eu\/wp-content\/uploads\/2021\/11\/pro-esp-600x341.jpg 600w\" sizes=\"(max-width: 640px) 100vw, 640px\" \/><\/div><\/a>\n\t\t\t\t<div class=\"elementor-post__text\">\n\t\t\t\t<h3 class=\"elementor-post__title\">\n\t\t\t<a href=\"https:\/\/easytouchup.eu\/es\/prodotto\/kit-professional\/\" >\n\t\t\t\tKit Professional<span class=\"j-product-list-img\" data-src=\"\/wp-content\/uploads\/2022\/03\/esp.png\"><\/span>\t\t\t<\/a>\n\t\t<\/h3>\n\t\t\n\t\t<a class=\"elementor-post__read-more\" href=\"https:\/\/easytouchup.eu\/es\/prodotto\/kit-professional\/\" aria-label=\"M\u00e1s informaci\u00f3n sobre Kit Professional&lt;span class=&quot;j-product-list-img&quot; data-src=&quot;\/wp-content\/uploads\/2022\/03\/esp.png&quot;&gt;&lt;\/span&gt;\" tabindex=\"-1\" >\n\t\t\tir al producto\t\t<\/a>\n\n\t\t\t\t<\/div>\n\t\t\t\t\t<\/div>\n\t\t<\/article>\n\t\t\t\t<\/div>\n\t\t\n\t\t\t\t<\/div>\n\t\t\t\t<\/div>\n\t\t\t\t\t<\/div>\n\t\t<\/div>\n\t\t\t\t\t<\/div>\n\t\t<\/section>\n\t\t\t\t<\/div>\n\t\t","protected":false},"excerpt":{"rendered":"<p>Quienes somos Easytouchup.eu es el portal de Internet de Fiabacolor que se ocupa de las ventas de productos de la marca Easytouchup en Internet. La<\/p>\n","protected":false},"author":1,"featured_media":0,"parent":0,"menu_order":0,"comment_status":"closed","ping_status":"closed","template":"","meta":{"_acf_changed":false,"footnotes":""},"class_list":["post-5382","page","type-page","status-publish","hentry"],"acf":[],"yoast_head":"<!-- This site is optimized with the Yoast SEO plugin v23.9 - https:\/\/yoast.com\/wordpress\/plugins\/seo\/ -->\n<title>Chi siamo - Easytouchup<\/title>\n<meta name=\"robots\" content=\"index, follow, max-snippet:-1, max-image-preview:large, max-video-preview:-1\" \/>\n<link rel=\"canonical\" href=\"https:\/\/easytouchup.eu\/es\/quienes-somos\/\" \/>\n<meta property=\"og:locale\" content=\"es_ES\" \/>\n<meta property=\"og:type\" content=\"article\" \/>\n<meta property=\"og:title\" content=\"Chi siamo - Easytouchup\" \/>\n<meta property=\"og:description\" content=\"Quienes somos Easytouchup.eu es el portal de Internet de Fiabacolor que se ocupa de las ventas de productos de la marca Easytouchup en Internet. La\" \/>\n<meta property=\"og:url\" content=\"https:\/\/easytouchup.eu\/es\/quienes-somos\/\" \/>\n<meta property=\"og:site_name\" content=\"Easytouchup\" \/>\n<meta property=\"article:modified_time\" content=\"2021-11-11T08:49:23+00:00\" \/>\n<meta property=\"og:image\" content=\"https:\/\/easytouchup.eu\/wp-content\/uploads\/2021\/04\/logo-easytouchup.png\" \/>\n<meta name=\"twitter:card\" content=\"summary_large_image\" \/>\n<meta name=\"twitter:label1\" content=\"Tiempo de lectura\" \/>\n\t<meta name=\"twitter:data1\" content=\"1 minuto\" \/>\n<script type=\"application\/ld+json\" class=\"yoast-schema-graph\">{\"@context\":\"https:\/\/schema.org\",\"@graph\":[{\"@type\":\"WebPage\",\"@id\":\"https:\/\/easytouchup.eu\/es\/quienes-somos\/\",\"url\":\"https:\/\/easytouchup.eu\/es\/quienes-somos\/\",\"name\":\"Chi siamo - Easytouchup\",\"isPartOf\":{\"@id\":\"https:\/\/easytouchup.eu\/es\/#website\"},\"primaryImageOfPage\":{\"@id\":\"https:\/\/easytouchup.eu\/es\/quienes-somos\/#primaryimage\"},\"image\":{\"@id\":\"https:\/\/easytouchup.eu\/es\/quienes-somos\/#primaryimage\"},\"thumbnailUrl\":\"https:\/\/easytouchup.eu\/wp-content\/uploads\/2021\/04\/logo-easytouchup.png\",\"datePublished\":\"2021-08-30T10:16:21+00:00\",\"dateModified\":\"2021-11-11T08:49:23+00:00\",\"breadcrumb\":{\"@id\":\"https:\/\/easytouchup.eu\/es\/quienes-somos\/#breadcrumb\"},\"inLanguage\":\"es\",\"potentialAction\":[{\"@type\":\"ReadAction\",\"target\":[\"https:\/\/easytouchup.eu\/es\/quienes-somos\/\"]}]},{\"@type\":\"ImageObject\",\"inLanguage\":\"es\",\"@id\":\"https:\/\/easytouchup.eu\/es\/quienes-somos\/#primaryimage\",\"url\":\"https:\/\/easytouchup.eu\/wp-content\/uploads\/2021\/04\/logo-easytouchup.png\",\"contentUrl\":\"https:\/\/easytouchup.eu\/wp-content\/uploads\/2021\/04\/logo-easytouchup.png\"},{\"@type\":\"BreadcrumbList\",\"@id\":\"https:\/\/easytouchup.eu\/es\/quienes-somos\/#breadcrumb\",\"itemListElement\":[{\"@type\":\"ListItem\",\"position\":1,\"name\":\"Home\",\"item\":\"https:\/\/easytouchup.eu\/es\/\"},{\"@type\":\"ListItem\",\"position\":2,\"name\":\"Chi siamo\"}]},{\"@type\":\"WebSite\",\"@id\":\"https:\/\/easytouchup.eu\/es\/#website\",\"url\":\"https:\/\/easytouchup.eu\/es\/\",\"name\":\"Easytouchup\",\"description\":\"\",\"potentialAction\":[{\"@type\":\"SearchAction\",\"target\":{\"@type\":\"EntryPoint\",\"urlTemplate\":\"https:\/\/easytouchup.eu\/es\/?s={search_term_string}\"},\"query-input\":{\"@type\":\"PropertyValueSpecification\",\"valueRequired\":true,\"valueName\":\"search_term_string\"}}],\"inLanguage\":\"es\"}]}<\/script>\n<!-- \/ Yoast SEO plugin. -->","yoast_head_json":{"title":"Chi siamo - Easytouchup","robots":{"index":"index","follow":"follow","max-snippet":"max-snippet:-1","max-image-preview":"max-image-preview:large","max-video-preview":"max-video-preview:-1"},"canonical":"https:\/\/easytouchup.eu\/es\/quienes-somos\/","og_locale":"es_ES","og_type":"article","og_title":"Chi siamo - Easytouchup","og_description":"Quienes somos Easytouchup.eu es el portal de Internet de Fiabacolor que se ocupa de las ventas de productos de la marca Easytouchup en Internet. La","og_url":"https:\/\/easytouchup.eu\/es\/quienes-somos\/","og_site_name":"Easytouchup","article_modified_time":"2021-11-11T08:49:23+00:00","og_image":[{"url":"https:\/\/easytouchup.eu\/wp-content\/uploads\/2021\/04\/logo-easytouchup.png"}],"twitter_card":"summary_large_image","twitter_misc":{"Tiempo de lectura":"1 minuto"},"schema":{"@context":"https:\/\/schema.org","@graph":[{"@type":"WebPage","@id":"https:\/\/easytouchup.eu\/es\/quienes-somos\/","url":"https:\/\/easytouchup.eu\/es\/quienes-somos\/","name":"Chi siamo - Easytouchup","isPartOf":{"@id":"https:\/\/easytouchup.eu\/es\/#website"},"primaryImageOfPage":{"@id":"https:\/\/easytouchup.eu\/es\/quienes-somos\/#primaryimage"},"image":{"@id":"https:\/\/easytouchup.eu\/es\/quienes-somos\/#primaryimage"},"thumbnailUrl":"https:\/\/easytouchup.eu\/wp-content\/uploads\/2021\/04\/logo-easytouchup.png","datePublished":"2021-08-30T10:16:21+00:00","dateModified":"2021-11-11T08:49:23+00:00","breadcrumb":{"@id":"https:\/\/easytouchup.eu\/es\/quienes-somos\/#breadcrumb"},"inLanguage":"es","potentialAction":[{"@type":"ReadAction","target":["https:\/\/easytouchup.eu\/es\/quienes-somos\/"]}]},{"@type":"ImageObject","inLanguage":"es","@id":"https:\/\/easytouchup.eu\/es\/quienes-somos\/#primaryimage","url":"https:\/\/easytouchup.eu\/wp-content\/uploads\/2021\/04\/logo-easytouchup.png","contentUrl":"https:\/\/easytouchup.eu\/wp-content\/uploads\/2021\/04\/logo-easytouchup.png"},{"@type":"BreadcrumbList","@id":"https:\/\/easytouchup.eu\/es\/quienes-somos\/#breadcrumb","itemListElement":[{"@type":"ListItem","position":1,"name":"Home","item":"https:\/\/easytouchup.eu\/es\/"},{"@type":"ListItem","position":2,"name":"Chi siamo"}]},{"@type":"WebSite","@id":"https:\/\/easytouchup.eu\/es\/#website","url":"https:\/\/easytouchup.eu\/es\/","name":"Easytouchup","description":"","potentialAction":[{"@type":"SearchAction","target":{"@type":"EntryPoint","urlTemplate":"https:\/\/easytouchup.eu\/es\/?s={search_term_string}"},"query-input":{"@type":"PropertyValueSpecification","valueRequired":true,"valueName":"search_term_string"}}],"inLanguage":"es"}]}},"_links":{"self":[{"href":"https:\/\/easytouchup.eu\/es\/wp-json\/wp\/v2\/pages\/5382","targetHints":{"allow":["GET"]}}],"collection":[{"href":"https:\/\/easytouchup.eu\/es\/wp-json\/wp\/v2\/pages"}],"about":[{"href":"https:\/\/easytouchup.eu\/es\/wp-json\/wp\/v2\/types\/page"}],"author":[{"embeddable":true,"href":"https:\/\/easytouchup.eu\/es\/wp-json\/wp\/v2\/users\/1"}],"replies":[{"embeddable":true,"href":"https:\/\/easytouchup.eu\/es\/wp-json\/wp\/v2\/comments?post=5382"}],"version-history":[{"count":5,"href":"https:\/\/easytouchup.eu\/es\/wp-json\/wp\/v2\/pages\/5382\/revisions"}],"predecessor-version":[{"id":6183,"href":"https:\/\/easytouchup.eu\/es\/wp-json\/wp\/v2\/pages\/5382\/revisions\/6183"}],"wp:attachment":[{"href":"https:\/\/easytouchup.eu\/es\/wp-json\/wp\/v2\/media?parent=5382"}],"curies":[{"name":"wp","href":"https:\/\/api.w.org\/{rel}","templated":true}]}}