{"id":5386,"date":"2021-08-30T12:22:01","date_gmt":"2021-08-30T10:22:01","guid":{"rendered":"https:\/\/easytouchup.eu\/come-funziona-composizione-del-kit\/"},"modified":"2021-11-23T14:39:36","modified_gmt":"2021-11-23T13:39:36","slug":"como-funciona","status":"publish","type":"page","link":"https:\/\/easytouchup.eu\/es\/como-funciona\/","title":{"rendered":"Come funziona &#8211; Composizione del kit"},"content":{"rendered":"\t\t<div data-elementor-type=\"wp-page\" data-elementor-id=\"5386\" class=\"elementor elementor-5386 elementor-53\" data-elementor-post-type=\"page\">\n\t\t\t\t\t\t<section class=\"elementor-section elementor-top-section elementor-element elementor-element-f06e74d elementor-section-boxed elementor-section-height-default elementor-section-height-default\" data-id=\"f06e74d\" data-element_type=\"section\" data-settings=\"{&quot;background_background&quot;:&quot;classic&quot;,&quot;shape_divider_bottom&quot;:&quot;waves&quot;}\">\n\t\t\t\t\t\t\t<div class=\"elementor-background-overlay\"><\/div>\n\t\t\t\t\t\t<div class=\"elementor-shape elementor-shape-bottom\" data-negative=\"false\">\n\t\t\t<svg xmlns=\"http:\/\/www.w3.org\/2000\/svg\" viewBox=\"0 0 1000 100\" preserveAspectRatio=\"none\">\n\t<path class=\"elementor-shape-fill\" d=\"M421.9,6.5c22.6-2.5,51.5,0.4,75.5,5.3c23.6,4.9,70.9,23.5,100.5,35.7c75.8,32.2,133.7,44.5,192.6,49.7\n\tc23.6,2.1,48.7,3.5,103.4-2.5c54.7-6,106.2-25.6,106.2-25.6V0H0v30.3c0,0,72,32.6,158.4,30.5c39.2-0.7,92.8-6.7,134-22.4\n\tc21.2-8.1,52.2-18.2,79.7-24.2C399.3,7.9,411.6,7.5,421.9,6.5z\"\/>\n<\/svg>\t\t<\/div>\n\t\t\t\t\t<div class=\"elementor-container elementor-column-gap-default\">\n\t\t\t\t\t<div class=\"elementor-column elementor-col-100 elementor-top-column elementor-element elementor-element-a6f33ea\" data-id=\"a6f33ea\" data-element_type=\"column\">\n\t\t\t<div class=\"elementor-widget-wrap elementor-element-populated\">\n\t\t\t\t\t\t<div class=\"elementor-element elementor-element-607602f elementor-widget elementor-widget-heading\" data-id=\"607602f\" data-element_type=\"widget\" data-widget_type=\"heading.default\">\n\t\t\t\t<div class=\"elementor-widget-container\">\n\t\t\t<h2 class=\"elementor-heading-title elementor-size-default\">Como funciona<\/h2>\t\t<\/div>\n\t\t\t\t<\/div>\n\t\t\t\t\t<\/div>\n\t\t<\/div>\n\t\t\t\t\t<\/div>\n\t\t<\/section>\n\t\t\t\t<section class=\"elementor-section elementor-top-section elementor-element elementor-element-d8080f3 elementor-section-boxed elementor-section-height-default elementor-section-height-default\" data-id=\"d8080f3\" data-element_type=\"section\">\n\t\t\t\t\t\t<div class=\"elementor-container elementor-column-gap-default\">\n\t\t\t\t\t<div class=\"elementor-column elementor-col-100 elementor-top-column elementor-element elementor-element-a6ff3f2\" data-id=\"a6ff3f2\" data-element_type=\"column\">\n\t\t\t<div class=\"elementor-widget-wrap elementor-element-populated\">\n\t\t\t\t\t\t<div class=\"elementor-element elementor-element-ea4aa25 elementor-widget elementor-widget-breadcrumbs\" data-id=\"ea4aa25\" data-element_type=\"widget\" data-widget_type=\"breadcrumbs.default\">\n\t\t\t\t<div class=\"elementor-widget-container\">\n\t\t\t<p id=\"breadcrumbs\"><span><span><a href=\"https:\/\/easytouchup.eu\/es\/\">Home<\/a><\/span><\/span><\/p>\t\t<\/div>\n\t\t\t\t<\/div>\n\t\t\t\t\t<\/div>\n\t\t<\/div>\n\t\t\t\t\t<\/div>\n\t\t<\/section>\n\t\t\t\t<section class=\"elementor-section elementor-top-section elementor-element elementor-element-ebbd846 elementor-section-boxed elementor-section-height-default elementor-section-height-default\" data-id=\"ebbd846\" data-element_type=\"section\">\n\t\t\t\t\t\t<div class=\"elementor-container elementor-column-gap-default\">\n\t\t\t\t\t<div class=\"elementor-column elementor-col-100 elementor-top-column elementor-element elementor-element-02bc7b1\" data-id=\"02bc7b1\" data-element_type=\"column\">\n\t\t\t<div class=\"elementor-widget-wrap elementor-element-populated\">\n\t\t\t\t\t\t<div class=\"elementor-element elementor-element-9916d4e elementor-widget elementor-widget-video\" data-id=\"9916d4e\" data-element_type=\"widget\" data-settings=\"{&quot;youtube_url&quot;:&quot;https:\\\/\\\/www.youtube.com\\\/watch?v=s_EMA8sd9Go&quot;,&quot;video_type&quot;:&quot;youtube&quot;,&quot;controls&quot;:&quot;yes&quot;}\" data-widget_type=\"video.default\">\n\t\t\t\t<div class=\"elementor-widget-container\">\n\t\t\t\t\t<div class=\"elementor-wrapper elementor-open-inline\">\n\t\t\t<div class=\"elementor-video\"><\/div>\t\t<\/div>\n\t\t\t\t<\/div>\n\t\t\t\t<\/div>\n\t\t\t\t<div class=\"elementor-element elementor-element-24e89c2 elementor-widget elementor-widget-heading\" data-id=\"24e89c2\" data-element_type=\"widget\" data-widget_type=\"heading.default\">\n\t\t\t\t<div class=\"elementor-widget-container\">\n\t\t\t<h2 class=\"elementor-heading-title elementor-size-default\">Nuestros kits EasyTouchUp<\/h2>\t\t<\/div>\n\t\t\t\t<\/div>\n\t\t\t\t<div class=\"elementor-element elementor-element-48e2dfa elementor-widget elementor-widget-text-editor\" data-id=\"48e2dfa\" data-element_type=\"widget\" data-widget_type=\"text-editor.default\">\n\t\t\t\t<div class=\"elementor-widget-container\">\n\t\t\t\t\t\t\t<p> Te permiten retocar tu coche en unos sencillos pasos: <\/p>\n\t\t\t\t\t\t<\/div>\n\t\t\t\t<\/div>\n\t\t\t\t<div class=\"elementor-element elementor-element-a31cdb9 elementor-widget elementor-widget-text-editor\" data-id=\"a31cdb9\" data-element_type=\"widget\" data-widget_type=\"text-editor.default\">\n\t\t\t\t<div class=\"elementor-widget-container\">\n\t\t\t\t\t\t\t<p>Los kits son 3:<\/p>\n<p><span style=\"color: #991105;\"><strong>1 &#8211; Est\u00e1ndar | 2 &#8211; Medio | 3 &#8211; Profesional<\/strong><\/span><\/p>\n\t\t\t\t\t\t<\/div>\n\t\t\t\t<\/div>\n\t\t\t\t<section class=\"elementor-section elementor-inner-section elementor-element elementor-element-0482aa8 elementor-section-boxed elementor-section-height-default elementor-section-height-default\" data-id=\"0482aa8\" data-element_type=\"section\">\n\t\t\t\t\t\t<div class=\"elementor-container elementor-column-gap-no\">\n\t\t\t\t\t<div class=\"elementor-column elementor-col-50 elementor-inner-column elementor-element elementor-element-5f9c88e\" data-id=\"5f9c88e\" data-element_type=\"column\">\n\t\t\t<div class=\"elementor-widget-wrap elementor-element-populated\">\n\t\t\t\t\t\t<div class=\"elementor-element elementor-element-4bbcb5b elementor-widget elementor-widget-image\" data-id=\"4bbcb5b\" data-element_type=\"widget\" data-widget_type=\"image.default\">\n\t\t\t\t<div class=\"elementor-widget-container\">\n\t\t\t\t\t\t\t\t\t\t\t\t\t<img fetchpriority=\"high\" decoding=\"async\" width=\"450\" height=\"301\" src=\"https:\/\/easytouchup.eu\/wp-content\/uploads\/2021\/04\/kit-sm.jpeg\" class=\"attachment-full size-full wp-image-5258\" alt=\"\" srcset=\"https:\/\/easytouchup.eu\/wp-content\/uploads\/2021\/04\/kit-sm.jpeg 450w, https:\/\/easytouchup.eu\/wp-content\/uploads\/2021\/04\/kit-sm-300x201.jpeg 300w\" sizes=\"(max-width: 450px) 100vw, 450px\" \/>\t\t\t\t\t\t\t\t\t\t\t\t\t<\/div>\n\t\t\t\t<\/div>\n\t\t\t\t\t<\/div>\n\t\t<\/div>\n\t\t\t\t<div class=\"elementor-column elementor-col-50 elementor-inner-column elementor-element elementor-element-0ccfc6a\" data-id=\"0ccfc6a\" data-element_type=\"column\">\n\t\t\t<div class=\"elementor-widget-wrap elementor-element-populated\">\n\t\t\t\t\t\t<div class=\"elementor-element elementor-element-b2c83d8 elementor-widget elementor-widget-heading\" data-id=\"b2c83d8\" data-element_type=\"widget\" data-widget_type=\"heading.default\">\n\t\t\t\t<div class=\"elementor-widget-container\">\n\t\t\t<h2 class=\"elementor-heading-title elementor-size-default\">El kit que contiene todos los productos y que recomendamos es el Professional:<\/h2>\t\t<\/div>\n\t\t\t\t<\/div>\n\t\t\t\t<div class=\"elementor-element elementor-element-78aa1b2 elementor-widget elementor-widget-text-editor\" data-id=\"78aa1b2\" data-element_type=\"widget\" data-widget_type=\"text-editor.default\">\n\t\t\t\t<div class=\"elementor-widget-container\">\n\t\t\t\t\t\t\t<p>\u00a14 productos para una intervenci\u00f3n profesional!<\/p>\n\t\t\t\t\t\t<\/div>\n\t\t\t\t<\/div>\n\t\t\t\t\t<\/div>\n\t\t<\/div>\n\t\t\t\t\t<\/div>\n\t\t<\/section>\n\t\t\t\t\t<\/div>\n\t\t<\/div>\n\t\t\t\t\t<\/div>\n\t\t<\/section>\n\t\t\t\t<section class=\"elementor-section elementor-top-section elementor-element elementor-element-6030616 elementor-section-full_width elementor-section-height-default elementor-section-height-default\" data-id=\"6030616\" data-element_type=\"section\">\n\t\t\t\t\t\t<div class=\"elementor-container elementor-column-gap-no\">\n\t\t\t\t\t<div class=\"elementor-column elementor-col-50 elementor-top-column elementor-element elementor-element-cfb38e2\" data-id=\"cfb38e2\" data-element_type=\"column\">\n\t\t\t<div class=\"elementor-widget-wrap\">\n\t\t\t\t\t\t\t<\/div>\n\t\t<\/div>\n\t\t\t\t<div class=\"elementor-column elementor-col-50 elementor-top-column elementor-element elementor-element-4371e21\" data-id=\"4371e21\" data-element_type=\"column\">\n\t\t\t<div class=\"elementor-widget-wrap elementor-element-populated\">\n\t\t\t\t\t\t<div class=\"elementor-element elementor-element-eae14b5 elementor-widget elementor-widget-heading\" data-id=\"eae14b5\" data-element_type=\"widget\" data-widget_type=\"heading.default\">\n\t\t\t\t<div class=\"elementor-widget-container\">\n\t\t\t<h2 class=\"elementor-heading-title elementor-size-default\">1 - Wizard pen<\/h2>\t\t<\/div>\n\t\t\t\t<\/div>\n\t\t\t\t<div class=\"elementor-element elementor-element-b155cc1 elementor-widget elementor-widget-text-editor\" data-id=\"b155cc1\" data-element_type=\"widget\" data-widget_type=\"text-editor.default\">\n\t\t\t\t<div class=\"elementor-widget-container\">\n\t\t\t\t\t\t\t<p>Elimina las rayas \/ suciedad dejadas por las carrocer\u00edas de otros coches y cualquier mancha indebida, incluso en carrocer\u00edas rebeldes.<\/p>\n\t\t\t\t\t\t<\/div>\n\t\t\t\t<\/div>\n\t\t\t\t<div class=\"elementor-element elementor-element-d7ff891 elementor-widget elementor-widget-heading\" data-id=\"d7ff891\" data-element_type=\"widget\" data-widget_type=\"heading.default\">\n\t\t\t\t<div class=\"elementor-widget-container\">\n\t\t\t<h2 class=\"elementor-heading-title elementor-size-default\">2 - Paint pen fine<\/h2>\t\t<\/div>\n\t\t\t\t<\/div>\n\t\t\t\t<div class=\"elementor-element elementor-element-0cf5b76 elementor-widget elementor-widget-text-editor\" data-id=\"0cf5b76\" data-element_type=\"widget\" data-widget_type=\"text-editor.default\">\n\t\t\t\t<div class=\"elementor-widget-container\">\n\t\t\t\t\t\t\t<p>Rotulador con pintura profesional en el interior con el color espec\u00edfico de tu carrocer\u00eda.<\/p>\n<p>Su punta fina permite una excelente precisi\u00f3n en los rasgu\u00f1os m\u00e1s peque\u00f1os.<\/p>\n\t\t\t\t\t\t<\/div>\n\t\t\t\t<\/div>\n\t\t\t\t\t<\/div>\n\t\t<\/div>\n\t\t\t\t\t<\/div>\n\t\t<\/section>\n\t\t\t\t<section class=\"elementor-section elementor-top-section elementor-element elementor-element-9dc44be elementor-section-full_width elementor-section-height-default elementor-section-height-default\" data-id=\"9dc44be\" data-element_type=\"section\">\n\t\t\t\t\t\t<div class=\"elementor-container elementor-column-gap-no\">\n\t\t\t\t\t<div class=\"elementor-column elementor-col-50 elementor-top-column elementor-element elementor-element-cb76f41\" data-id=\"cb76f41\" data-element_type=\"column\">\n\t\t\t<div class=\"elementor-widget-wrap elementor-element-populated\">\n\t\t\t\t\t\t<div class=\"elementor-element elementor-element-22108de elementor-widget elementor-widget-heading\" data-id=\"22108de\" data-element_type=\"widget\" data-widget_type=\"heading.default\">\n\t\t\t\t<div class=\"elementor-widget-container\">\n\t\t\t<h2 class=\"elementor-heading-title elementor-size-default\">3 - Paint pen medio<\/h2>\t\t<\/div>\n\t\t\t\t<\/div>\n\t\t\t\t<div class=\"elementor-element elementor-element-35f7b1b elementor-widget elementor-widget-text-editor\" data-id=\"35f7b1b\" data-element_type=\"widget\" data-widget_type=\"text-editor.default\">\n\t\t\t\t<div class=\"elementor-widget-container\">\n\t\t\t\t\t\t\t<p>Marcador de pintura de retoque original con punta mediana<br \/>\nProducto adecuado para retoques de tama\u00f1o medio, su punta especial permite aplicar la pintura de retoque original en grandes superficies (\u00e1rea m\u00e1xima del tama\u00f1o de una moneda de 2 euros) sin sacrificar demasiada precisi\u00f3n.<\/p>\n\t\t\t\t\t\t<\/div>\n\t\t\t\t<\/div>\n\t\t\t\t<div class=\"elementor-element elementor-element-6171e2e elementor-widget elementor-widget-heading\" data-id=\"6171e2e\" data-element_type=\"widget\" data-widget_type=\"heading.default\">\n\t\t\t\t<div class=\"elementor-widget-container\">\n\t\t\t<h2 class=\"elementor-heading-title elementor-size-default\">4 - Paint pen clearcoat<\/h2>\t\t<\/div>\n\t\t\t\t<\/div>\n\t\t\t\t<div class=\"elementor-element elementor-element-cd67ef3 elementor-widget elementor-widget-text-editor\" data-id=\"cd67ef3\" data-element_type=\"widget\" data-widget_type=\"text-editor.default\">\n\t\t\t\t<div class=\"elementor-widget-container\">\n\t\t\t\t\t\t\t<p>Marcador de pintura transparente original, da transparencia y brillo a tu retoque y cubre los peque\u00f1os rayones de la primera capa de la superficie transparente de la carrocer\u00eda.<\/p>\n<p>(Ray\u00f3n que a\u00fan no ha afectado a la segunda capa de color de la carrocer\u00eda)<\/p>\n\t\t\t\t\t\t<\/div>\n\t\t\t\t<\/div>\n\t\t\t\t\t<\/div>\n\t\t<\/div>\n\t\t\t\t<div class=\"elementor-column elementor-col-50 elementor-top-column elementor-element elementor-element-def13ac\" data-id=\"def13ac\" data-element_type=\"column\">\n\t\t\t<div class=\"elementor-widget-wrap\">\n\t\t\t\t\t\t\t<\/div>\n\t\t<\/div>\n\t\t\t\t\t<\/div>\n\t\t<\/section>\n\t\t\t\t<\/div>\n\t\t","protected":false},"excerpt":{"rendered":"<p>Como funciona Nuestros kits EasyTouchUp Te permiten retocar tu coche en unos sencillos pasos: Los kits son 3: 1 &#8211; Est\u00e1ndar | 2 &#8211; Medio | 3 &#8211; Profesional El kit que contiene todos los productos y que recomendamos es el Professional: \u00a14 productos para una intervenci\u00f3n profesional! 1 &#8211; Wizard pen Elimina las rayas [&hellip;]<\/p>\n","protected":false},"author":1,"featured_media":0,"parent":0,"menu_order":0,"comment_status":"closed","ping_status":"closed","template":"","meta":{"_acf_changed":false,"footnotes":""},"class_list":["post-5386","page","type-page","status-publish","hentry"],"acf":[],"yoast_head":"<!-- This site is optimized with the Yoast SEO plugin v23.9 - https:\/\/yoast.com\/wordpress\/plugins\/seo\/ -->\n<title>Come funziona - Composizione del kit - Easytouchup<\/title>\n<meta name=\"robots\" content=\"index, follow, max-snippet:-1, max-image-preview:large, max-video-preview:-1\" \/>\n<link rel=\"canonical\" href=\"https:\/\/easytouchup.eu\/es\/como-funciona\/\" \/>\n<meta property=\"og:locale\" content=\"es_ES\" \/>\n<meta property=\"og:type\" content=\"article\" \/>\n<meta property=\"og:title\" content=\"Come funziona - Composizione del kit - Easytouchup\" \/>\n<meta property=\"og:description\" content=\"Como funciona Nuestros kits EasyTouchUp Te permiten retocar tu coche en unos sencillos pasos: Los kits son 3: 1 &#8211; Est\u00e1ndar | 2 &#8211; Medio | 3 &#8211; Profesional El kit que contiene todos los productos y que recomendamos es el Professional: \u00a14 productos para una intervenci\u00f3n profesional! 1 &#8211; Wizard pen Elimina las rayas [&hellip;]\" \/>\n<meta property=\"og:url\" content=\"https:\/\/easytouchup.eu\/es\/como-funciona\/\" \/>\n<meta property=\"og:site_name\" content=\"Easytouchup\" \/>\n<meta property=\"article:modified_time\" content=\"2021-11-23T13:39:36+00:00\" \/>\n<meta property=\"og:image\" content=\"https:\/\/easytouchup.eu\/wp-content\/uploads\/2021\/04\/kit-sm.jpeg\" \/>\n<meta name=\"twitter:card\" content=\"summary_large_image\" \/>\n<meta name=\"twitter:label1\" content=\"Tiempo de lectura\" \/>\n\t<meta name=\"twitter:data1\" content=\"1 minuto\" \/>\n<script type=\"application\/ld+json\" class=\"yoast-schema-graph\">{\"@context\":\"https:\/\/schema.org\",\"@graph\":[{\"@type\":\"WebPage\",\"@id\":\"https:\/\/easytouchup.eu\/es\/como-funciona\/\",\"url\":\"https:\/\/easytouchup.eu\/es\/como-funciona\/\",\"name\":\"Come funziona - Composizione del kit - Easytouchup\",\"isPartOf\":{\"@id\":\"https:\/\/easytouchup.eu\/es\/#website\"},\"primaryImageOfPage\":{\"@id\":\"https:\/\/easytouchup.eu\/es\/como-funciona\/#primaryimage\"},\"image\":{\"@id\":\"https:\/\/easytouchup.eu\/es\/como-funciona\/#primaryimage\"},\"thumbnailUrl\":\"https:\/\/easytouchup.eu\/wp-content\/uploads\/2021\/04\/kit-sm.jpeg\",\"datePublished\":\"2021-08-30T10:22:01+00:00\",\"dateModified\":\"2021-11-23T13:39:36+00:00\",\"breadcrumb\":{\"@id\":\"https:\/\/easytouchup.eu\/es\/como-funciona\/#breadcrumb\"},\"inLanguage\":\"es\",\"potentialAction\":[{\"@type\":\"ReadAction\",\"target\":[\"https:\/\/easytouchup.eu\/es\/como-funciona\/\"]}]},{\"@type\":\"ImageObject\",\"inLanguage\":\"es\",\"@id\":\"https:\/\/easytouchup.eu\/es\/como-funciona\/#primaryimage\",\"url\":\"https:\/\/easytouchup.eu\/wp-content\/uploads\/2021\/04\/kit-sm.jpeg\",\"contentUrl\":\"https:\/\/easytouchup.eu\/wp-content\/uploads\/2021\/04\/kit-sm.jpeg\"},{\"@type\":\"BreadcrumbList\",\"@id\":\"https:\/\/easytouchup.eu\/es\/como-funciona\/#breadcrumb\",\"itemListElement\":[{\"@type\":\"ListItem\",\"position\":1,\"name\":\"Home\",\"item\":\"https:\/\/easytouchup.eu\/es\/\"},{\"@type\":\"ListItem\",\"position\":2,\"name\":\"Come funziona &#8211; Composizione del kit\"}]},{\"@type\":\"WebSite\",\"@id\":\"https:\/\/easytouchup.eu\/es\/#website\",\"url\":\"https:\/\/easytouchup.eu\/es\/\",\"name\":\"Easytouchup\",\"description\":\"\",\"potentialAction\":[{\"@type\":\"SearchAction\",\"target\":{\"@type\":\"EntryPoint\",\"urlTemplate\":\"https:\/\/easytouchup.eu\/es\/?s={search_term_string}\"},\"query-input\":{\"@type\":\"PropertyValueSpecification\",\"valueRequired\":true,\"valueName\":\"search_term_string\"}}],\"inLanguage\":\"es\"}]}<\/script>\n<!-- \/ Yoast SEO plugin. -->","yoast_head_json":{"title":"Come funziona - Composizione del kit - Easytouchup","robots":{"index":"index","follow":"follow","max-snippet":"max-snippet:-1","max-image-preview":"max-image-preview:large","max-video-preview":"max-video-preview:-1"},"canonical":"https:\/\/easytouchup.eu\/es\/como-funciona\/","og_locale":"es_ES","og_type":"article","og_title":"Come funziona - Composizione del kit - Easytouchup","og_description":"Como funciona Nuestros kits EasyTouchUp Te permiten retocar tu coche en unos sencillos pasos: Los kits son 3: 1 &#8211; Est\u00e1ndar | 2 &#8211; Medio | 3 &#8211; Profesional El kit que contiene todos los productos y que recomendamos es el Professional: \u00a14 productos para una intervenci\u00f3n profesional! 1 &#8211; Wizard pen Elimina las rayas [&hellip;]","og_url":"https:\/\/easytouchup.eu\/es\/como-funciona\/","og_site_name":"Easytouchup","article_modified_time":"2021-11-23T13:39:36+00:00","og_image":[{"url":"https:\/\/easytouchup.eu\/wp-content\/uploads\/2021\/04\/kit-sm.jpeg"}],"twitter_card":"summary_large_image","twitter_misc":{"Tiempo de lectura":"1 minuto"},"schema":{"@context":"https:\/\/schema.org","@graph":[{"@type":"WebPage","@id":"https:\/\/easytouchup.eu\/es\/como-funciona\/","url":"https:\/\/easytouchup.eu\/es\/como-funciona\/","name":"Come funziona - Composizione del kit - Easytouchup","isPartOf":{"@id":"https:\/\/easytouchup.eu\/es\/#website"},"primaryImageOfPage":{"@id":"https:\/\/easytouchup.eu\/es\/como-funciona\/#primaryimage"},"image":{"@id":"https:\/\/easytouchup.eu\/es\/como-funciona\/#primaryimage"},"thumbnailUrl":"https:\/\/easytouchup.eu\/wp-content\/uploads\/2021\/04\/kit-sm.jpeg","datePublished":"2021-08-30T10:22:01+00:00","dateModified":"2021-11-23T13:39:36+00:00","breadcrumb":{"@id":"https:\/\/easytouchup.eu\/es\/como-funciona\/#breadcrumb"},"inLanguage":"es","potentialAction":[{"@type":"ReadAction","target":["https:\/\/easytouchup.eu\/es\/como-funciona\/"]}]},{"@type":"ImageObject","inLanguage":"es","@id":"https:\/\/easytouchup.eu\/es\/como-funciona\/#primaryimage","url":"https:\/\/easytouchup.eu\/wp-content\/uploads\/2021\/04\/kit-sm.jpeg","contentUrl":"https:\/\/easytouchup.eu\/wp-content\/uploads\/2021\/04\/kit-sm.jpeg"},{"@type":"BreadcrumbList","@id":"https:\/\/easytouchup.eu\/es\/como-funciona\/#breadcrumb","itemListElement":[{"@type":"ListItem","position":1,"name":"Home","item":"https:\/\/easytouchup.eu\/es\/"},{"@type":"ListItem","position":2,"name":"Come funziona &#8211; Composizione del kit"}]},{"@type":"WebSite","@id":"https:\/\/easytouchup.eu\/es\/#website","url":"https:\/\/easytouchup.eu\/es\/","name":"Easytouchup","description":"","potentialAction":[{"@type":"SearchAction","target":{"@type":"EntryPoint","urlTemplate":"https:\/\/easytouchup.eu\/es\/?s={search_term_string}"},"query-input":{"@type":"PropertyValueSpecification","valueRequired":true,"valueName":"search_term_string"}}],"inLanguage":"es"}]}},"_links":{"self":[{"href":"https:\/\/easytouchup.eu\/es\/wp-json\/wp\/v2\/pages\/5386","targetHints":{"allow":["GET"]}}],"collection":[{"href":"https:\/\/easytouchup.eu\/es\/wp-json\/wp\/v2\/pages"}],"about":[{"href":"https:\/\/easytouchup.eu\/es\/wp-json\/wp\/v2\/types\/page"}],"author":[{"embeddable":true,"href":"https:\/\/easytouchup.eu\/es\/wp-json\/wp\/v2\/users\/1"}],"replies":[{"embeddable":true,"href":"https:\/\/easytouchup.eu\/es\/wp-json\/wp\/v2\/comments?post=5386"}],"version-history":[{"count":5,"href":"https:\/\/easytouchup.eu\/es\/wp-json\/wp\/v2\/pages\/5386\/revisions"}],"predecessor-version":[{"id":6731,"href":"https:\/\/easytouchup.eu\/es\/wp-json\/wp\/v2\/pages\/5386\/revisions\/6731"}],"wp:attachment":[{"href":"https:\/\/easytouchup.eu\/es\/wp-json\/wp\/v2\/media?parent=5386"}],"curies":[{"name":"wp","href":"https:\/\/api.w.org\/{rel}","templated":true}]}}