{"id":5388,"date":"2021-08-30T12:25:36","date_gmt":"2021-08-30T10:25:36","guid":{"rendered":"https:\/\/easytouchup.eu\/condizioni-generali-di-vendita-cookie-law\/"},"modified":"2021-11-11T09:50:52","modified_gmt":"2021-11-11T08:50:52","slug":"condiciones-generales","status":"publish","type":"page","link":"https:\/\/easytouchup.eu\/es\/condiciones-generales\/","title":{"rendered":"Condizioni generali di vendita &#8211; Cookie law"},"content":{"rendered":"\t\t<div data-elementor-type=\"wp-page\" data-elementor-id=\"5388\" class=\"elementor elementor-5388 elementor-61\" data-elementor-post-type=\"page\">\n\t\t\t\t\t\t<section class=\"elementor-section elementor-top-section elementor-element elementor-element-38801d7 elementor-section-boxed elementor-section-height-default elementor-section-height-default\" data-id=\"38801d7\" data-element_type=\"section\" data-settings=\"{&quot;background_background&quot;:&quot;classic&quot;,&quot;shape_divider_bottom&quot;:&quot;waves&quot;}\">\n\t\t\t\t\t\t\t<div class=\"elementor-background-overlay\"><\/div>\n\t\t\t\t\t\t<div class=\"elementor-shape elementor-shape-bottom\" data-negative=\"false\">\n\t\t\t<svg xmlns=\"http:\/\/www.w3.org\/2000\/svg\" viewBox=\"0 0 1000 100\" preserveAspectRatio=\"none\">\n\t<path class=\"elementor-shape-fill\" d=\"M421.9,6.5c22.6-2.5,51.5,0.4,75.5,5.3c23.6,4.9,70.9,23.5,100.5,35.7c75.8,32.2,133.7,44.5,192.6,49.7\n\tc23.6,2.1,48.7,3.5,103.4-2.5c54.7-6,106.2-25.6,106.2-25.6V0H0v30.3c0,0,72,32.6,158.4,30.5c39.2-0.7,92.8-6.7,134-22.4\n\tc21.2-8.1,52.2-18.2,79.7-24.2C399.3,7.9,411.6,7.5,421.9,6.5z\"\/>\n<\/svg>\t\t<\/div>\n\t\t\t\t\t<div class=\"elementor-container elementor-column-gap-default\">\n\t\t\t\t\t<div class=\"elementor-column elementor-col-100 elementor-top-column elementor-element elementor-element-648ac5e\" data-id=\"648ac5e\" data-element_type=\"column\">\n\t\t\t<div class=\"elementor-widget-wrap elementor-element-populated\">\n\t\t\t\t\t\t<div class=\"elementor-element elementor-element-b9b93fc elementor-widget elementor-widget-heading\" data-id=\"b9b93fc\" data-element_type=\"widget\" data-widget_type=\"heading.default\">\n\t\t\t\t<div class=\"elementor-widget-container\">\n\t\t\t<h2 class=\"elementor-heading-title elementor-size-default\">Condiciones generales de venta - ley de cookies<\/h2>\t\t<\/div>\n\t\t\t\t<\/div>\n\t\t\t\t\t<\/div>\n\t\t<\/div>\n\t\t\t\t\t<\/div>\n\t\t<\/section>\n\t\t\t\t<section class=\"elementor-section elementor-top-section elementor-element elementor-element-7eee2fd elementor-section-boxed elementor-section-height-default elementor-section-height-default\" data-id=\"7eee2fd\" data-element_type=\"section\">\n\t\t\t\t\t\t<div class=\"elementor-container elementor-column-gap-default\">\n\t\t\t\t\t<div class=\"elementor-column elementor-col-100 elementor-top-column elementor-element elementor-element-1845bb5\" data-id=\"1845bb5\" data-element_type=\"column\">\n\t\t\t<div class=\"elementor-widget-wrap elementor-element-populated\">\n\t\t\t\t\t\t<div class=\"elementor-element elementor-element-640b3c0 elementor-widget elementor-widget-breadcrumbs\" data-id=\"640b3c0\" data-element_type=\"widget\" data-widget_type=\"breadcrumbs.default\">\n\t\t\t\t<div class=\"elementor-widget-container\">\n\t\t\t<p id=\"breadcrumbs\"><span><span><a href=\"https:\/\/easytouchup.eu\/es\/\">Home<\/a><\/span><\/span><\/p>\t\t<\/div>\n\t\t\t\t<\/div>\n\t\t\t\t\t<\/div>\n\t\t<\/div>\n\t\t\t\t\t<\/div>\n\t\t<\/section>\n\t\t\t\t<section class=\"elementor-section elementor-top-section elementor-element elementor-element-e5db688 elementor-section-boxed elementor-section-height-default elementor-section-height-default\" data-id=\"e5db688\" data-element_type=\"section\">\n\t\t\t\t\t\t<div class=\"elementor-container elementor-column-gap-default\">\n\t\t\t\t\t<div class=\"elementor-column elementor-col-100 elementor-top-column elementor-element elementor-element-5eeaca6\" data-id=\"5eeaca6\" data-element_type=\"column\">\n\t\t\t<div class=\"elementor-widget-wrap elementor-element-populated\">\n\t\t\t\t\t\t<div class=\"elementor-element elementor-element-2e49e52 elementor-widget elementor-widget-text-editor\" data-id=\"2e49e52\" data-element_type=\"widget\" data-widget_type=\"text-editor.default\">\n\t\t\t\t<div class=\"elementor-widget-container\">\n\t\t\t\t\t\t\t<h1 id = \"ezPagesHeading\"> Condiciones generales de venta &#8211; Ley de cookies <\/h1>\n<div>\n<p> <strong> General <\/strong> <br \/> el vendedor es la empresa italiana <br \/> Fiabacolor srl < br \/> Via S.Brigida, 41 <br \/> 10060 Roletto (To) &#8211; Italia <br \/> CIF 10036080017 <\/p>\n<p> <strong> En adelante \u00abVendedor\u00bb <\/strong> <br \/> Web direcci\u00f3n: <a href=\"http:\/\/www.easytouchup.eu\/\"> www.easytouchup.eu <\/a> <br \/> Atenci\u00f3n al cliente: <a href = \"mailto: info @ easytouchup .eu \"> info @ easytouchup.eu <\/a> <\/p>\n<p> <strong> Conclusi\u00f3n del contrato \/ m\u00e9todo de pedido <\/strong> <br \/> Con la ayuda de nuestros portales de Internet, tendr\u00e1 la oportunidad de solicitar nuestros art\u00edculos por tel\u00e9fono , internet o fax. Tan pronto como haya completado y enviado su pedido de los art\u00edculos que ha elegido, su pedido ser\u00e1 vinculante. Los pedidos por tel\u00e9fono, as\u00ed como los realizados por fax o internet, tienen el mismo valor legal. Al realizar su pedido, declara que acepta las condiciones generales y que desea adquirir los art\u00edculos que ha elegido. Le enviaremos una confirmaci\u00f3n de pedido. Sin embargo, la confirmaci\u00f3n del pedido no implica la aceptaci\u00f3n del mismo. El contrato ser\u00e1 vinculante a la recepci\u00f3n de la mercanc\u00eda y, a m\u00e1s tardar, al vencimiento del derecho de desistimiento de 10 d\u00edas, sujeto a exclusiones. <\/p>\n<p> <strong> Derecho de desistimiento <\/strong> <br \/ > El derecho de desistimiento est\u00e1 regulado por el decreto legislativo del 6 de septiembre de 2005 n. 206, es posible revocar el contrato dentro de los 10 d\u00edas siguientes a la entrega de la mercanc\u00eda. La revocaci\u00f3n debe recibirse por escrito, por ejemplo, por correo o fax. <\/p>\n<p> <strong> Dirija el retiro a: <\/strong> <br \/> correo electr\u00f3nico: <a href = \"mailto: info @ easytouchup.eu \"> info@easytouchup.eu <\/a> o <br \/> fax: 0039031 62 71 22 o <br \/> Fiabacolor Srl Via S.Brigida 41 10060 Roletto (Tur\u00edn) Italia <br \/> Ai De conformidad con el art\u00edculo 55 p\u00e1rrafo segundo letra C, del cual reproducimos el texto en su totalidad, el derecho de desistimiento no se aplica a los productos elaborados a pedido espec\u00edfico del cliente, quien para estos productos proporcionar\u00e1 los datos que personalizan los mismos. haci\u00e9ndolo exclusivo. Los gastos de env\u00edo no son reembolsables. <br \/> <strong> Exclusiones <\/strong> <br \/> 1. No se aplica el derecho de desistimiento previsto en los art\u00edculos 64 y siguientes, as\u00ed como los art\u00edculos 52 y 53 y el apartado 1 del art\u00edculo 54: <\/p>\n<p> a) a los contratos de suministro de alimentos, bebidas u otros bienes para uso dom\u00e9stico de consumo corriente suministrados al domicilio del consumidor, lugar de residencia o lugar de trabajo, por distribuidores que realizan rondas frecuentes y regulares; <br \/> b) a contratos de suministro de servicios relacionados con alojamiento, transporte, restauraci\u00f3n , ocio, cuando en el momento de la celebraci\u00f3n del contrato el profesional se compromete a prestar estos servicios en una fecha determinada o en un plazo predeterminado. <br \/> 2. Salvo pacto en contrario entre las partes, el consumidor no podr\u00e1 ejercitar el derecho de desistimiento previsto en los art\u00edculos 64 y siguientes en los supuestos: <br \/> a) para la prestaci\u00f3n de servicios cuya ejecuci\u00f3n haya comenzado, con el acuerdo del consumidor, antes del vencimiento del plazo previsto en el art\u00edculo 64, p\u00e1rrafo 1; <br \/> b) para el suministro de bienes o servicios cuyo precio est\u00e9 vinculado a fluctuaciones en las tarifas del mercado financiero que el profesional no pueda controlar; <br \/ > c) el suministro de bienes realizados a medida o claramente personalizados o que, por su naturaleza, no puedan ser devueltos o puedan deteriorarse o caducar r\u00e1pidamente; <br \/> d) el suministro de productos audiovisuales o software inform\u00e1tico sellado, abierto por el consumidor; <br \/> e) para el suministro de peri\u00f3dicos, publicaciones peri\u00f3dicas y revistas. <br \/> f) para servicios de apuestas y loter\u00edas. <\/p>\n<p> <strong> Sitios web: responsabilidad en caso de defectos <\/ fuerte> <br \/> El dise\u00f1o de nuestros sitios web se realiza de acuerdo con los criterios de la &#8216;agencia. No podemos garantizar que nuestros sitios web satisfagan todas las necesidades de los clientes y que sean accesibles las 24 horas del d\u00eda, sin interrupciones, de forma segura y sin errores. El uso de los sitios web es responsabilidad del cliente. No asumimos ninguna responsabilidad por los efectos causados \u200b\u200bpor el uso del sitio web y por la veracidad de la informaci\u00f3n obtenida de nuestros sitios web. <br \/> Protecci\u00f3n de la propiedad intelectual <br \/> El corpus de textos, sonidos, im\u00e1genes, gr\u00e1ficos, Las animaciones, los videoclips y su disposici\u00f3n en nuestros sitios web est\u00e1n protegidos por derechos de autor. El contenido de las p\u00e1ginas web no puede ser copiado, difundido, modificado o puesto a disposici\u00f3n de terceros. Algunos de nuestros sitios web contienen im\u00e1genes con derechos de autor de terceros. A menos que se indique lo contrario, las marcas registradas en nuestras p\u00e1ginas web est\u00e1n protegidas por la ley de marcas registradas. No se otorgar\u00e1 ninguna licencia en nuestros sitios web para el uso de propiedad intelectual por parte nuestra o de terceros. <\/p>\n<p> <strong> Obligaci\u00f3n de informaci\u00f3n <\/strong> <br \/> Si desea registrarse en uno de nuestros sitios web, se le solicitar\u00e1n sus datos personales. Los datos que proporciones quedar\u00e1n registrados. Ser\u00e1 posible modificar los datos durante o despu\u00e9s del pedido; simplemente haga clic en: \u00abMi pedido\u00bb o \u00abContacto\u00bb (seg\u00fan el sitio web que haya visitado). Despu\u00e9s de registrarse, se le asignar\u00e1 una contrase\u00f1a y un nombre de usuario. Debe asegurarse de que la contrase\u00f1a y el nombre de usuario que ha elegido no sean accesibles para terceros. Debe informarnos de cualquier uso indebido de su contrase\u00f1a o cuenta. Ambas partes contractuales tienen derecho a cerrar la cuenta sin tener que indicar el motivo. En este caso, Fiabacolor congelar\u00eda o eliminar\u00eda todos los datos que usted proporcion\u00f3. <\/p>\n<p> <strong> Ley <\/strong> <br \/> Este contrato est\u00e1 sujeto a la ley italiana. El idioma de este contrato es el italiano. <br \/> La jurisdicci\u00f3n es el Tribunal de Pinerolo. No est\u00e1 permitido hacer uso de la legislaci\u00f3n comercial de la Uni\u00f3n Europea (acuerdo contractual relativo a la venta internacional de art\u00edculos de fecha 11\/04\/1980) <\/p>\n<p> <strong> Cookie Low <\/strong> <\/p>\n<p> < p> Para nuestro sitio web utilizamos \u00abcookies\u00bb; Las \u00abcookies\u00bb son peque\u00f1os archivos de texto que el navegador almacena en su computadora. El prop\u00f3sito de las cookies es reconocer la configuraci\u00f3n individual de su sesi\u00f3n y los datos de acceso en forma encriptada para permitir el inicio de sesi\u00f3n autom\u00e1tico en el \u00c1rea Privada. Con respecto a las importaciones del navegador, tiene la opci\u00f3n de rechazar las cookies, eliminarlas o bloquearlas. <\/p>\n<p> Uso de Google Analytics: Para analizar los datos web, utilizamos Google Analytics, una herramienta de an\u00e1lisis desarrollada por Google Inc. Google Analytics utiliza las llamadas \u00abcookies\u00bb, archivos de texto guardados en su computadora, para determinar la sesi\u00f3n del usuario y proporcionar informes de an\u00e1lisis. La informaci\u00f3n creada por la cookie (incluida su direcci\u00f3n IP) se env\u00eda a Google (EE. UU.) De forma segura y se guarda en sus servidores. <\/p>\n<\/p><\/div>\n\t\t\t\t\t\t<\/div>\n\t\t\t\t<\/div>\n\t\t\t\t\t<\/div>\n\t\t<\/div>\n\t\t\t\t\t<\/div>\n\t\t<\/section>\n\t\t\t\t<\/div>\n\t\t","protected":false},"excerpt":{"rendered":"<p>Condiciones generales de venta &#8211; ley de cookies Condiciones generales de venta &#8211; Ley de cookies General el vendedor es la empresa italiana Fiabacolor srl &lt; br \/&gt; Via S.Brigida, 41 10060 Roletto (To) &#8211; Italia CIF 10036080017 En adelante \u00abVendedor\u00bb Web direcci\u00f3n: www.easytouchup.eu Atenci\u00f3n al cliente: info @ easytouchup.eu Conclusi\u00f3n del contrato \/ m\u00e9todo [&hellip;]<\/p>\n","protected":false},"author":1,"featured_media":0,"parent":0,"menu_order":0,"comment_status":"closed","ping_status":"closed","template":"","meta":{"_acf_changed":false,"footnotes":""},"class_list":["post-5388","page","type-page","status-publish","hentry"],"acf":[],"yoast_head":"<!-- This site is optimized with the Yoast SEO plugin v23.9 - https:\/\/yoast.com\/wordpress\/plugins\/seo\/ -->\n<title>Condizioni generali di vendita - Cookie law - Easytouchup<\/title>\n<meta name=\"robots\" content=\"index, follow, max-snippet:-1, max-image-preview:large, max-video-preview:-1\" \/>\n<link rel=\"canonical\" href=\"https:\/\/easytouchup.eu\/es\/condiciones-generales\/\" \/>\n<meta property=\"og:locale\" content=\"es_ES\" \/>\n<meta property=\"og:type\" content=\"article\" \/>\n<meta property=\"og:title\" content=\"Condizioni generali di vendita - Cookie law - Easytouchup\" \/>\n<meta property=\"og:description\" content=\"Condiciones generales de venta &#8211; ley de cookies Condiciones generales de venta &#8211; Ley de cookies General el vendedor es la empresa italiana Fiabacolor srl &lt; br \/&gt; Via S.Brigida, 41 10060 Roletto (To) &#8211; Italia CIF 10036080017 En adelante \u00abVendedor\u00bb Web direcci\u00f3n: www.easytouchup.eu Atenci\u00f3n al cliente: info @ easytouchup.eu Conclusi\u00f3n del contrato \/ m\u00e9todo [&hellip;]\" \/>\n<meta property=\"og:url\" content=\"https:\/\/easytouchup.eu\/es\/condiciones-generales\/\" \/>\n<meta property=\"og:site_name\" content=\"Easytouchup\" \/>\n<meta property=\"article:modified_time\" content=\"2021-11-11T08:50:52+00:00\" \/>\n<meta name=\"twitter:card\" content=\"summary_large_image\" \/>\n<meta name=\"twitter:label1\" content=\"Tiempo de lectura\" \/>\n\t<meta name=\"twitter:data1\" content=\"6 minutos\" \/>\n<script type=\"application\/ld+json\" class=\"yoast-schema-graph\">{\"@context\":\"https:\/\/schema.org\",\"@graph\":[{\"@type\":\"WebPage\",\"@id\":\"https:\/\/easytouchup.eu\/es\/condiciones-generales\/\",\"url\":\"https:\/\/easytouchup.eu\/es\/condiciones-generales\/\",\"name\":\"Condizioni generali di vendita - Cookie law - Easytouchup\",\"isPartOf\":{\"@id\":\"https:\/\/easytouchup.eu\/es\/#website\"},\"datePublished\":\"2021-08-30T10:25:36+00:00\",\"dateModified\":\"2021-11-11T08:50:52+00:00\",\"breadcrumb\":{\"@id\":\"https:\/\/easytouchup.eu\/es\/condiciones-generales\/#breadcrumb\"},\"inLanguage\":\"es\",\"potentialAction\":[{\"@type\":\"ReadAction\",\"target\":[\"https:\/\/easytouchup.eu\/es\/condiciones-generales\/\"]}]},{\"@type\":\"BreadcrumbList\",\"@id\":\"https:\/\/easytouchup.eu\/es\/condiciones-generales\/#breadcrumb\",\"itemListElement\":[{\"@type\":\"ListItem\",\"position\":1,\"name\":\"Home\",\"item\":\"https:\/\/easytouchup.eu\/es\/\"},{\"@type\":\"ListItem\",\"position\":2,\"name\":\"Condizioni generali di vendita &#8211; Cookie law\"}]},{\"@type\":\"WebSite\",\"@id\":\"https:\/\/easytouchup.eu\/es\/#website\",\"url\":\"https:\/\/easytouchup.eu\/es\/\",\"name\":\"Easytouchup\",\"description\":\"\",\"potentialAction\":[{\"@type\":\"SearchAction\",\"target\":{\"@type\":\"EntryPoint\",\"urlTemplate\":\"https:\/\/easytouchup.eu\/es\/?s={search_term_string}\"},\"query-input\":{\"@type\":\"PropertyValueSpecification\",\"valueRequired\":true,\"valueName\":\"search_term_string\"}}],\"inLanguage\":\"es\"}]}<\/script>\n<!-- \/ Yoast SEO plugin. -->","yoast_head_json":{"title":"Condizioni generali di vendita - Cookie law - Easytouchup","robots":{"index":"index","follow":"follow","max-snippet":"max-snippet:-1","max-image-preview":"max-image-preview:large","max-video-preview":"max-video-preview:-1"},"canonical":"https:\/\/easytouchup.eu\/es\/condiciones-generales\/","og_locale":"es_ES","og_type":"article","og_title":"Condizioni generali di vendita - Cookie law - Easytouchup","og_description":"Condiciones generales de venta &#8211; ley de cookies Condiciones generales de venta &#8211; Ley de cookies General el vendedor es la empresa italiana Fiabacolor srl &lt; br \/&gt; Via S.Brigida, 41 10060 Roletto (To) &#8211; Italia CIF 10036080017 En adelante \u00abVendedor\u00bb Web direcci\u00f3n: www.easytouchup.eu Atenci\u00f3n al cliente: info @ easytouchup.eu Conclusi\u00f3n del contrato \/ m\u00e9todo [&hellip;]","og_url":"https:\/\/easytouchup.eu\/es\/condiciones-generales\/","og_site_name":"Easytouchup","article_modified_time":"2021-11-11T08:50:52+00:00","twitter_card":"summary_large_image","twitter_misc":{"Tiempo de lectura":"6 minutos"},"schema":{"@context":"https:\/\/schema.org","@graph":[{"@type":"WebPage","@id":"https:\/\/easytouchup.eu\/es\/condiciones-generales\/","url":"https:\/\/easytouchup.eu\/es\/condiciones-generales\/","name":"Condizioni generali di vendita - Cookie law - Easytouchup","isPartOf":{"@id":"https:\/\/easytouchup.eu\/es\/#website"},"datePublished":"2021-08-30T10:25:36+00:00","dateModified":"2021-11-11T08:50:52+00:00","breadcrumb":{"@id":"https:\/\/easytouchup.eu\/es\/condiciones-generales\/#breadcrumb"},"inLanguage":"es","potentialAction":[{"@type":"ReadAction","target":["https:\/\/easytouchup.eu\/es\/condiciones-generales\/"]}]},{"@type":"BreadcrumbList","@id":"https:\/\/easytouchup.eu\/es\/condiciones-generales\/#breadcrumb","itemListElement":[{"@type":"ListItem","position":1,"name":"Home","item":"https:\/\/easytouchup.eu\/es\/"},{"@type":"ListItem","position":2,"name":"Condizioni generali di vendita &#8211; Cookie law"}]},{"@type":"WebSite","@id":"https:\/\/easytouchup.eu\/es\/#website","url":"https:\/\/easytouchup.eu\/es\/","name":"Easytouchup","description":"","potentialAction":[{"@type":"SearchAction","target":{"@type":"EntryPoint","urlTemplate":"https:\/\/easytouchup.eu\/es\/?s={search_term_string}"},"query-input":{"@type":"PropertyValueSpecification","valueRequired":true,"valueName":"search_term_string"}}],"inLanguage":"es"}]}},"_links":{"self":[{"href":"https:\/\/easytouchup.eu\/es\/wp-json\/wp\/v2\/pages\/5388","targetHints":{"allow":["GET"]}}],"collection":[{"href":"https:\/\/easytouchup.eu\/es\/wp-json\/wp\/v2\/pages"}],"about":[{"href":"https:\/\/easytouchup.eu\/es\/wp-json\/wp\/v2\/types\/page"}],"author":[{"embeddable":true,"href":"https:\/\/easytouchup.eu\/es\/wp-json\/wp\/v2\/users\/1"}],"replies":[{"embeddable":true,"href":"https:\/\/easytouchup.eu\/es\/wp-json\/wp\/v2\/comments?post=5388"}],"version-history":[{"count":2,"href":"https:\/\/easytouchup.eu\/es\/wp-json\/wp\/v2\/pages\/5388\/revisions"}],"predecessor-version":[{"id":6185,"href":"https:\/\/easytouchup.eu\/es\/wp-json\/wp\/v2\/pages\/5388\/revisions\/6185"}],"wp:attachment":[{"href":"https:\/\/easytouchup.eu\/es\/wp-json\/wp\/v2\/media?parent=5388"}],"curies":[{"name":"wp","href":"https:\/\/api.w.org\/{rel}","templated":true}]}}