{"id":5398,"date":"2021-08-30T12:35:30","date_gmt":"2021-08-30T10:35:30","guid":{"rendered":"https:\/\/easytouchup.eu\/f-a-q\/"},"modified":"2021-08-30T12:35:30","modified_gmt":"2021-08-30T10:35:30","slug":"f-a-q","status":"publish","type":"page","link":"https:\/\/easytouchup.eu\/es\/f-a-q\/","title":{"rendered":"F.A.Q."},"content":{"rendered":"\t\t<div data-elementor-type=\"wp-page\" data-elementor-id=\"5398\" class=\"elementor elementor-5398 elementor-57\" data-elementor-post-type=\"page\">\n\t\t\t\t\t\t<section class=\"elementor-section elementor-top-section elementor-element elementor-element-c0eb8d1 elementor-section-boxed elementor-section-height-default elementor-section-height-default\" data-id=\"c0eb8d1\" data-element_type=\"section\" data-settings=\"{&quot;background_background&quot;:&quot;classic&quot;,&quot;shape_divider_bottom&quot;:&quot;waves&quot;}\">\n\t\t\t\t\t\t\t<div class=\"elementor-background-overlay\"><\/div>\n\t\t\t\t\t\t<div class=\"elementor-shape elementor-shape-bottom\" data-negative=\"false\">\n\t\t\t<svg xmlns=\"http:\/\/www.w3.org\/2000\/svg\" viewBox=\"0 0 1000 100\" preserveAspectRatio=\"none\">\n\t<path class=\"elementor-shape-fill\" d=\"M421.9,6.5c22.6-2.5,51.5,0.4,75.5,5.3c23.6,4.9,70.9,23.5,100.5,35.7c75.8,32.2,133.7,44.5,192.6,49.7\n\tc23.6,2.1,48.7,3.5,103.4-2.5c54.7-6,106.2-25.6,106.2-25.6V0H0v30.3c0,0,72,32.6,158.4,30.5c39.2-0.7,92.8-6.7,134-22.4\n\tc21.2-8.1,52.2-18.2,79.7-24.2C399.3,7.9,411.6,7.5,421.9,6.5z\"\/>\n<\/svg>\t\t<\/div>\n\t\t\t\t\t<div class=\"elementor-container elementor-column-gap-default\">\n\t\t\t\t\t<div class=\"elementor-column elementor-col-100 elementor-top-column elementor-element elementor-element-3065de2\" data-id=\"3065de2\" data-element_type=\"column\">\n\t\t\t<div class=\"elementor-widget-wrap elementor-element-populated\">\n\t\t\t\t\t\t<div class=\"elementor-element elementor-element-a69192a elementor-widget elementor-widget-heading\" data-id=\"a69192a\" data-element_type=\"widget\" data-widget_type=\"heading.default\">\n\t\t\t\t<div class=\"elementor-widget-container\">\n\t\t\t<h2 class=\"elementor-heading-title elementor-size-default\">F.A.Q. - Preguntas frecuentes<\/h2>\t\t<\/div>\n\t\t\t\t<\/div>\n\t\t\t\t\t<\/div>\n\t\t<\/div>\n\t\t\t\t\t<\/div>\n\t\t<\/section>\n\t\t\t\t<section class=\"elementor-section elementor-top-section elementor-element elementor-element-cc39997 elementor-section-boxed elementor-section-height-default elementor-section-height-default\" data-id=\"cc39997\" data-element_type=\"section\">\n\t\t\t\t\t\t<div class=\"elementor-container elementor-column-gap-default\">\n\t\t\t\t\t<div class=\"elementor-column elementor-col-100 elementor-top-column elementor-element elementor-element-7a8b55d\" data-id=\"7a8b55d\" data-element_type=\"column\">\n\t\t\t<div class=\"elementor-widget-wrap elementor-element-populated\">\n\t\t\t\t\t\t<div class=\"elementor-element elementor-element-b85dde1 elementor-widget elementor-widget-breadcrumbs\" data-id=\"b85dde1\" data-element_type=\"widget\" data-widget_type=\"breadcrumbs.default\">\n\t\t\t\t<div class=\"elementor-widget-container\">\n\t\t\t<p id=\"breadcrumbs\"><span><span><a href=\"https:\/\/easytouchup.eu\/es\/\">Home<\/a><\/span><\/span><\/p>\t\t<\/div>\n\t\t\t\t<\/div>\n\t\t\t\t\t<\/div>\n\t\t<\/div>\n\t\t\t\t\t<\/div>\n\t\t<\/section>\n\t\t\t\t<section class=\"elementor-section elementor-top-section elementor-element elementor-element-ec3a494 elementor-section-boxed elementor-section-height-default elementor-section-height-default\" data-id=\"ec3a494\" data-element_type=\"section\">\n\t\t\t\t\t\t<div class=\"elementor-container elementor-column-gap-default\">\n\t\t\t\t\t<div class=\"elementor-column elementor-col-100 elementor-top-column elementor-element elementor-element-2b6d3c1\" data-id=\"2b6d3c1\" data-element_type=\"column\">\n\t\t\t<div class=\"elementor-widget-wrap elementor-element-populated\">\n\t\t\t\t\t\t<div class=\"elementor-element elementor-element-874bb80 elementor-widget elementor-widget-text-editor\" data-id=\"874bb80\" data-element_type=\"widget\" data-widget_type=\"text-editor.default\">\n\t\t\t\t<div class=\"elementor-widget-container\">\n\t\t\t\t\t\t\t<p> Tenga en cuenta que este es un kit de reparaci\u00f3n y retoque de pintura. No es la respuesta para todas las reparaciones de pintura y no sustituye a la carrocer\u00eda. Considere la naturaleza de la reparaci\u00f3n requerida antes de realizar el pedido. <br \/> Sin embargo, si no desea ir al taller de carrocer\u00eda y gastar cientos de euros para que su veh\u00edculo sea perfectamente reparado, nuestro sistema es la mejor alternativa. <Br \/ > Lo invitamos. Consulte nuestra informaci\u00f3n de preguntas frecuentes \/ asistencia antes de usar el producto, incluida la informaci\u00f3n sobre las limitaciones de nuestro producto y las fotos de muestra \/ videos de demostraci\u00f3n proporcionados. <br \/> Comun\u00edquese con nosotros con cualquier pregunta o problema que pueda ocurrir cuando se aplica pintura. Somos capaces de solucionar el problema en muy poco tiempo. Adem\u00e1s, nuestros colores se formulan manualmente uno por uno sobre la base de los c\u00f3digos originales que solicita de vez en cuando <\/p>\n\t\t\t\t\t\t<\/div>\n\t\t\t\t<\/div>\n\t\t\t\t<div class=\"elementor-element elementor-element-551430a elementor-widget elementor-widget-accordion\" data-id=\"551430a\" data-element_type=\"widget\" data-widget_type=\"accordion.default\">\n\t\t\t\t<div class=\"elementor-widget-container\">\n\t\t\t\t\t<div class=\"elementor-accordion\">\n\t\t\t\t\t\t\t<div class=\"elementor-accordion-item\">\n\t\t\t\t\t<div id=\"elementor-tab-title-8921\" class=\"elementor-tab-title\" data-tab=\"1\" role=\"button\" aria-controls=\"elementor-tab-content-8921\" aria-expanded=\"false\">\n\t\t\t\t\t\t\t\t\t\t\t\t\t<span class=\"elementor-accordion-icon elementor-accordion-icon-left\" aria-hidden=\"true\">\n\t\t\t\t\t\t\t\t\t\t\t\t\t\t\t<span class=\"elementor-accordion-icon-closed\"><i class=\"fas fa-plus\"><\/i><\/span>\n\t\t\t\t\t\t\t\t<span class=\"elementor-accordion-icon-opened\"><i class=\"fas fa-minus\"><\/i><\/span>\n\t\t\t\t\t\t\t\t\t\t\t\t\t\t<\/span>\n\t\t\t\t\t\t\t\t\t\t\t\t<a class=\"elementor-accordion-title\" tabindex=\"0\">\u00bfQu\u00e9 trabajo preparatorio se requiere antes de retocar?<\/a>\n\t\t\t\t\t<\/div>\n\t\t\t\t\t<div id=\"elementor-tab-content-8921\" class=\"elementor-tab-content elementor-clearfix\" data-tab=\"1\" role=\"region\" aria-labelledby=\"elementor-tab-title-8921\"><p> Lavar y secar bien la zona de retoque es m\u00e1s que suficiente. El \u00e1rea a retocar debe estar completamente seca. <\/p>\n<\/div>\n\t\t\t\t<\/div>\n\t\t\t\t\t\t\t<div class=\"elementor-accordion-item\">\n\t\t\t\t\t<div id=\"elementor-tab-title-8922\" class=\"elementor-tab-title\" data-tab=\"2\" role=\"button\" aria-controls=\"elementor-tab-content-8922\" aria-expanded=\"false\">\n\t\t\t\t\t\t\t\t\t\t\t\t\t<span class=\"elementor-accordion-icon elementor-accordion-icon-left\" aria-hidden=\"true\">\n\t\t\t\t\t\t\t\t\t\t\t\t\t\t\t<span class=\"elementor-accordion-icon-closed\"><i class=\"fas fa-plus\"><\/i><\/span>\n\t\t\t\t\t\t\t\t<span class=\"elementor-accordion-icon-opened\"><i class=\"fas fa-minus\"><\/i><\/span>\n\t\t\t\t\t\t\t\t\t\t\t\t\t\t<\/span>\n\t\t\t\t\t\t\t\t\t\t\t\t<a class=\"elementor-accordion-title\" tabindex=\"0\">\u00bfLa pintura permite un retoque permanente?<\/a>\n\t\t\t\t\t<\/div>\n\t\t\t\t\t<div id=\"elementor-tab-content-8922\" class=\"elementor-tab-content elementor-clearfix\" data-tab=\"2\" role=\"region\" aria-labelledby=\"elementor-tab-title-8922\"><p> S\u00ed, siete a\u00f1os es el per\u00edodo m\u00e1s largo que hemos monitoreado y es como el primer d\u00eda que se aplic\u00f3. <\/p>\n<\/div>\n\t\t\t\t<\/div>\n\t\t\t\t\t\t\t<div class=\"elementor-accordion-item\">\n\t\t\t\t\t<div id=\"elementor-tab-title-8923\" class=\"elementor-tab-title\" data-tab=\"3\" role=\"button\" aria-controls=\"elementor-tab-content-8923\" aria-expanded=\"false\">\n\t\t\t\t\t\t\t\t\t\t\t\t\t<span class=\"elementor-accordion-icon elementor-accordion-icon-left\" aria-hidden=\"true\">\n\t\t\t\t\t\t\t\t\t\t\t\t\t\t\t<span class=\"elementor-accordion-icon-closed\"><i class=\"fas fa-plus\"><\/i><\/span>\n\t\t\t\t\t\t\t\t<span class=\"elementor-accordion-icon-opened\"><i class=\"fas fa-minus\"><\/i><\/span>\n\t\t\t\t\t\t\t\t\t\t\t\t\t\t<\/span>\n\t\t\t\t\t\t\t\t\t\t\t\t<a class=\"elementor-accordion-title\" tabindex=\"0\">\u00bfEl retoque Easytouchup est\u00e1 hecho espec\u00edficamente para m\u00ed?<\/a>\n\t\t\t\t\t<\/div>\n\t\t\t\t\t<div id=\"elementor-tab-content-8923\" class=\"elementor-tab-content elementor-clearfix\" data-tab=\"3\" role=\"region\" aria-labelledby=\"elementor-tab-title-8923\"><p> S\u00ed. Toda la pintura est\u00e1 especialmente preparada para usted en base al c\u00f3digo de color original que solicit\u00f3, por lo tanto, es un producto personalizado preparado de acuerdo con las f\u00f3rmulas de pintura de los fabricantes de autom\u00f3viles. De hecho, con miles y miles de c\u00f3digos en el mercado no podr\u00edamos tener todos los productos en stock. <\/p>\n<\/div>\n\t\t\t\t<\/div>\n\t\t\t\t\t\t\t<div class=\"elementor-accordion-item\">\n\t\t\t\t\t<div id=\"elementor-tab-title-8924\" class=\"elementor-tab-title\" data-tab=\"4\" role=\"button\" aria-controls=\"elementor-tab-content-8924\" aria-expanded=\"false\">\n\t\t\t\t\t\t\t\t\t\t\t\t\t<span class=\"elementor-accordion-icon elementor-accordion-icon-left\" aria-hidden=\"true\">\n\t\t\t\t\t\t\t\t\t\t\t\t\t\t\t<span class=\"elementor-accordion-icon-closed\"><i class=\"fas fa-plus\"><\/i><\/span>\n\t\t\t\t\t\t\t\t<span class=\"elementor-accordion-icon-opened\"><i class=\"fas fa-minus\"><\/i><\/span>\n\t\t\t\t\t\t\t\t\t\t\t\t\t\t<\/span>\n\t\t\t\t\t\t\t\t\t\t\t\t<a class=\"elementor-accordion-title\" tabindex=\"0\">\u00bfCu\u00e1l es la vida \u00fatil de los productos Easytouchup?<\/a>\n\t\t\t\t\t<\/div>\n\t\t\t\t\t<div id=\"elementor-tab-content-8924\" class=\"elementor-tab-content elementor-clearfix\" data-tab=\"4\" role=\"region\" aria-labelledby=\"elementor-tab-title-8924\"><p> Gracias al cierre de v\u00e1lvulas de los productos, la pintura nunca entra en contacto con el aire por lo que la duraci\u00f3n es de hasta dos a\u00f1os. . Guardar en un lugar fresco y seco. Para una duraci\u00f3n \u00f3ptima, agite la botella de vez en cuando <\/p>\n<\/div>\n\t\t\t\t<\/div>\n\t\t\t\t\t\t\t<div class=\"elementor-accordion-item\">\n\t\t\t\t\t<div id=\"elementor-tab-title-8925\" class=\"elementor-tab-title\" data-tab=\"5\" role=\"button\" aria-controls=\"elementor-tab-content-8925\" aria-expanded=\"false\">\n\t\t\t\t\t\t\t\t\t\t\t\t\t<span class=\"elementor-accordion-icon elementor-accordion-icon-left\" aria-hidden=\"true\">\n\t\t\t\t\t\t\t\t\t\t\t\t\t\t\t<span class=\"elementor-accordion-icon-closed\"><i class=\"fas fa-plus\"><\/i><\/span>\n\t\t\t\t\t\t\t\t<span class=\"elementor-accordion-icon-opened\"><i class=\"fas fa-minus\"><\/i><\/span>\n\t\t\t\t\t\t\t\t\t\t\t\t\t\t<\/span>\n\t\t\t\t\t\t\t\t\t\t\t\t<a class=\"elementor-accordion-title\" tabindex=\"0\">\u00bfQu\u00e9 tipo de retoques puedo hacer?<\/a>\n\t\t\t\t\t<\/div>\n\t\t\t\t\t<div id=\"elementor-tab-content-8925\" class=\"elementor-tab-content elementor-clearfix\" data-tab=\"5\" role=\"region\" aria-labelledby=\"elementor-tab-title-8925\"><p> Nuestro sistema de pintura est\u00e1 dise\u00f1ado esencialmente para hacer frente tanto a rayones como a rayas y mellas, pero funcionar\u00e1 bien en algunos tipos de rayones y poco en otros. Hay varias variables que determinan la calidad de la reparaci\u00f3n: <\/p>\n<h2> <strong> L\u00ednea superficial estrecha y larga <\/strong> <\/h2>\n<ul>\n<li> a menudo es suficiente usar el l\u00e1piz del asistente para tener un resultado excelente, posiblemente haga peque\u00f1os ajustes con el bol\u00edgrafo de pintura fina donde la l\u00ednea es m\u00e1s profunda, estrecha y larga, profunda\n<\/li>\n<li> use el bol\u00edgrafo asistente para atenuar el da\u00f1o, luego aplique el L\u00e1piz de pintura fina en la zona seca y a lo largo de toda la l\u00ednea, si es necesario despu\u00e9s de haber dejado secar la pintura, utilice el l\u00e1piz de pintura transparente para dar brillo al rasgu\u00f1o de retoque y mellas no muy extensas\n<\/li>\n<li> cuando el \u00e1rea afectada por el da\u00f1o sea menor que la superficie de una moneda de 1 c\u00e9ntimo de euro utilizar el bol\u00edgrafo de pintura fina, si es necesario despu\u00e9s de secar la pintura, utilizar el bol\u00edgrafo de barniz transparente para dar brillo al retoque de rasgu\u00f1os y mellas en promedio\n<\/li>\n<li> cuando el \u00e1rea afectada por el el da\u00f1o es aproximadamente entre la superficie de una moneda de un c\u00e9ntimo de euro y una moneda de 2 euros, utilice el medio de l\u00e1piz de pintura, si es necesario despu\u00e9s de secar la pintura, utilice el l\u00e1piz de pintura transparente para dar brillo al retoque <\/ li> <\/ul>\n<h2 > M\u00faltiples raspaduras y mellas en promedio extendidas <\/h2>\n<ul>\n<li> cuando el \u00e1rea afectada por el da\u00f1o es muy grande pero est\u00e1 formada por m\u00faltiples raspaduras y mellas cuya \u00fanica superficie es aproximadamente entre la superficie de una moneda de un c\u00e9ntimo de euro y una moneda de 2 euros, utilice el bol\u00edgrafo asistente para mitigar los da\u00f1os y borrar las manchas en la carrocer\u00eda y rayas de otros coches, utilice el bol\u00edgrafo de pintura mediano para retocar, si es necesario despu\u00e9s de secar la pintura, utilice el bol\u00edgrafo de barniz transparente para dar brillo al retoque muy extenso de raspaduras y raspaduras cuando el \u00e1rea afectada por el da\u00f1o es muy extensa con una superficie del da\u00f1o igual o mayor que la superficie de un boleto desde 50 euros, no recomendamos utilizar nuestro kit, pero es necesario aplicar pinturas en spray o contactar directamente con el taller de carrocer\u00eda. <\/li>\n<\/ul>\n<\/div>\n\t\t\t\t<\/div>\n\t\t\t\t\t\t\t<div class=\"elementor-accordion-item\">\n\t\t\t\t\t<div id=\"elementor-tab-title-8926\" class=\"elementor-tab-title\" data-tab=\"6\" role=\"button\" aria-controls=\"elementor-tab-content-8926\" aria-expanded=\"false\">\n\t\t\t\t\t\t\t\t\t\t\t\t\t<span class=\"elementor-accordion-icon elementor-accordion-icon-left\" aria-hidden=\"true\">\n\t\t\t\t\t\t\t\t\t\t\t\t\t\t\t<span class=\"elementor-accordion-icon-closed\"><i class=\"fas fa-plus\"><\/i><\/span>\n\t\t\t\t\t\t\t\t<span class=\"elementor-accordion-icon-opened\"><i class=\"fas fa-minus\"><\/i><\/span>\n\t\t\t\t\t\t\t\t\t\t\t\t\t\t<\/span>\n\t\t\t\t\t\t\t\t\t\t\t\t<a class=\"elementor-accordion-title\" tabindex=\"0\">\u00bfLa pintura que vende coincide con el color de mi coche?<\/a>\n\t\t\t\t\t<\/div>\n\t\t\t\t\t<div id=\"elementor-tab-content-8926\" class=\"elementor-tab-content elementor-clearfix\" data-tab=\"6\" role=\"region\" aria-labelledby=\"elementor-tab-title-8926\"><p> S\u00ed. Podemos combinar y formular m\u00e1s del 95 por ciento de todos los colores del mercado. Usamos f\u00f3rmulas proporcionadas por los fabricantes de pintura para cada c\u00f3digo de color. Cada producto se prepara manualmente en el momento del pedido. Utilice nuestra base de datos de colores para realizar pedidos, encuentre su c\u00f3digo de color con nuestra pr\u00e1ctica gu\u00eda de b\u00fasqueda de colores <\/p>\n<p> <strong> Atenci\u00f3n: <\/strong> los c\u00f3digos de color tienen muchas variantes o formulaciones ligeramente diferentes para los mismos. c\u00f3digo debido a diferentes lotes de producci\u00f3n o sitios de producci\u00f3n. Las desviaciones suelen ser bastante leves y, para la aplicaci\u00f3n con peque\u00f1os retoques, es muy poco probable que se note una diferencia de color. La variante que usamos para cada color es la est\u00e1ndar, que es la m\u00e1s extendida. <br \/> La pintura de la carrocer\u00eda del autom\u00f3vil var\u00eda ligeramente a lo largo de los a\u00f1os debido a los agentes atmosf\u00e9ricos. Los climas muy soleados en lugar de los climas fr\u00edos y h\u00famedos hacen que el color var\u00ede de manera diferente. <br \/> Nuestro retoque est\u00e1 formulado en el est\u00e1ndar de un autom\u00f3vil nuevo reci\u00e9n salido del concesionario, por lo tanto, podr\u00eda haber ligeras diferencias, aunque casi invisibles dado el tama\u00f1o extremadamente peque\u00f1o. \u00e1rea de retoque. <\/p>\n<\/div>\n\t\t\t\t<\/div>\n\t\t\t\t\t\t\t<div class=\"elementor-accordion-item\">\n\t\t\t\t\t<div id=\"elementor-tab-title-8927\" class=\"elementor-tab-title\" data-tab=\"7\" role=\"button\" aria-controls=\"elementor-tab-content-8927\" aria-expanded=\"false\">\n\t\t\t\t\t\t\t\t\t\t\t\t\t<span class=\"elementor-accordion-icon elementor-accordion-icon-left\" aria-hidden=\"true\">\n\t\t\t\t\t\t\t\t\t\t\t\t\t\t\t<span class=\"elementor-accordion-icon-closed\"><i class=\"fas fa-plus\"><\/i><\/span>\n\t\t\t\t\t\t\t\t<span class=\"elementor-accordion-icon-opened\"><i class=\"fas fa-minus\"><\/i><\/span>\n\t\t\t\t\t\t\t\t\t\t\t\t\t\t<\/span>\n\t\t\t\t\t\t\t\t\t\t\t\t<a class=\"elementor-accordion-title\" tabindex=\"0\">\u00bfFunciona bien en todos los colores?<\/a>\n\t\t\t\t\t<\/div>\n\t\t\t\t\t<div id=\"elementor-tab-content-8927\" class=\"elementor-tab-content elementor-clearfix\" data-tab=\"7\" role=\"region\" aria-labelledby=\"elementor-tab-title-8927\"><p> Funciona bien con todos los colores met\u00e1licos, mica y pastel. <br \/> La mayor\u00eda de los colores que suministramos son met\u00e1licos. <br \/> Para algunos colores micalicos y met\u00e1licos definidos como de doble capa ser\u00e1 necesario aplicarlos juntos con el producto laca transparente para dar el efecto correcto de brillo y profundidad <\/p>\n<\/div>\n\t\t\t\t<\/div>\n\t\t\t\t\t\t\t<div class=\"elementor-accordion-item\">\n\t\t\t\t\t<div id=\"elementor-tab-title-8928\" class=\"elementor-tab-title\" data-tab=\"8\" role=\"button\" aria-controls=\"elementor-tab-content-8928\" aria-expanded=\"false\">\n\t\t\t\t\t\t\t\t\t\t\t\t\t<span class=\"elementor-accordion-icon elementor-accordion-icon-left\" aria-hidden=\"true\">\n\t\t\t\t\t\t\t\t\t\t\t\t\t\t\t<span class=\"elementor-accordion-icon-closed\"><i class=\"fas fa-plus\"><\/i><\/span>\n\t\t\t\t\t\t\t\t<span class=\"elementor-accordion-icon-opened\"><i class=\"fas fa-minus\"><\/i><\/span>\n\t\t\t\t\t\t\t\t\t\t\t\t\t\t<\/span>\n\t\t\t\t\t\t\t\t\t\t\t\t<a class=\"elementor-accordion-title\" tabindex=\"0\">\u00bfHay colores perlados disponibles?<\/a>\n\t\t\t\t\t<\/div>\n\t\t\t\t\t<div id=\"elementor-tab-content-8928\" class=\"elementor-tab-content elementor-clearfix\" data-tab=\"8\" role=\"region\" aria-labelledby=\"elementor-tab-title-8928\"><p> S\u00ed, pero con una combinaci\u00f3n m\u00e1s peque\u00f1a *. <br \/> Las pinturas de triple capa Tri-Coat Pearl se producen en tres pasos de fabricaci\u00f3n distintos: <br \/> Se roc\u00eda un color base <br \/> Luego se aplica una base que da el efecto perlado <br \/> Luego una capa transparente para unir visualmente los dos colores <br \/> Nuestras pinturas est\u00e1n hechas para la aplicaci\u00f3n de una sola capa. <br \/> Producimos manualmente cada pedido, han obtenido formulaciones que se asemejan mucho a los diferentes acabados perlados del mercado. <\/p>\n<p> Tambi\u00e9n ser\u00eda posible retocar con un kit de pintura de 3 pasos con dos colores y una capa transparente. Nuestra experiencia ha demostrado que este retoque no se ver\u00e1 bien en su autom\u00f3vil, y lo m\u00e1s probable es que no est\u00e9 satisfecho. <br \/> Habiendo pintado miles de veh\u00edculos de perlas comercialmente con nuestro sistema, podemos decir con confianza que la pintura de nuestro kit de reparaci\u00f3n proporciona una excelente retoque para colores nacarados. No es perfecto, pero sigue siendo la mejor alternativa a la carrocer\u00eda. <\/p>\n<\/div>\n\t\t\t\t<\/div>\n\t\t\t\t\t\t\t\t<\/div>\n\t\t\t\t<\/div>\n\t\t\t\t<\/div>\n\t\t\t\t\t<\/div>\n\t\t<\/div>\n\t\t\t\t\t<\/div>\n\t\t<\/section>\n\t\t\t\t<\/div>\n\t\t","protected":false},"excerpt":{"rendered":"<p>F.A.Q. &#8211; Preguntas frecuentes Tenga en cuenta que este es un kit de reparaci\u00f3n y retoque de pintura. No es la respuesta para todas las reparaciones de pintura y no sustituye a la carrocer\u00eda. Considere la naturaleza de la reparaci\u00f3n requerida antes de realizar el pedido. Sin embargo, si no desea ir al taller de [&hellip;]<\/p>\n","protected":false},"author":1,"featured_media":0,"parent":0,"menu_order":0,"comment_status":"closed","ping_status":"closed","template":"","meta":{"_acf_changed":false,"footnotes":""},"class_list":["post-5398","page","type-page","status-publish","hentry"],"acf":[],"yoast_head":"<!-- This site is optimized with the Yoast SEO plugin v23.9 - https:\/\/yoast.com\/wordpress\/plugins\/seo\/ -->\n<title>F.A.Q. - Easytouchup<\/title>\n<meta name=\"robots\" content=\"index, follow, max-snippet:-1, max-image-preview:large, max-video-preview:-1\" \/>\n<link rel=\"canonical\" href=\"https:\/\/easytouchup.eu\/es\/f-a-q\/\" \/>\n<meta property=\"og:locale\" content=\"es_ES\" \/>\n<meta property=\"og:type\" content=\"article\" \/>\n<meta property=\"og:title\" content=\"F.A.Q. - Easytouchup\" \/>\n<meta property=\"og:description\" content=\"F.A.Q. &#8211; Preguntas frecuentes Tenga en cuenta que este es un kit de reparaci\u00f3n y retoque de pintura. No es la respuesta para todas las reparaciones de pintura y no sustituye a la carrocer\u00eda. Considere la naturaleza de la reparaci\u00f3n requerida antes de realizar el pedido. Sin embargo, si no desea ir al taller de [&hellip;]\" \/>\n<meta property=\"og:url\" content=\"https:\/\/easytouchup.eu\/es\/f-a-q\/\" \/>\n<meta property=\"og:site_name\" content=\"Easytouchup\" \/>\n<meta name=\"twitter:card\" content=\"summary_large_image\" \/>\n<meta name=\"twitter:label1\" content=\"Tiempo de lectura\" \/>\n\t<meta name=\"twitter:data1\" content=\"6 minutos\" \/>\n<script type=\"application\/ld+json\" class=\"yoast-schema-graph\">{\"@context\":\"https:\/\/schema.org\",\"@graph\":[{\"@type\":\"WebPage\",\"@id\":\"https:\/\/easytouchup.eu\/es\/f-a-q\/\",\"url\":\"https:\/\/easytouchup.eu\/es\/f-a-q\/\",\"name\":\"F.A.Q. - Easytouchup\",\"isPartOf\":{\"@id\":\"https:\/\/easytouchup.eu\/es\/#website\"},\"datePublished\":\"2021-08-30T10:35:30+00:00\",\"dateModified\":\"2021-08-30T10:35:30+00:00\",\"breadcrumb\":{\"@id\":\"https:\/\/easytouchup.eu\/es\/f-a-q\/#breadcrumb\"},\"inLanguage\":\"es\",\"potentialAction\":[{\"@type\":\"ReadAction\",\"target\":[\"https:\/\/easytouchup.eu\/es\/f-a-q\/\"]}]},{\"@type\":\"BreadcrumbList\",\"@id\":\"https:\/\/easytouchup.eu\/es\/f-a-q\/#breadcrumb\",\"itemListElement\":[{\"@type\":\"ListItem\",\"position\":1,\"name\":\"Home\",\"item\":\"https:\/\/easytouchup.eu\/es\/\"},{\"@type\":\"ListItem\",\"position\":2,\"name\":\"F.A.Q.\"}]},{\"@type\":\"WebSite\",\"@id\":\"https:\/\/easytouchup.eu\/es\/#website\",\"url\":\"https:\/\/easytouchup.eu\/es\/\",\"name\":\"Easytouchup\",\"description\":\"\",\"potentialAction\":[{\"@type\":\"SearchAction\",\"target\":{\"@type\":\"EntryPoint\",\"urlTemplate\":\"https:\/\/easytouchup.eu\/es\/?s={search_term_string}\"},\"query-input\":{\"@type\":\"PropertyValueSpecification\",\"valueRequired\":true,\"valueName\":\"search_term_string\"}}],\"inLanguage\":\"es\"}]}<\/script>\n<!-- \/ Yoast SEO plugin. -->","yoast_head_json":{"title":"F.A.Q. - Easytouchup","robots":{"index":"index","follow":"follow","max-snippet":"max-snippet:-1","max-image-preview":"max-image-preview:large","max-video-preview":"max-video-preview:-1"},"canonical":"https:\/\/easytouchup.eu\/es\/f-a-q\/","og_locale":"es_ES","og_type":"article","og_title":"F.A.Q. - Easytouchup","og_description":"F.A.Q. &#8211; Preguntas frecuentes Tenga en cuenta que este es un kit de reparaci\u00f3n y retoque de pintura. No es la respuesta para todas las reparaciones de pintura y no sustituye a la carrocer\u00eda. Considere la naturaleza de la reparaci\u00f3n requerida antes de realizar el pedido. Sin embargo, si no desea ir al taller de [&hellip;]","og_url":"https:\/\/easytouchup.eu\/es\/f-a-q\/","og_site_name":"Easytouchup","twitter_card":"summary_large_image","twitter_misc":{"Tiempo de lectura":"6 minutos"},"schema":{"@context":"https:\/\/schema.org","@graph":[{"@type":"WebPage","@id":"https:\/\/easytouchup.eu\/es\/f-a-q\/","url":"https:\/\/easytouchup.eu\/es\/f-a-q\/","name":"F.A.Q. - Easytouchup","isPartOf":{"@id":"https:\/\/easytouchup.eu\/es\/#website"},"datePublished":"2021-08-30T10:35:30+00:00","dateModified":"2021-08-30T10:35:30+00:00","breadcrumb":{"@id":"https:\/\/easytouchup.eu\/es\/f-a-q\/#breadcrumb"},"inLanguage":"es","potentialAction":[{"@type":"ReadAction","target":["https:\/\/easytouchup.eu\/es\/f-a-q\/"]}]},{"@type":"BreadcrumbList","@id":"https:\/\/easytouchup.eu\/es\/f-a-q\/#breadcrumb","itemListElement":[{"@type":"ListItem","position":1,"name":"Home","item":"https:\/\/easytouchup.eu\/es\/"},{"@type":"ListItem","position":2,"name":"F.A.Q."}]},{"@type":"WebSite","@id":"https:\/\/easytouchup.eu\/es\/#website","url":"https:\/\/easytouchup.eu\/es\/","name":"Easytouchup","description":"","potentialAction":[{"@type":"SearchAction","target":{"@type":"EntryPoint","urlTemplate":"https:\/\/easytouchup.eu\/es\/?s={search_term_string}"},"query-input":{"@type":"PropertyValueSpecification","valueRequired":true,"valueName":"search_term_string"}}],"inLanguage":"es"}]}},"_links":{"self":[{"href":"https:\/\/easytouchup.eu\/es\/wp-json\/wp\/v2\/pages\/5398","targetHints":{"allow":["GET"]}}],"collection":[{"href":"https:\/\/easytouchup.eu\/es\/wp-json\/wp\/v2\/pages"}],"about":[{"href":"https:\/\/easytouchup.eu\/es\/wp-json\/wp\/v2\/types\/page"}],"author":[{"embeddable":true,"href":"https:\/\/easytouchup.eu\/es\/wp-json\/wp\/v2\/users\/1"}],"replies":[{"embeddable":true,"href":"https:\/\/easytouchup.eu\/es\/wp-json\/wp\/v2\/comments?post=5398"}],"version-history":[{"count":1,"href":"https:\/\/easytouchup.eu\/es\/wp-json\/wp\/v2\/pages\/5398\/revisions"}],"predecessor-version":[{"id":5399,"href":"https:\/\/easytouchup.eu\/es\/wp-json\/wp\/v2\/pages\/5398\/revisions\/5399"}],"wp:attachment":[{"href":"https:\/\/easytouchup.eu\/es\/wp-json\/wp\/v2\/media?parent=5398"}],"curies":[{"name":"wp","href":"https:\/\/api.w.org\/{rel}","templated":true}]}}