{"id":5410,"date":"2021-08-30T12:43:32","date_gmt":"2021-08-30T10:43:32","guid":{"rendered":"https:\/\/easytouchup.eu\/spedizioni\/"},"modified":"2021-11-25T10:36:25","modified_gmt":"2021-11-25T09:36:25","slug":"spedizioni","status":"publish","type":"page","link":"https:\/\/easytouchup.eu\/es\/spedizioni\/","title":{"rendered":"Spedizioni"},"content":{"rendered":"\t\t<div data-elementor-type=\"wp-page\" data-elementor-id=\"5410\" class=\"elementor elementor-5410 elementor-65\" data-elementor-post-type=\"page\">\n\t\t\t\t\t\t<section class=\"elementor-section elementor-top-section elementor-element elementor-element-7d2f311 elementor-section-boxed elementor-section-height-default elementor-section-height-default\" data-id=\"7d2f311\" data-element_type=\"section\" data-settings=\"{&quot;background_background&quot;:&quot;classic&quot;,&quot;shape_divider_bottom&quot;:&quot;waves&quot;}\">\n\t\t\t\t\t\t\t<div class=\"elementor-background-overlay\"><\/div>\n\t\t\t\t\t\t<div class=\"elementor-shape elementor-shape-bottom\" data-negative=\"false\">\n\t\t\t<svg xmlns=\"http:\/\/www.w3.org\/2000\/svg\" viewBox=\"0 0 1000 100\" preserveAspectRatio=\"none\">\n\t<path class=\"elementor-shape-fill\" d=\"M421.9,6.5c22.6-2.5,51.5,0.4,75.5,5.3c23.6,4.9,70.9,23.5,100.5,35.7c75.8,32.2,133.7,44.5,192.6,49.7\n\tc23.6,2.1,48.7,3.5,103.4-2.5c54.7-6,106.2-25.6,106.2-25.6V0H0v30.3c0,0,72,32.6,158.4,30.5c39.2-0.7,92.8-6.7,134-22.4\n\tc21.2-8.1,52.2-18.2,79.7-24.2C399.3,7.9,411.6,7.5,421.9,6.5z\"\/>\n<\/svg>\t\t<\/div>\n\t\t\t\t\t<div class=\"elementor-container elementor-column-gap-default\">\n\t\t\t\t\t<div class=\"elementor-column elementor-col-100 elementor-top-column elementor-element elementor-element-d9ad3df\" data-id=\"d9ad3df\" data-element_type=\"column\">\n\t\t\t<div class=\"elementor-widget-wrap elementor-element-populated\">\n\t\t\t\t\t\t<div class=\"elementor-element elementor-element-4ce603d elementor-widget elementor-widget-heading\" data-id=\"4ce603d\" data-element_type=\"widget\" data-widget_type=\"heading.default\">\n\t\t\t\t<div class=\"elementor-widget-container\">\n\t\t\t<h2 class=\"elementor-heading-title elementor-size-default\">Transporte<\/h2>\t\t<\/div>\n\t\t\t\t<\/div>\n\t\t\t\t\t<\/div>\n\t\t<\/div>\n\t\t\t\t\t<\/div>\n\t\t<\/section>\n\t\t\t\t<section class=\"elementor-section elementor-top-section elementor-element elementor-element-1957b9d elementor-section-boxed elementor-section-height-default elementor-section-height-default\" data-id=\"1957b9d\" data-element_type=\"section\">\n\t\t\t\t\t\t<div class=\"elementor-container elementor-column-gap-default\">\n\t\t\t\t\t<div class=\"elementor-column elementor-col-50 elementor-top-column elementor-element elementor-element-1cfd7c2\" data-id=\"1cfd7c2\" data-element_type=\"column\">\n\t\t\t<div class=\"elementor-widget-wrap elementor-element-populated\">\n\t\t\t\t\t\t<div class=\"elementor-element elementor-element-3979807 elementor-widget elementor-widget-image\" data-id=\"3979807\" data-element_type=\"widget\" data-widget_type=\"image.default\">\n\t\t\t\t<div class=\"elementor-widget-container\">\n\t\t\t\t\t\t\t\t\t\t\t\t\t<img fetchpriority=\"high\" decoding=\"async\" width=\"1024\" height=\"1024\" src=\"https:\/\/easytouchup.eu\/wp-content\/uploads\/2021\/11\/euro1-1024x1024.png\" class=\"attachment-large size-large wp-image-6747\" alt=\"\" srcset=\"https:\/\/easytouchup.eu\/wp-content\/uploads\/2021\/11\/euro1-1024x1024.png 1024w, https:\/\/easytouchup.eu\/wp-content\/uploads\/2021\/11\/euro1-300x300.png 300w, https:\/\/easytouchup.eu\/wp-content\/uploads\/2021\/11\/euro1-100x100.png 100w, https:\/\/easytouchup.eu\/wp-content\/uploads\/2021\/11\/euro1-600x600.png 600w, https:\/\/easytouchup.eu\/wp-content\/uploads\/2021\/11\/euro1-150x150.png 150w, https:\/\/easytouchup.eu\/wp-content\/uploads\/2021\/11\/euro1-768x767.png 768w, https:\/\/easytouchup.eu\/wp-content\/uploads\/2021\/11\/euro1.png 1386w\" sizes=\"(max-width: 1024px) 100vw, 1024px\" \/>\t\t\t\t\t\t\t\t\t\t\t\t\t<\/div>\n\t\t\t\t<\/div>\n\t\t\t\t\t<\/div>\n\t\t<\/div>\n\t\t\t\t<div class=\"elementor-column elementor-col-50 elementor-top-column elementor-element elementor-element-9bd13b7\" data-id=\"9bd13b7\" data-element_type=\"column\">\n\t\t\t<div class=\"elementor-widget-wrap elementor-element-populated\">\n\t\t\t\t\t\t<div class=\"elementor-element elementor-element-8442024 elementor-widget elementor-widget-heading\" data-id=\"8442024\" data-element_type=\"widget\" data-widget_type=\"heading.default\">\n\t\t\t\t<div class=\"elementor-widget-container\">\n\t\t\t<h2 class=\"elementor-heading-title elementor-size-default\">uni\u00f3n Europea<\/h2>\t\t<\/div>\n\t\t\t\t<\/div>\n\t\t\t\t<div class=\"elementor-element elementor-element-82477d3 elementor-widget elementor-widget-text-editor\" data-id=\"82477d3\" data-element_type=\"widget\" data-widget_type=\"text-editor.default\">\n\t\t\t\t<div class=\"elementor-widget-container\">\n\t\t\t\t\t\t\t<p>Env\u00edos a todos los pa\u00edses de la Uni\u00f3n Europea con tiempos que oscilan entre 3 y 15 d\u00edas h\u00e1biles en las condiciones \/ precios indicados en el sitio.<\/p>\n<p>Env\u00edo gratuito para: Kit est\u00e1ndar \/ kit profesional \/ por un coste superior a 29,95 \u20ac.<\/p>\n<p>Env\u00edo 4 \u20ac: Kit b\u00e1sico \/ Hasta un umbral de gasto de 29,95 \u20ac o menos.<\/p>\n\t\t\t\t\t\t<\/div>\n\t\t\t\t<\/div>\n\t\t\t\t<div class=\"elementor-element elementor-element-99c2a53 elementor-widget elementor-widget-heading\" data-id=\"99c2a53\" data-element_type=\"widget\" data-widget_type=\"heading.default\">\n\t\t\t\t<div class=\"elementor-widget-container\">\n\t\t\t<h2 class=\"elementor-heading-title elementor-size-default\">Resto del mundo<\/h2>\t\t<\/div>\n\t\t\t\t<\/div>\n\t\t\t\t<div class=\"elementor-element elementor-element-eb4c2be elementor-widget elementor-widget-text-editor\" data-id=\"eb4c2be\" data-element_type=\"widget\" data-widget_type=\"text-editor.default\">\n\t\t\t\t<div class=\"elementor-widget-container\">\n\t\t\t\t\t\t\t<p>Para conocer los precios, condiciones y plazos de entrega para todos los pa\u00edses no pertenecientes a la UE, escriba a nuestro servicio de atenci\u00f3n al cliente:<\/p>\n<p><a href=\"mailto:info@easytouchup.eu\"><strong>info@easytouchup.eu<\/strong><\/a><\/p>\n<p>Te informar\u00e1n sobre los gastos de env\u00edo y los plazos de entrega.<\/p>\n\t\t\t\t\t\t<\/div>\n\t\t\t\t<\/div>\n\t\t\t\t\t<\/div>\n\t\t<\/div>\n\t\t\t\t\t<\/div>\n\t\t<\/section>\n\t\t\t\t<section class=\"elementor-section elementor-top-section elementor-element elementor-element-b42f37a elementor-section-boxed elementor-section-height-default elementor-section-height-default\" data-id=\"b42f37a\" data-element_type=\"section\">\n\t\t\t\t\t\t<div class=\"elementor-container elementor-column-gap-default\">\n\t\t\t\t\t<div class=\"elementor-column elementor-col-100 elementor-top-column elementor-element elementor-element-367fab0\" data-id=\"367fab0\" data-element_type=\"column\">\n\t\t\t<div class=\"elementor-widget-wrap elementor-element-populated\">\n\t\t\t\t\t\t<div class=\"elementor-element elementor-element-5f47a99 elementor-widget elementor-widget-heading\" data-id=\"5f47a99\" data-element_type=\"widget\" data-widget_type=\"heading.default\">\n\t\t\t\t<div class=\"elementor-widget-container\">\n\t\t\t<h2 class=\"elementor-heading-title elementor-size-default\">Estado de seguimiento \/ env\u00edo<\/h2>\t\t<\/div>\n\t\t\t\t<\/div>\n\t\t\t\t<section class=\"elementor-section elementor-inner-section elementor-element elementor-element-54471e7 elementor-section-boxed elementor-section-height-default elementor-section-height-default\" data-id=\"54471e7\" data-element_type=\"section\">\n\t\t\t\t\t\t<div class=\"elementor-container elementor-column-gap-default\">\n\t\t\t\t\t<div class=\"elementor-column elementor-col-50 elementor-inner-column elementor-element elementor-element-147350d\" data-id=\"147350d\" data-element_type=\"column\">\n\t\t\t<div class=\"elementor-widget-wrap elementor-element-populated\">\n\t\t\t\t\t\t<div class=\"elementor-element elementor-element-6502fa4 elementor-widget elementor-widget-text-editor\" data-id=\"6502fa4\" data-element_type=\"widget\" data-widget_type=\"text-editor.default\">\n\t\t\t\t<div class=\"elementor-widget-container\">\n\t\t\t\t\t\t\t<p><a href=\"http:\/\/www.brt.it\/it\/index.do\">Vaya al sitio web de BRT (http:\/\/www.brt.it\/it\/index.do)<\/a><\/p>\n<p>introduzca \u00abID de paquete de cliente\u00bb y haga clic en \u00abBuscar\u00bb.<\/p>\n<p>O contacte con nuestro servicio de atenci\u00f3n al cliente:<\/p>\n<p>Tel.: +39 335 186 46 22<br \/>\nCorreo electr\u00f3nico: <a href=\"mailto:info@easytouchup.eu\"><strong>info@easytouchup.eu<\/strong><\/a><\/p>\n\t\t\t\t\t\t<\/div>\n\t\t\t\t<\/div>\n\t\t\t\t\t<\/div>\n\t\t<\/div>\n\t\t\t\t<div class=\"elementor-column elementor-col-50 elementor-inner-column elementor-element elementor-element-523b282\" data-id=\"523b282\" data-element_type=\"column\">\n\t\t\t<div class=\"elementor-widget-wrap elementor-element-populated\">\n\t\t\t\t\t\t<div class=\"elementor-element elementor-element-c6f5cd6 elementor-widget elementor-widget-image\" data-id=\"c6f5cd6\" data-element_type=\"widget\" data-widget_type=\"image.default\">\n\t\t\t\t<div class=\"elementor-widget-container\">\n\t\t\t\t\t\t\t\t\t\t\t\t\t<img decoding=\"async\" width=\"1000\" height=\"487\" src=\"https:\/\/easytouchup.eu\/wp-content\/uploads\/2021\/08\/brt.jpg\" class=\"attachment-full size-full wp-image-5347\" alt=\"\" srcset=\"https:\/\/easytouchup.eu\/wp-content\/uploads\/2021\/08\/brt.jpg 1000w, https:\/\/easytouchup.eu\/wp-content\/uploads\/2021\/08\/brt-300x146.jpg 300w, https:\/\/easytouchup.eu\/wp-content\/uploads\/2021\/08\/brt-600x292.jpg 600w, https:\/\/easytouchup.eu\/wp-content\/uploads\/2021\/08\/brt-768x374.jpg 768w\" sizes=\"(max-width: 1000px) 100vw, 1000px\" \/>\t\t\t\t\t\t\t\t\t\t\t\t\t<\/div>\n\t\t\t\t<\/div>\n\t\t\t\t\t<\/div>\n\t\t<\/div>\n\t\t\t\t\t<\/div>\n\t\t<\/section>\n\t\t\t\t\t<\/div>\n\t\t<\/div>\n\t\t\t\t\t<\/div>\n\t\t<\/section>\n\t\t\t\t<\/div>\n\t\t","protected":false},"excerpt":{"rendered":"<p>Transporte uni\u00f3n Europea Env\u00edos a todos los pa\u00edses de la Uni\u00f3n Europea con tiempos que oscilan entre 3 y 15 d\u00edas h\u00e1biles en las condiciones \/ precios indicados en el sitio. Env\u00edo gratuito para: Kit est\u00e1ndar \/ kit profesional \/ por un coste superior a 29,95 \u20ac. Env\u00edo 4 \u20ac: Kit b\u00e1sico \/ Hasta un [&hellip;]<\/p>\n","protected":false},"author":1,"featured_media":0,"parent":0,"menu_order":0,"comment_status":"closed","ping_status":"closed","template":"","meta":{"_acf_changed":false,"footnotes":""},"class_list":["post-5410","page","type-page","status-publish","hentry"],"acf":[],"yoast_head":"<!-- This site is optimized with the Yoast SEO plugin v23.9 - https:\/\/yoast.com\/wordpress\/plugins\/seo\/ -->\n<title>Spedizioni - Easytouchup<\/title>\n<meta name=\"robots\" content=\"index, follow, max-snippet:-1, max-image-preview:large, max-video-preview:-1\" \/>\n<link rel=\"canonical\" href=\"https:\/\/easytouchup.eu\/es\/spedizioni\/\" \/>\n<meta property=\"og:locale\" content=\"es_ES\" \/>\n<meta property=\"og:type\" content=\"article\" \/>\n<meta property=\"og:title\" content=\"Spedizioni - Easytouchup\" \/>\n<meta property=\"og:description\" content=\"Transporte uni\u00f3n Europea Env\u00edos a todos los pa\u00edses de la Uni\u00f3n Europea con tiempos que oscilan entre 3 y 15 d\u00edas h\u00e1biles en las condiciones \/ precios indicados en el sitio. Env\u00edo gratuito para: Kit est\u00e1ndar \/ kit profesional \/ por un coste superior a 29,95 \u20ac. Env\u00edo 4 \u20ac: Kit b\u00e1sico \/ Hasta un [&hellip;]\" \/>\n<meta property=\"og:url\" content=\"https:\/\/easytouchup.eu\/es\/spedizioni\/\" \/>\n<meta property=\"og:site_name\" content=\"Easytouchup\" \/>\n<meta property=\"article:modified_time\" content=\"2021-11-25T09:36:25+00:00\" \/>\n<meta property=\"og:image\" content=\"https:\/\/easytouchup.eu\/wp-content\/uploads\/2021\/11\/euro1-1024x1024.png\" \/>\n<meta name=\"twitter:card\" content=\"summary_large_image\" \/>\n<meta name=\"twitter:label1\" content=\"Tiempo de lectura\" \/>\n\t<meta name=\"twitter:data1\" content=\"1 minuto\" \/>\n<script type=\"application\/ld+json\" class=\"yoast-schema-graph\">{\"@context\":\"https:\/\/schema.org\",\"@graph\":[{\"@type\":\"WebPage\",\"@id\":\"https:\/\/easytouchup.eu\/es\/spedizioni\/\",\"url\":\"https:\/\/easytouchup.eu\/es\/spedizioni\/\",\"name\":\"Spedizioni - Easytouchup\",\"isPartOf\":{\"@id\":\"https:\/\/easytouchup.eu\/es\/#website\"},\"primaryImageOfPage\":{\"@id\":\"https:\/\/easytouchup.eu\/es\/spedizioni\/#primaryimage\"},\"image\":{\"@id\":\"https:\/\/easytouchup.eu\/es\/spedizioni\/#primaryimage\"},\"thumbnailUrl\":\"https:\/\/easytouchup.eu\/wp-content\/uploads\/2021\/11\/euro1-1024x1024.png\",\"datePublished\":\"2021-08-30T10:43:32+00:00\",\"dateModified\":\"2021-11-25T09:36:25+00:00\",\"breadcrumb\":{\"@id\":\"https:\/\/easytouchup.eu\/es\/spedizioni\/#breadcrumb\"},\"inLanguage\":\"es\",\"potentialAction\":[{\"@type\":\"ReadAction\",\"target\":[\"https:\/\/easytouchup.eu\/es\/spedizioni\/\"]}]},{\"@type\":\"ImageObject\",\"inLanguage\":\"es\",\"@id\":\"https:\/\/easytouchup.eu\/es\/spedizioni\/#primaryimage\",\"url\":\"https:\/\/easytouchup.eu\/wp-content\/uploads\/2021\/11\/euro1-1024x1024.png\",\"contentUrl\":\"https:\/\/easytouchup.eu\/wp-content\/uploads\/2021\/11\/euro1-1024x1024.png\"},{\"@type\":\"BreadcrumbList\",\"@id\":\"https:\/\/easytouchup.eu\/es\/spedizioni\/#breadcrumb\",\"itemListElement\":[{\"@type\":\"ListItem\",\"position\":1,\"name\":\"Home\",\"item\":\"https:\/\/easytouchup.eu\/es\/\"},{\"@type\":\"ListItem\",\"position\":2,\"name\":\"Spedizioni\"}]},{\"@type\":\"WebSite\",\"@id\":\"https:\/\/easytouchup.eu\/es\/#website\",\"url\":\"https:\/\/easytouchup.eu\/es\/\",\"name\":\"Easytouchup\",\"description\":\"\",\"potentialAction\":[{\"@type\":\"SearchAction\",\"target\":{\"@type\":\"EntryPoint\",\"urlTemplate\":\"https:\/\/easytouchup.eu\/es\/?s={search_term_string}\"},\"query-input\":{\"@type\":\"PropertyValueSpecification\",\"valueRequired\":true,\"valueName\":\"search_term_string\"}}],\"inLanguage\":\"es\"}]}<\/script>\n<!-- \/ Yoast SEO plugin. -->","yoast_head_json":{"title":"Spedizioni - Easytouchup","robots":{"index":"index","follow":"follow","max-snippet":"max-snippet:-1","max-image-preview":"max-image-preview:large","max-video-preview":"max-video-preview:-1"},"canonical":"https:\/\/easytouchup.eu\/es\/spedizioni\/","og_locale":"es_ES","og_type":"article","og_title":"Spedizioni - Easytouchup","og_description":"Transporte uni\u00f3n Europea Env\u00edos a todos los pa\u00edses de la Uni\u00f3n Europea con tiempos que oscilan entre 3 y 15 d\u00edas h\u00e1biles en las condiciones \/ precios indicados en el sitio. Env\u00edo gratuito para: Kit est\u00e1ndar \/ kit profesional \/ por un coste superior a 29,95 \u20ac. Env\u00edo 4 \u20ac: Kit b\u00e1sico \/ Hasta un [&hellip;]","og_url":"https:\/\/easytouchup.eu\/es\/spedizioni\/","og_site_name":"Easytouchup","article_modified_time":"2021-11-25T09:36:25+00:00","og_image":[{"url":"https:\/\/easytouchup.eu\/wp-content\/uploads\/2021\/11\/euro1-1024x1024.png"}],"twitter_card":"summary_large_image","twitter_misc":{"Tiempo de lectura":"1 minuto"},"schema":{"@context":"https:\/\/schema.org","@graph":[{"@type":"WebPage","@id":"https:\/\/easytouchup.eu\/es\/spedizioni\/","url":"https:\/\/easytouchup.eu\/es\/spedizioni\/","name":"Spedizioni - Easytouchup","isPartOf":{"@id":"https:\/\/easytouchup.eu\/es\/#website"},"primaryImageOfPage":{"@id":"https:\/\/easytouchup.eu\/es\/spedizioni\/#primaryimage"},"image":{"@id":"https:\/\/easytouchup.eu\/es\/spedizioni\/#primaryimage"},"thumbnailUrl":"https:\/\/easytouchup.eu\/wp-content\/uploads\/2021\/11\/euro1-1024x1024.png","datePublished":"2021-08-30T10:43:32+00:00","dateModified":"2021-11-25T09:36:25+00:00","breadcrumb":{"@id":"https:\/\/easytouchup.eu\/es\/spedizioni\/#breadcrumb"},"inLanguage":"es","potentialAction":[{"@type":"ReadAction","target":["https:\/\/easytouchup.eu\/es\/spedizioni\/"]}]},{"@type":"ImageObject","inLanguage":"es","@id":"https:\/\/easytouchup.eu\/es\/spedizioni\/#primaryimage","url":"https:\/\/easytouchup.eu\/wp-content\/uploads\/2021\/11\/euro1-1024x1024.png","contentUrl":"https:\/\/easytouchup.eu\/wp-content\/uploads\/2021\/11\/euro1-1024x1024.png"},{"@type":"BreadcrumbList","@id":"https:\/\/easytouchup.eu\/es\/spedizioni\/#breadcrumb","itemListElement":[{"@type":"ListItem","position":1,"name":"Home","item":"https:\/\/easytouchup.eu\/es\/"},{"@type":"ListItem","position":2,"name":"Spedizioni"}]},{"@type":"WebSite","@id":"https:\/\/easytouchup.eu\/es\/#website","url":"https:\/\/easytouchup.eu\/es\/","name":"Easytouchup","description":"","potentialAction":[{"@type":"SearchAction","target":{"@type":"EntryPoint","urlTemplate":"https:\/\/easytouchup.eu\/es\/?s={search_term_string}"},"query-input":{"@type":"PropertyValueSpecification","valueRequired":true,"valueName":"search_term_string"}}],"inLanguage":"es"}]}},"_links":{"self":[{"href":"https:\/\/easytouchup.eu\/es\/wp-json\/wp\/v2\/pages\/5410","targetHints":{"allow":["GET"]}}],"collection":[{"href":"https:\/\/easytouchup.eu\/es\/wp-json\/wp\/v2\/pages"}],"about":[{"href":"https:\/\/easytouchup.eu\/es\/wp-json\/wp\/v2\/types\/page"}],"author":[{"embeddable":true,"href":"https:\/\/easytouchup.eu\/es\/wp-json\/wp\/v2\/users\/1"}],"replies":[{"embeddable":true,"href":"https:\/\/easytouchup.eu\/es\/wp-json\/wp\/v2\/comments?post=5410"}],"version-history":[{"count":5,"href":"https:\/\/easytouchup.eu\/es\/wp-json\/wp\/v2\/pages\/5410\/revisions"}],"predecessor-version":[{"id":6853,"href":"https:\/\/easytouchup.eu\/es\/wp-json\/wp\/v2\/pages\/5410\/revisions\/6853"}],"wp:attachment":[{"href":"https:\/\/easytouchup.eu\/es\/wp-json\/wp\/v2\/media?parent=5410"}],"curies":[{"name":"wp","href":"https:\/\/api.w.org\/{rel}","templated":true}]}}