{"id":5301,"date":"2021-08-30T10:43:37","date_gmt":"2021-08-30T08:43:37","guid":{"rendered":"https:\/\/easytouchup.eu\/assistenza-clienti\/"},"modified":"2021-11-11T10:02:26","modified_gmt":"2021-11-11T09:02:26","slug":"service-a-la-clientele","status":"publish","type":"page","link":"https:\/\/easytouchup.eu\/fr\/service-a-la-clientele\/","title":{"rendered":"Assistenza clienti"},"content":{"rendered":"\t\t<div data-elementor-type=\"wp-page\" data-elementor-id=\"5301\" class=\"elementor elementor-5301 elementor-55\" data-elementor-post-type=\"page\">\n\t\t\t\t\t\t<section class=\"elementor-section elementor-top-section elementor-element elementor-element-8bd4384 elementor-section-boxed elementor-section-height-default elementor-section-height-default\" data-id=\"8bd4384\" data-element_type=\"section\" data-settings=\"{&quot;background_background&quot;:&quot;classic&quot;,&quot;shape_divider_bottom&quot;:&quot;waves&quot;}\">\n\t\t\t\t\t\t\t<div class=\"elementor-background-overlay\"><\/div>\n\t\t\t\t\t\t<div class=\"elementor-shape elementor-shape-bottom\" data-negative=\"false\">\n\t\t\t<svg xmlns=\"http:\/\/www.w3.org\/2000\/svg\" viewBox=\"0 0 1000 100\" preserveAspectRatio=\"none\">\n\t<path class=\"elementor-shape-fill\" d=\"M421.9,6.5c22.6-2.5,51.5,0.4,75.5,5.3c23.6,4.9,70.9,23.5,100.5,35.7c75.8,32.2,133.7,44.5,192.6,49.7\n\tc23.6,2.1,48.7,3.5,103.4-2.5c54.7-6,106.2-25.6,106.2-25.6V0H0v30.3c0,0,72,32.6,158.4,30.5c39.2-0.7,92.8-6.7,134-22.4\n\tc21.2-8.1,52.2-18.2,79.7-24.2C399.3,7.9,411.6,7.5,421.9,6.5z\"\/>\n<\/svg>\t\t<\/div>\n\t\t\t\t\t<div class=\"elementor-container elementor-column-gap-default\">\n\t\t\t\t\t<div class=\"elementor-column elementor-col-100 elementor-top-column elementor-element elementor-element-16cd78c\" data-id=\"16cd78c\" data-element_type=\"column\">\n\t\t\t<div class=\"elementor-widget-wrap elementor-element-populated\">\n\t\t\t\t\t\t<div class=\"elementor-element elementor-element-a7c0fe7 elementor-widget elementor-widget-heading\" data-id=\"a7c0fe7\" data-element_type=\"widget\" data-widget_type=\"heading.default\">\n\t\t\t\t<div class=\"elementor-widget-container\">\n\t\t\t<h2 class=\"elementor-heading-title elementor-size-default\">Service Clients<\/h2>\t\t<\/div>\n\t\t\t\t<\/div>\n\t\t\t\t\t<\/div>\n\t\t<\/div>\n\t\t\t\t\t<\/div>\n\t\t<\/section>\n\t\t\t\t<section class=\"elementor-section elementor-top-section elementor-element elementor-element-16d4d1f elementor-section-boxed elementor-section-height-default elementor-section-height-default\" data-id=\"16d4d1f\" data-element_type=\"section\">\n\t\t\t\t\t\t<div class=\"elementor-container elementor-column-gap-default\">\n\t\t\t\t\t<div class=\"elementor-column elementor-col-100 elementor-top-column elementor-element elementor-element-db6115e\" data-id=\"db6115e\" data-element_type=\"column\">\n\t\t\t<div class=\"elementor-widget-wrap elementor-element-populated\">\n\t\t\t\t\t\t<div class=\"elementor-element elementor-element-36930df elementor-widget elementor-widget-breadcrumbs\" data-id=\"36930df\" data-element_type=\"widget\" data-widget_type=\"breadcrumbs.default\">\n\t\t\t\t<div class=\"elementor-widget-container\">\n\t\t\t<p id=\"breadcrumbs\"><span><span><a href=\"https:\/\/easytouchup.eu\/fr\/\">Home<\/a><\/span><\/span><\/p>\t\t<\/div>\n\t\t\t\t<\/div>\n\t\t\t\t\t<\/div>\n\t\t<\/div>\n\t\t\t\t\t<\/div>\n\t\t<\/section>\n\t\t\t\t<section class=\"elementor-section elementor-top-section elementor-element elementor-element-15ba8b4 elementor-reverse-mobile elementor-section-boxed elementor-section-height-default elementor-section-height-default\" data-id=\"15ba8b4\" data-element_type=\"section\">\n\t\t\t\t\t\t<div class=\"elementor-container elementor-column-gap-default\">\n\t\t\t\t\t<div class=\"elementor-column elementor-col-50 elementor-top-column elementor-element elementor-element-0353596\" data-id=\"0353596\" data-element_type=\"column\">\n\t\t\t<div class=\"elementor-widget-wrap elementor-element-populated\">\n\t\t\t\t\t\t<div class=\"elementor-element elementor-element-d189c58 elementor-widget elementor-widget-heading\" data-id=\"d189c58\" data-element_type=\"widget\" data-widget_type=\"heading.default\">\n\t\t\t\t<div class=\"elementor-widget-container\">\n\t\t\t<h2 class=\"elementor-heading-title elementor-size-default\">Contactez nous s'il vous plait<\/h2>\t\t<\/div>\n\t\t\t\t<\/div>\n\t\t\t\t<div class=\"elementor-element elementor-element-97796b2 elementor-widget elementor-widget-text-editor\" data-id=\"97796b2\" data-element_type=\"widget\" data-widget_type=\"text-editor.default\">\n\t\t\t\t<div class=\"elementor-widget-container\">\n\t\t\t\t\t\t\t<div> Easytouchup pr\u00e9pare des \u00e9chantillons de peintures pour retoucher votre voiture, en utilisant les formules de couleurs de carrosserie d&rsquo;origine.<\/div>\n<div> <\/div>\n<div>Si vous n&rsquo;avez pas trouv\u00e9 le code couleur de votre voiture ou si vous avez si vous avez des doutes, dites-nous Marque, Mod\u00e8le, Type de couleur, Ann\u00e9e de fabrication, et si n\u00e9cessaire envoyez-nous une image de votre voiture, nous effectuerons une recherche approfondie dans notre base de donn\u00e9es et nous vous enverrons les codes exacts pour placer votre commande.<\/div>\n<div>Nous r\u00e9pondons g\u00e9n\u00e9ralement \u00e0 vos demandes par courrier \u00e9lectronique dans un d\u00e9lai d&rsquo;une heure, et certainement dans un d\u00e9lai d&rsquo;un jour ouvrable.<\/div>\n\t\t\t\t\t\t<\/div>\n\t\t\t\t<\/div>\n\t\t\t\t<div class=\"elementor-element elementor-element-9614618 elementor-widget elementor-widget-heading\" data-id=\"9614618\" data-element_type=\"widget\" data-widget_type=\"heading.default\">\n\t\t\t\t<div class=\"elementor-widget-container\">\n\t\t\t<h2 class=\"elementor-heading-title elementor-size-default\">Vous pouvez \u00e9galement nous contacter \u00e0 notre Service Clients<\/h2>\t\t<\/div>\n\t\t\t\t<\/div>\n\t\t\t\t<div class=\"elementor-element elementor-element-4821579 elementor-icon-list--layout-traditional elementor-list-item-link-full_width elementor-widget elementor-widget-icon-list\" data-id=\"4821579\" data-element_type=\"widget\" data-widget_type=\"icon-list.default\">\n\t\t\t\t<div class=\"elementor-widget-container\">\n\t\t\t\t\t<ul class=\"elementor-icon-list-items\">\n\t\t\t\t\t\t\t<li class=\"elementor-icon-list-item\">\n\t\t\t\t\t\t\t\t\t\t\t<span class=\"elementor-icon-list-icon\">\n\t\t\t\t\t\t\t<i aria-hidden=\"true\" class=\"fas fa-clock\"><\/i>\t\t\t\t\t\t<\/span>\n\t\t\t\t\t\t\t\t\t\t<span class=\"elementor-icon-list-text\">Du lundi au vendredi de 9h00 \u00e0 12h00 et de 14h00 \u00e0 18h00<\/span>\n\t\t\t\t\t\t\t\t\t<\/li>\n\t\t\t\t\t\t\t\t<li class=\"elementor-icon-list-item\">\n\t\t\t\t\t\t\t\t\t\t\t<span class=\"elementor-icon-list-icon\">\n\t\t\t\t\t\t\t<i aria-hidden=\"true\" class=\"fab fa-whatsapp\"><\/i>\t\t\t\t\t\t<\/span>\n\t\t\t\t\t\t\t\t\t\t<span class=\"elementor-icon-list-text\">+39 335 186 46 22<\/span>\n\t\t\t\t\t\t\t\t\t<\/li>\n\t\t\t\t\t\t\t\t<li class=\"elementor-icon-list-item\">\n\t\t\t\t\t\t\t\t\t\t\t<span class=\"elementor-icon-list-icon\">\n\t\t\t\t\t\t\t<i aria-hidden=\"true\" class=\"fas fa-envelope\"><\/i>\t\t\t\t\t\t<\/span>\n\t\t\t\t\t\t\t\t\t\t<span class=\"elementor-icon-list-text\">info@easytouchup.eu<\/span>\n\t\t\t\t\t\t\t\t\t<\/li>\n\t\t\t\t\t\t\t\t<li class=\"elementor-icon-list-item\">\n\t\t\t\t\t\t\t\t\t\t\t<span class=\"elementor-icon-list-icon\">\n\t\t\t\t\t\t\t<i aria-hidden=\"true\" class=\"fas fa-phone\"><\/i>\t\t\t\t\t\t<\/span>\n\t\t\t\t\t\t\t\t\t\t<span class=\"elementor-icon-list-text\">+39 335 186 46 22<\/span>\n\t\t\t\t\t\t\t\t\t<\/li>\n\t\t\t\t\t\t<\/ul>\n\t\t\t\t<\/div>\n\t\t\t\t<\/div>\n\t\t\t\t\t<\/div>\n\t\t<\/div>\n\t\t\t\t<div class=\"elementor-column elementor-col-50 elementor-top-column elementor-element elementor-element-b1d52b7\" data-id=\"b1d52b7\" data-element_type=\"column\">\n\t\t\t<div class=\"elementor-widget-wrap elementor-element-populated\">\n\t\t\t\t\t\t<div class=\"elementor-element elementor-element-f3208e3 elementor-widget elementor-widget-image\" data-id=\"f3208e3\" data-element_type=\"widget\" data-widget_type=\"image.default\">\n\t\t\t\t<div class=\"elementor-widget-container\">\n\t\t\t\t\t\t\t\t\t\t\t\t\t<img fetchpriority=\"high\" decoding=\"async\" width=\"1000\" height=\"1333\" src=\"https:\/\/easytouchup.eu\/wp-content\/uploads\/2021\/05\/man-headphones-with-microphone-sits-table-with-personal-computer.png\" class=\"attachment-full size-full wp-image-5303\" alt=\"\" srcset=\"https:\/\/easytouchup.eu\/wp-content\/uploads\/2021\/05\/man-headphones-with-microphone-sits-table-with-personal-computer.png 1000w, https:\/\/easytouchup.eu\/wp-content\/uploads\/2021\/05\/man-headphones-with-microphone-sits-table-with-personal-computer-300x400.png 300w, https:\/\/easytouchup.eu\/wp-content\/uploads\/2021\/05\/man-headphones-with-microphone-sits-table-with-personal-computer-600x800.png 600w, https:\/\/easytouchup.eu\/wp-content\/uploads\/2021\/05\/man-headphones-with-microphone-sits-table-with-personal-computer-225x300.png 225w, https:\/\/easytouchup.eu\/wp-content\/uploads\/2021\/05\/man-headphones-with-microphone-sits-table-with-personal-computer-768x1024.png 768w\" sizes=\"(max-width: 1000px) 100vw, 1000px\" \/>\t\t\t\t\t\t\t\t\t\t\t\t\t<\/div>\n\t\t\t\t<\/div>\n\t\t\t\t\t<\/div>\n\t\t<\/div>\n\t\t\t\t\t<\/div>\n\t\t<\/section>\n\t\t\t\t<\/div>\n\t\t","protected":false},"excerpt":{"rendered":"<p>Service Clients Contactez nous s&rsquo;il vous plait Easytouchup pr\u00e9pare des \u00e9chantillons de peintures pour retoucher votre voiture, en utilisant les formules de couleurs de carrosserie d&rsquo;origine. Si vous n&rsquo;avez pas trouv\u00e9 le code couleur de votre voiture ou si vous avez si vous avez des doutes, dites-nous Marque, Mod\u00e8le, Type de couleur, Ann\u00e9e de fabrication, [&hellip;]<\/p>\n","protected":false},"author":1,"featured_media":0,"parent":0,"menu_order":0,"comment_status":"closed","ping_status":"closed","template":"","meta":{"_acf_changed":false,"footnotes":""},"class_list":["post-5301","page","type-page","status-publish","hentry"],"acf":[],"yoast_head":"<!-- This site is optimized with the Yoast SEO plugin v23.9 - https:\/\/yoast.com\/wordpress\/plugins\/seo\/ -->\n<title>Assistenza clienti - Easytouchup<\/title>\n<meta name=\"robots\" content=\"index, follow, max-snippet:-1, max-image-preview:large, max-video-preview:-1\" \/>\n<link rel=\"canonical\" href=\"https:\/\/easytouchup.eu\/fr\/service-a-la-clientele\/\" \/>\n<meta property=\"og:locale\" content=\"fr_FR\" \/>\n<meta property=\"og:type\" content=\"article\" \/>\n<meta property=\"og:title\" content=\"Assistenza clienti - Easytouchup\" \/>\n<meta property=\"og:description\" content=\"Service Clients Contactez nous s&rsquo;il vous plait Easytouchup pr\u00e9pare des \u00e9chantillons de peintures pour retoucher votre voiture, en utilisant les formules de couleurs de carrosserie d&rsquo;origine. Si vous n&rsquo;avez pas trouv\u00e9 le code couleur de votre voiture ou si vous avez si vous avez des doutes, dites-nous Marque, Mod\u00e8le, Type de couleur, Ann\u00e9e de fabrication, [&hellip;]\" \/>\n<meta property=\"og:url\" content=\"https:\/\/easytouchup.eu\/fr\/service-a-la-clientele\/\" \/>\n<meta property=\"og:site_name\" content=\"Easytouchup\" \/>\n<meta property=\"article:modified_time\" content=\"2021-11-11T09:02:26+00:00\" \/>\n<meta property=\"og:image\" content=\"https:\/\/easytouchup.eu\/wp-content\/uploads\/2021\/05\/man-headphones-with-microphone-sits-table-with-personal-computer.png\" \/>\n<meta name=\"twitter:card\" content=\"summary_large_image\" \/>\n<meta name=\"twitter:label1\" content=\"Dur\u00e9e de lecture estim\u00e9e\" \/>\n\t<meta name=\"twitter:data1\" content=\"1 minute\" \/>\n<script type=\"application\/ld+json\" class=\"yoast-schema-graph\">{\"@context\":\"https:\/\/schema.org\",\"@graph\":[{\"@type\":\"WebPage\",\"@id\":\"https:\/\/easytouchup.eu\/fr\/service-a-la-clientele\/\",\"url\":\"https:\/\/easytouchup.eu\/fr\/service-a-la-clientele\/\",\"name\":\"Assistenza clienti - Easytouchup\",\"isPartOf\":{\"@id\":\"https:\/\/easytouchup.eu\/fr\/#website\"},\"primaryImageOfPage\":{\"@id\":\"https:\/\/easytouchup.eu\/fr\/service-a-la-clientele\/#primaryimage\"},\"image\":{\"@id\":\"https:\/\/easytouchup.eu\/fr\/service-a-la-clientele\/#primaryimage\"},\"thumbnailUrl\":\"https:\/\/easytouchup.eu\/wp-content\/uploads\/2021\/05\/man-headphones-with-microphone-sits-table-with-personal-computer.png\",\"datePublished\":\"2021-08-30T08:43:37+00:00\",\"dateModified\":\"2021-11-11T09:02:26+00:00\",\"breadcrumb\":{\"@id\":\"https:\/\/easytouchup.eu\/fr\/service-a-la-clientele\/#breadcrumb\"},\"inLanguage\":\"fr-FR\",\"potentialAction\":[{\"@type\":\"ReadAction\",\"target\":[\"https:\/\/easytouchup.eu\/fr\/service-a-la-clientele\/\"]}]},{\"@type\":\"ImageObject\",\"inLanguage\":\"fr-FR\",\"@id\":\"https:\/\/easytouchup.eu\/fr\/service-a-la-clientele\/#primaryimage\",\"url\":\"https:\/\/easytouchup.eu\/wp-content\/uploads\/2021\/05\/man-headphones-with-microphone-sits-table-with-personal-computer.png\",\"contentUrl\":\"https:\/\/easytouchup.eu\/wp-content\/uploads\/2021\/05\/man-headphones-with-microphone-sits-table-with-personal-computer.png\"},{\"@type\":\"BreadcrumbList\",\"@id\":\"https:\/\/easytouchup.eu\/fr\/service-a-la-clientele\/#breadcrumb\",\"itemListElement\":[{\"@type\":\"ListItem\",\"position\":1,\"name\":\"Home\",\"item\":\"https:\/\/easytouchup.eu\/fr\/\"},{\"@type\":\"ListItem\",\"position\":2,\"name\":\"Assistenza clienti\"}]},{\"@type\":\"WebSite\",\"@id\":\"https:\/\/easytouchup.eu\/fr\/#website\",\"url\":\"https:\/\/easytouchup.eu\/fr\/\",\"name\":\"Easytouchup\",\"description\":\"\",\"potentialAction\":[{\"@type\":\"SearchAction\",\"target\":{\"@type\":\"EntryPoint\",\"urlTemplate\":\"https:\/\/easytouchup.eu\/fr\/?s={search_term_string}\"},\"query-input\":{\"@type\":\"PropertyValueSpecification\",\"valueRequired\":true,\"valueName\":\"search_term_string\"}}],\"inLanguage\":\"fr-FR\"}]}<\/script>\n<!-- \/ Yoast SEO plugin. -->","yoast_head_json":{"title":"Assistenza clienti - Easytouchup","robots":{"index":"index","follow":"follow","max-snippet":"max-snippet:-1","max-image-preview":"max-image-preview:large","max-video-preview":"max-video-preview:-1"},"canonical":"https:\/\/easytouchup.eu\/fr\/service-a-la-clientele\/","og_locale":"fr_FR","og_type":"article","og_title":"Assistenza clienti - Easytouchup","og_description":"Service Clients Contactez nous s&rsquo;il vous plait Easytouchup pr\u00e9pare des \u00e9chantillons de peintures pour retoucher votre voiture, en utilisant les formules de couleurs de carrosserie d&rsquo;origine. Si vous n&rsquo;avez pas trouv\u00e9 le code couleur de votre voiture ou si vous avez si vous avez des doutes, dites-nous Marque, Mod\u00e8le, Type de couleur, Ann\u00e9e de fabrication, [&hellip;]","og_url":"https:\/\/easytouchup.eu\/fr\/service-a-la-clientele\/","og_site_name":"Easytouchup","article_modified_time":"2021-11-11T09:02:26+00:00","og_image":[{"url":"https:\/\/easytouchup.eu\/wp-content\/uploads\/2021\/05\/man-headphones-with-microphone-sits-table-with-personal-computer.png"}],"twitter_card":"summary_large_image","twitter_misc":{"Dur\u00e9e de lecture estim\u00e9e":"1 minute"},"schema":{"@context":"https:\/\/schema.org","@graph":[{"@type":"WebPage","@id":"https:\/\/easytouchup.eu\/fr\/service-a-la-clientele\/","url":"https:\/\/easytouchup.eu\/fr\/service-a-la-clientele\/","name":"Assistenza clienti - Easytouchup","isPartOf":{"@id":"https:\/\/easytouchup.eu\/fr\/#website"},"primaryImageOfPage":{"@id":"https:\/\/easytouchup.eu\/fr\/service-a-la-clientele\/#primaryimage"},"image":{"@id":"https:\/\/easytouchup.eu\/fr\/service-a-la-clientele\/#primaryimage"},"thumbnailUrl":"https:\/\/easytouchup.eu\/wp-content\/uploads\/2021\/05\/man-headphones-with-microphone-sits-table-with-personal-computer.png","datePublished":"2021-08-30T08:43:37+00:00","dateModified":"2021-11-11T09:02:26+00:00","breadcrumb":{"@id":"https:\/\/easytouchup.eu\/fr\/service-a-la-clientele\/#breadcrumb"},"inLanguage":"fr-FR","potentialAction":[{"@type":"ReadAction","target":["https:\/\/easytouchup.eu\/fr\/service-a-la-clientele\/"]}]},{"@type":"ImageObject","inLanguage":"fr-FR","@id":"https:\/\/easytouchup.eu\/fr\/service-a-la-clientele\/#primaryimage","url":"https:\/\/easytouchup.eu\/wp-content\/uploads\/2021\/05\/man-headphones-with-microphone-sits-table-with-personal-computer.png","contentUrl":"https:\/\/easytouchup.eu\/wp-content\/uploads\/2021\/05\/man-headphones-with-microphone-sits-table-with-personal-computer.png"},{"@type":"BreadcrumbList","@id":"https:\/\/easytouchup.eu\/fr\/service-a-la-clientele\/#breadcrumb","itemListElement":[{"@type":"ListItem","position":1,"name":"Home","item":"https:\/\/easytouchup.eu\/fr\/"},{"@type":"ListItem","position":2,"name":"Assistenza clienti"}]},{"@type":"WebSite","@id":"https:\/\/easytouchup.eu\/fr\/#website","url":"https:\/\/easytouchup.eu\/fr\/","name":"Easytouchup","description":"","potentialAction":[{"@type":"SearchAction","target":{"@type":"EntryPoint","urlTemplate":"https:\/\/easytouchup.eu\/fr\/?s={search_term_string}"},"query-input":{"@type":"PropertyValueSpecification","valueRequired":true,"valueName":"search_term_string"}}],"inLanguage":"fr-FR"}]}},"_links":{"self":[{"href":"https:\/\/easytouchup.eu\/fr\/wp-json\/wp\/v2\/pages\/5301","targetHints":{"allow":["GET"]}}],"collection":[{"href":"https:\/\/easytouchup.eu\/fr\/wp-json\/wp\/v2\/pages"}],"about":[{"href":"https:\/\/easytouchup.eu\/fr\/wp-json\/wp\/v2\/types\/page"}],"author":[{"embeddable":true,"href":"https:\/\/easytouchup.eu\/fr\/wp-json\/wp\/v2\/users\/1"}],"replies":[{"embeddable":true,"href":"https:\/\/easytouchup.eu\/fr\/wp-json\/wp\/v2\/comments?post=5301"}],"version-history":[{"count":4,"href":"https:\/\/easytouchup.eu\/fr\/wp-json\/wp\/v2\/pages\/5301\/revisions"}],"predecessor-version":[{"id":6196,"href":"https:\/\/easytouchup.eu\/fr\/wp-json\/wp\/v2\/pages\/5301\/revisions\/6196"}],"wp:attachment":[{"href":"https:\/\/easytouchup.eu\/fr\/wp-json\/wp\/v2\/media?parent=5301"}],"curies":[{"name":"wp","href":"https:\/\/api.w.org\/{rel}","templated":true}]}}