{"id":5309,"date":"2021-08-30T10:51:31","date_gmt":"2021-08-30T08:51:31","guid":{"rendered":"https:\/\/easytouchup.eu\/chi-siamo\/"},"modified":"2021-10-04T08:46:28","modified_gmt":"2021-10-04T06:46:28","slug":"chi-siamo","status":"publish","type":"page","link":"https:\/\/easytouchup.eu\/fr\/chi-siamo\/","title":{"rendered":"Chi siamo"},"content":{"rendered":"\t\t<div data-elementor-type=\"wp-page\" data-elementor-id=\"5309\" class=\"elementor elementor-5309 elementor-63\" data-elementor-post-type=\"page\">\n\t\t\t\t\t\t<section class=\"elementor-section elementor-top-section elementor-element elementor-element-6997720 elementor-section-boxed elementor-section-height-default elementor-section-height-default\" data-id=\"6997720\" data-element_type=\"section\" data-settings=\"{&quot;background_background&quot;:&quot;classic&quot;,&quot;shape_divider_bottom&quot;:&quot;waves&quot;}\">\n\t\t\t\t\t\t\t<div class=\"elementor-background-overlay\"><\/div>\n\t\t\t\t\t\t<div class=\"elementor-shape elementor-shape-bottom\" data-negative=\"false\">\n\t\t\t<svg xmlns=\"http:\/\/www.w3.org\/2000\/svg\" viewBox=\"0 0 1000 100\" preserveAspectRatio=\"none\">\n\t<path class=\"elementor-shape-fill\" d=\"M421.9,6.5c22.6-2.5,51.5,0.4,75.5,5.3c23.6,4.9,70.9,23.5,100.5,35.7c75.8,32.2,133.7,44.5,192.6,49.7\n\tc23.6,2.1,48.7,3.5,103.4-2.5c54.7-6,106.2-25.6,106.2-25.6V0H0v30.3c0,0,72,32.6,158.4,30.5c39.2-0.7,92.8-6.7,134-22.4\n\tc21.2-8.1,52.2-18.2,79.7-24.2C399.3,7.9,411.6,7.5,421.9,6.5z\"\/>\n<\/svg>\t\t<\/div>\n\t\t\t\t\t<div class=\"elementor-container elementor-column-gap-default\">\n\t\t\t\t\t<div class=\"elementor-column elementor-col-100 elementor-top-column elementor-element elementor-element-a8cebb2\" data-id=\"a8cebb2\" data-element_type=\"column\">\n\t\t\t<div class=\"elementor-widget-wrap elementor-element-populated\">\n\t\t\t\t\t\t<div class=\"elementor-element elementor-element-1e7da7b elementor-widget elementor-widget-heading\" data-id=\"1e7da7b\" data-element_type=\"widget\" data-widget_type=\"heading.default\">\n\t\t\t\t<div class=\"elementor-widget-container\">\n\t\t\t<h2 class=\"elementor-heading-title elementor-size-default\">Qui nous sommes<\/h2>\t\t<\/div>\n\t\t\t\t<\/div>\n\t\t\t\t\t<\/div>\n\t\t<\/div>\n\t\t\t\t\t<\/div>\n\t\t<\/section>\n\t\t\t\t<section class=\"elementor-section elementor-top-section elementor-element elementor-element-950b699 elementor-section-boxed elementor-section-height-default elementor-section-height-default\" data-id=\"950b699\" data-element_type=\"section\">\n\t\t\t\t\t\t<div class=\"elementor-container elementor-column-gap-default\">\n\t\t\t\t\t<div class=\"elementor-column elementor-col-50 elementor-top-column elementor-element elementor-element-78173b5\" data-id=\"78173b5\" data-element_type=\"column\">\n\t\t\t<div class=\"elementor-widget-wrap elementor-element-populated\">\n\t\t\t\t\t\t<div class=\"elementor-element elementor-element-e30be9c elementor-widget elementor-widget-image\" data-id=\"e30be9c\" data-element_type=\"widget\" data-widget_type=\"image.default\">\n\t\t\t\t<div class=\"elementor-widget-container\">\n\t\t\t\t\t\t\t\t\t\t\t\t\t<img decoding=\"async\" width=\"295\" height=\"155\" src=\"https:\/\/easytouchup.eu\/wp-content\/uploads\/2021\/04\/logo-easytouchup.png\" class=\"attachment-large size-large wp-image-5448\" alt=\"\" \/>\t\t\t\t\t\t\t\t\t\t\t\t\t<\/div>\n\t\t\t\t<\/div>\n\t\t\t\t<div class=\"elementor-element elementor-element-2dd81f8 elementor-widget elementor-widget-text-editor\" data-id=\"2dd81f8\" data-element_type=\"widget\" data-widget_type=\"text-editor.default\">\n\t\t\t\t<div class=\"elementor-widget-container\">\n\t\t\t\t\t\t\t<p>Easytouchup.eu est le portail internet de Fiabacolor qui traite de la vente des produits de la marque Easytouchup sur Internet.<br \/>\nLa mission d&rsquo;Easytouchup est :<br \/>\nde sauver notre client gr\u00e2ce \u00e0 l&rsquo;entretien de la peinture de votre voiture, facile, rapide , professionnel !<\/p>\n<p>Profitant des d\u00e9cennies d&rsquo;exp\u00e9rience de l&rsquo;entreprise dans le domaine des peintures automobiles, notre entreprise a reconnu le besoin d&rsquo;un syst\u00e8me de retouche de peinture de carrosserie qui allie professionnalisme, simplicit\u00e9 et facilit\u00e9 d&rsquo;utilisation. &lt;\/p &gt;<\/p>\n<p>Les produits de la marque Easytouchup ont \u00e9t\u00e9 cr\u00e9\u00e9s pour r\u00e9pondre \u00e0 ce besoin !<br \/>\nNous offrons \u00e0 nos clients la possibilit\u00e9 de retoucher leur voiture, en \u00e9conomisant l&rsquo;argent du carrossier, avec un produit de haute qualit\u00e9 disponible dans plus de 95% des couleurs pr\u00e9sent sur le march\u00e9 automobile aujourd&rsquo;hui.<\/p>\n<p><u> Chaque Kit est fabriqu\u00e9 manuellement un \u00e0 la fois sur la base de nos formulations. <\/u><\/p>\n\t\t\t\t\t\t<\/div>\n\t\t\t\t<\/div>\n\t\t\t\t\t<\/div>\n\t\t<\/div>\n\t\t\t\t<div class=\"elementor-column elementor-col-50 elementor-top-column elementor-element elementor-element-2d2010f\" data-id=\"2d2010f\" data-element_type=\"column\">\n\t\t\t<div class=\"elementor-widget-wrap\">\n\t\t\t\t\t\t\t<\/div>\n\t\t<\/div>\n\t\t\t\t\t<\/div>\n\t\t<\/section>\n\t\t\t\t<section class=\"elementor-section elementor-top-section elementor-element elementor-element-633d981 elementor-section-boxed elementor-section-height-default elementor-section-height-default\" data-id=\"633d981\" data-element_type=\"section\">\n\t\t\t\t\t\t<div class=\"elementor-container elementor-column-gap-default\">\n\t\t\t\t\t<div class=\"elementor-column elementor-col-100 elementor-top-column elementor-element elementor-element-7e38f70\" data-id=\"7e38f70\" data-element_type=\"column\">\n\t\t\t<div class=\"elementor-widget-wrap elementor-element-populated\">\n\t\t\t\t\t\t<div class=\"elementor-element elementor-element-d3114ac elementor-widget elementor-widget-heading\" data-id=\"d3114ac\" data-element_type=\"widget\" data-widget_type=\"heading.default\">\n\t\t\t\t<div class=\"elementor-widget-container\">\n\t\t\t<h2 class=\"elementor-heading-title elementor-size-default\">Shop<\/h2>\t\t<\/div>\n\t\t\t\t<\/div>\n\t\t\t\t<div class=\"elementor-element elementor-element-170e761 elementor-grid-3 elementor-grid-tablet-2 elementor-grid-mobile-1 elementor-posts--thumbnail-top elementor-card-shadow-yes elementor-posts__hover-gradient elementor-widget elementor-widget-posts\" data-id=\"170e761\" data-element_type=\"widget\" data-settings=\"{&quot;cards_columns&quot;:&quot;3&quot;,&quot;cards_columns_tablet&quot;:&quot;2&quot;,&quot;cards_columns_mobile&quot;:&quot;1&quot;,&quot;cards_row_gap&quot;:{&quot;unit&quot;:&quot;px&quot;,&quot;size&quot;:35,&quot;sizes&quot;:[]},&quot;cards_row_gap_tablet&quot;:{&quot;unit&quot;:&quot;px&quot;,&quot;size&quot;:&quot;&quot;,&quot;sizes&quot;:[]},&quot;cards_row_gap_mobile&quot;:{&quot;unit&quot;:&quot;px&quot;,&quot;size&quot;:&quot;&quot;,&quot;sizes&quot;:[]}}\" data-widget_type=\"posts.cards\">\n\t\t\t\t<div class=\"elementor-widget-container\">\n\t\t\t\t\t<div class=\"elementor-posts-container elementor-posts elementor-posts--skin-cards elementor-grid\">\n\t\t\t\t<article class=\"elementor-post elementor-grid-item post-5371 product type-product status-publish has-post-thumbnail product_cat-kit-colore-fr first instock shipping-taxable purchasable product-type-simple\">\n\t\t\t<div class=\"elementor-post__card\">\n\t\t\t\t<a class=\"elementor-post__thumbnail__link\" href=\"https:\/\/easytouchup.eu\/fr\/prodotto\/kit-basic\/\" tabindex=\"-1\" ><div class=\"elementor-post__thumbnail\"><img fetchpriority=\"high\" decoding=\"async\" width=\"640\" height=\"364\" src=\"https:\/\/easytouchup.eu\/wp-content\/uploads\/2021\/05\/1.jpeg\" class=\"attachment-full size-full wp-image-5369\" alt=\"\" srcset=\"https:\/\/easytouchup.eu\/wp-content\/uploads\/2021\/05\/1.jpeg 640w, https:\/\/easytouchup.eu\/wp-content\/uploads\/2021\/05\/1-300x171.jpeg 300w, https:\/\/easytouchup.eu\/wp-content\/uploads\/2021\/05\/1-600x341.jpeg 600w\" sizes=\"(max-width: 640px) 100vw, 640px\" \/><\/div><\/a>\n\t\t\t\t<div class=\"elementor-post__text\">\n\t\t\t\t<h3 class=\"elementor-post__title\">\n\t\t\t<a href=\"https:\/\/easytouchup.eu\/fr\/prodotto\/kit-basic\/\" >\n\t\t\t\tKit Basic<span class=\"j-product-list-img\" data-src=\"\/wp-content\/uploads\/2022\/03\/fre.png\"><\/span>\t\t\t<\/a>\n\t\t<\/h3>\n\t\t\n\t\t<a class=\"elementor-post__read-more\" href=\"https:\/\/easytouchup.eu\/fr\/prodotto\/kit-basic\/\" aria-label=\"En savoir plus sur Kit Basic&lt;span class=&quot;j-product-list-img&quot; data-src=&quot;\/wp-content\/uploads\/2022\/03\/fre.png&quot;&gt;&lt;\/span&gt;\" tabindex=\"-1\" >\n\t\t\taller au produit\t\t<\/a>\n\n\t\t\t\t<\/div>\n\t\t\t\t\t<\/div>\n\t\t<\/article>\n\t\t\t\t<article class=\"elementor-post elementor-grid-item post-5367 product type-product status-publish has-post-thumbnail product_cat-kit-colore-fr  instock shipping-taxable purchasable product-type-simple\">\n\t\t\t<div class=\"elementor-post__card\">\n\t\t\t\t<a class=\"elementor-post__thumbnail__link\" href=\"https:\/\/easytouchup.eu\/fr\/prodotto\/kit-standard\/\" tabindex=\"-1\" ><div class=\"elementor-post__thumbnail\"><img decoding=\"async\" width=\"640\" height=\"364\" src=\"https:\/\/easytouchup.eu\/wp-content\/uploads\/2021\/11\/sta-fr.jpg\" class=\"attachment-full size-full wp-image-6705\" alt=\"\" srcset=\"https:\/\/easytouchup.eu\/wp-content\/uploads\/2021\/11\/sta-fr.jpg 640w, https:\/\/easytouchup.eu\/wp-content\/uploads\/2021\/11\/sta-fr-300x171.jpg 300w, https:\/\/easytouchup.eu\/wp-content\/uploads\/2021\/11\/sta-fr-600x341.jpg 600w\" sizes=\"(max-width: 640px) 100vw, 640px\" \/><\/div><\/a>\n\t\t\t\t<div class=\"elementor-post__text\">\n\t\t\t\t<h3 class=\"elementor-post__title\">\n\t\t\t<a href=\"https:\/\/easytouchup.eu\/fr\/prodotto\/kit-standard\/\" >\n\t\t\t\tKit Standard<span class=\"j-product-list-img\" data-src=\"\/wp-content\/uploads\/2022\/03\/fre.png\"><\/span>\t\t\t<\/a>\n\t\t<\/h3>\n\t\t\n\t\t<a class=\"elementor-post__read-more\" href=\"https:\/\/easytouchup.eu\/fr\/prodotto\/kit-standard\/\" aria-label=\"En savoir plus sur Kit Standard&lt;span class=&quot;j-product-list-img&quot; data-src=&quot;\/wp-content\/uploads\/2022\/03\/fre.png&quot;&gt;&lt;\/span&gt;\" tabindex=\"-1\" >\n\t\t\taller au produit\t\t<\/a>\n\n\t\t\t\t<\/div>\n\t\t\t\t\t<\/div>\n\t\t<\/article>\n\t\t\t\t<article class=\"elementor-post elementor-grid-item post-5360 product type-product status-publish has-post-thumbnail product_cat-kit-colore-fr last instock shipping-taxable purchasable product-type-simple\">\n\t\t\t<div class=\"elementor-post__card\">\n\t\t\t\t<a class=\"elementor-post__thumbnail__link\" href=\"https:\/\/easytouchup.eu\/fr\/prodotto\/kit-professional\/\" tabindex=\"-1\" ><div class=\"elementor-post__thumbnail\"><img loading=\"lazy\" decoding=\"async\" width=\"640\" height=\"364\" src=\"https:\/\/easytouchup.eu\/wp-content\/uploads\/2021\/11\/pro-fr.jpg\" class=\"attachment-full size-full wp-image-6709\" alt=\"\" srcset=\"https:\/\/easytouchup.eu\/wp-content\/uploads\/2021\/11\/pro-fr.jpg 640w, https:\/\/easytouchup.eu\/wp-content\/uploads\/2021\/11\/pro-fr-300x171.jpg 300w, https:\/\/easytouchup.eu\/wp-content\/uploads\/2021\/11\/pro-fr-600x341.jpg 600w\" sizes=\"(max-width: 640px) 100vw, 640px\" \/><\/div><\/a>\n\t\t\t\t<div class=\"elementor-post__text\">\n\t\t\t\t<h3 class=\"elementor-post__title\">\n\t\t\t<a href=\"https:\/\/easytouchup.eu\/fr\/prodotto\/kit-professional\/\" >\n\t\t\t\tKit Professional<span class=\"j-product-list-img\" data-src=\"\/wp-content\/uploads\/2022\/03\/fre.png\"><\/span>\t\t\t<\/a>\n\t\t<\/h3>\n\t\t\n\t\t<a class=\"elementor-post__read-more\" href=\"https:\/\/easytouchup.eu\/fr\/prodotto\/kit-professional\/\" aria-label=\"En savoir plus sur Kit Professional&lt;span class=&quot;j-product-list-img&quot; data-src=&quot;\/wp-content\/uploads\/2022\/03\/fre.png&quot;&gt;&lt;\/span&gt;\" tabindex=\"-1\" >\n\t\t\taller au produit\t\t<\/a>\n\n\t\t\t\t<\/div>\n\t\t\t\t\t<\/div>\n\t\t<\/article>\n\t\t\t\t<\/div>\n\t\t\n\t\t\t\t<\/div>\n\t\t\t\t<\/div>\n\t\t\t\t\t<\/div>\n\t\t<\/div>\n\t\t\t\t\t<\/div>\n\t\t<\/section>\n\t\t\t\t<\/div>\n\t\t","protected":false},"excerpt":{"rendered":"<p>Qui nous sommes Easytouchup.eu est le portail internet de Fiabacolor qui traite de la vente des produits de la marque Easytouchup sur Internet. La mission<\/p>\n","protected":false},"author":1,"featured_media":0,"parent":0,"menu_order":0,"comment_status":"closed","ping_status":"closed","template":"","meta":{"_acf_changed":false,"footnotes":""},"class_list":["post-5309","page","type-page","status-publish","hentry"],"acf":[],"yoast_head":"<!-- This site is optimized with the Yoast SEO plugin v23.9 - https:\/\/yoast.com\/wordpress\/plugins\/seo\/ -->\n<title>Chi siamo - Easytouchup<\/title>\n<meta name=\"robots\" content=\"index, follow, max-snippet:-1, max-image-preview:large, max-video-preview:-1\" \/>\n<link rel=\"canonical\" href=\"https:\/\/easytouchup.eu\/fr\/chi-siamo\/\" \/>\n<meta property=\"og:locale\" content=\"fr_FR\" \/>\n<meta property=\"og:type\" content=\"article\" \/>\n<meta property=\"og:title\" content=\"Chi siamo - Easytouchup\" \/>\n<meta property=\"og:description\" content=\"Qui nous sommes Easytouchup.eu est le portail internet de Fiabacolor qui traite de la vente des produits de la marque Easytouchup sur Internet. La mission\" \/>\n<meta property=\"og:url\" content=\"https:\/\/easytouchup.eu\/fr\/chi-siamo\/\" \/>\n<meta property=\"og:site_name\" content=\"Easytouchup\" \/>\n<meta property=\"article:modified_time\" content=\"2021-10-04T06:46:28+00:00\" \/>\n<meta property=\"og:image\" content=\"https:\/\/easytouchup.eu\/wp-content\/uploads\/2021\/04\/logo-easytouchup.png\" \/>\n<meta name=\"twitter:card\" content=\"summary_large_image\" \/>\n<meta name=\"twitter:label1\" content=\"Dur\u00e9e de lecture estim\u00e9e\" \/>\n\t<meta name=\"twitter:data1\" content=\"1 minute\" \/>\n<script type=\"application\/ld+json\" class=\"yoast-schema-graph\">{\"@context\":\"https:\/\/schema.org\",\"@graph\":[{\"@type\":\"WebPage\",\"@id\":\"https:\/\/easytouchup.eu\/fr\/chi-siamo\/\",\"url\":\"https:\/\/easytouchup.eu\/fr\/chi-siamo\/\",\"name\":\"Chi siamo - Easytouchup\",\"isPartOf\":{\"@id\":\"https:\/\/easytouchup.eu\/fr\/#website\"},\"primaryImageOfPage\":{\"@id\":\"https:\/\/easytouchup.eu\/fr\/chi-siamo\/#primaryimage\"},\"image\":{\"@id\":\"https:\/\/easytouchup.eu\/fr\/chi-siamo\/#primaryimage\"},\"thumbnailUrl\":\"https:\/\/easytouchup.eu\/wp-content\/uploads\/2021\/04\/logo-easytouchup.png\",\"datePublished\":\"2021-08-30T08:51:31+00:00\",\"dateModified\":\"2021-10-04T06:46:28+00:00\",\"breadcrumb\":{\"@id\":\"https:\/\/easytouchup.eu\/fr\/chi-siamo\/#breadcrumb\"},\"inLanguage\":\"fr-FR\",\"potentialAction\":[{\"@type\":\"ReadAction\",\"target\":[\"https:\/\/easytouchup.eu\/fr\/chi-siamo\/\"]}]},{\"@type\":\"ImageObject\",\"inLanguage\":\"fr-FR\",\"@id\":\"https:\/\/easytouchup.eu\/fr\/chi-siamo\/#primaryimage\",\"url\":\"https:\/\/easytouchup.eu\/wp-content\/uploads\/2021\/04\/logo-easytouchup.png\",\"contentUrl\":\"https:\/\/easytouchup.eu\/wp-content\/uploads\/2021\/04\/logo-easytouchup.png\"},{\"@type\":\"BreadcrumbList\",\"@id\":\"https:\/\/easytouchup.eu\/fr\/chi-siamo\/#breadcrumb\",\"itemListElement\":[{\"@type\":\"ListItem\",\"position\":1,\"name\":\"Home\",\"item\":\"https:\/\/easytouchup.eu\/fr\/\"},{\"@type\":\"ListItem\",\"position\":2,\"name\":\"Chi siamo\"}]},{\"@type\":\"WebSite\",\"@id\":\"https:\/\/easytouchup.eu\/fr\/#website\",\"url\":\"https:\/\/easytouchup.eu\/fr\/\",\"name\":\"Easytouchup\",\"description\":\"\",\"potentialAction\":[{\"@type\":\"SearchAction\",\"target\":{\"@type\":\"EntryPoint\",\"urlTemplate\":\"https:\/\/easytouchup.eu\/fr\/?s={search_term_string}\"},\"query-input\":{\"@type\":\"PropertyValueSpecification\",\"valueRequired\":true,\"valueName\":\"search_term_string\"}}],\"inLanguage\":\"fr-FR\"}]}<\/script>\n<!-- \/ Yoast SEO plugin. -->","yoast_head_json":{"title":"Chi siamo - Easytouchup","robots":{"index":"index","follow":"follow","max-snippet":"max-snippet:-1","max-image-preview":"max-image-preview:large","max-video-preview":"max-video-preview:-1"},"canonical":"https:\/\/easytouchup.eu\/fr\/chi-siamo\/","og_locale":"fr_FR","og_type":"article","og_title":"Chi siamo - Easytouchup","og_description":"Qui nous sommes Easytouchup.eu est le portail internet de Fiabacolor qui traite de la vente des produits de la marque Easytouchup sur Internet. La mission","og_url":"https:\/\/easytouchup.eu\/fr\/chi-siamo\/","og_site_name":"Easytouchup","article_modified_time":"2021-10-04T06:46:28+00:00","og_image":[{"url":"https:\/\/easytouchup.eu\/wp-content\/uploads\/2021\/04\/logo-easytouchup.png"}],"twitter_card":"summary_large_image","twitter_misc":{"Dur\u00e9e de lecture estim\u00e9e":"1 minute"},"schema":{"@context":"https:\/\/schema.org","@graph":[{"@type":"WebPage","@id":"https:\/\/easytouchup.eu\/fr\/chi-siamo\/","url":"https:\/\/easytouchup.eu\/fr\/chi-siamo\/","name":"Chi siamo - Easytouchup","isPartOf":{"@id":"https:\/\/easytouchup.eu\/fr\/#website"},"primaryImageOfPage":{"@id":"https:\/\/easytouchup.eu\/fr\/chi-siamo\/#primaryimage"},"image":{"@id":"https:\/\/easytouchup.eu\/fr\/chi-siamo\/#primaryimage"},"thumbnailUrl":"https:\/\/easytouchup.eu\/wp-content\/uploads\/2021\/04\/logo-easytouchup.png","datePublished":"2021-08-30T08:51:31+00:00","dateModified":"2021-10-04T06:46:28+00:00","breadcrumb":{"@id":"https:\/\/easytouchup.eu\/fr\/chi-siamo\/#breadcrumb"},"inLanguage":"fr-FR","potentialAction":[{"@type":"ReadAction","target":["https:\/\/easytouchup.eu\/fr\/chi-siamo\/"]}]},{"@type":"ImageObject","inLanguage":"fr-FR","@id":"https:\/\/easytouchup.eu\/fr\/chi-siamo\/#primaryimage","url":"https:\/\/easytouchup.eu\/wp-content\/uploads\/2021\/04\/logo-easytouchup.png","contentUrl":"https:\/\/easytouchup.eu\/wp-content\/uploads\/2021\/04\/logo-easytouchup.png"},{"@type":"BreadcrumbList","@id":"https:\/\/easytouchup.eu\/fr\/chi-siamo\/#breadcrumb","itemListElement":[{"@type":"ListItem","position":1,"name":"Home","item":"https:\/\/easytouchup.eu\/fr\/"},{"@type":"ListItem","position":2,"name":"Chi siamo"}]},{"@type":"WebSite","@id":"https:\/\/easytouchup.eu\/fr\/#website","url":"https:\/\/easytouchup.eu\/fr\/","name":"Easytouchup","description":"","potentialAction":[{"@type":"SearchAction","target":{"@type":"EntryPoint","urlTemplate":"https:\/\/easytouchup.eu\/fr\/?s={search_term_string}"},"query-input":{"@type":"PropertyValueSpecification","valueRequired":true,"valueName":"search_term_string"}}],"inLanguage":"fr-FR"}]}},"_links":{"self":[{"href":"https:\/\/easytouchup.eu\/fr\/wp-json\/wp\/v2\/pages\/5309","targetHints":{"allow":["GET"]}}],"collection":[{"href":"https:\/\/easytouchup.eu\/fr\/wp-json\/wp\/v2\/pages"}],"about":[{"href":"https:\/\/easytouchup.eu\/fr\/wp-json\/wp\/v2\/types\/page"}],"author":[{"embeddable":true,"href":"https:\/\/easytouchup.eu\/fr\/wp-json\/wp\/v2\/users\/1"}],"replies":[{"embeddable":true,"href":"https:\/\/easytouchup.eu\/fr\/wp-json\/wp\/v2\/comments?post=5309"}],"version-history":[{"count":4,"href":"https:\/\/easytouchup.eu\/fr\/wp-json\/wp\/v2\/pages\/5309\/revisions"}],"predecessor-version":[{"id":5466,"href":"https:\/\/easytouchup.eu\/fr\/wp-json\/wp\/v2\/pages\/5309\/revisions\/5466"}],"wp:attachment":[{"href":"https:\/\/easytouchup.eu\/fr\/wp-json\/wp\/v2\/media?parent=5309"}],"curies":[{"name":"wp","href":"https:\/\/api.w.org\/{rel}","templated":true}]}}