{"id":5313,"date":"2021-08-30T10:59:23","date_gmt":"2021-08-30T08:59:23","guid":{"rendered":"https:\/\/easytouchup.eu\/condizioni-generali-di-vendita-cookie-law\/"},"modified":"2021-11-11T09:51:10","modified_gmt":"2021-11-11T08:51:10","slug":"conditions-generales","status":"publish","type":"page","link":"https:\/\/easytouchup.eu\/fr\/conditions-generales\/","title":{"rendered":"Condizioni generali di vendita &#8211; Cookie law"},"content":{"rendered":"\t\t<div data-elementor-type=\"wp-page\" data-elementor-id=\"5313\" class=\"elementor elementor-5313 elementor-61\" data-elementor-post-type=\"page\">\n\t\t\t\t\t\t<section class=\"elementor-section elementor-top-section elementor-element elementor-element-38801d7 elementor-section-boxed elementor-section-height-default elementor-section-height-default\" data-id=\"38801d7\" data-element_type=\"section\" data-settings=\"{&quot;background_background&quot;:&quot;classic&quot;,&quot;shape_divider_bottom&quot;:&quot;waves&quot;}\">\n\t\t\t\t\t\t\t<div class=\"elementor-background-overlay\"><\/div>\n\t\t\t\t\t\t<div class=\"elementor-shape elementor-shape-bottom\" data-negative=\"false\">\n\t\t\t<svg xmlns=\"http:\/\/www.w3.org\/2000\/svg\" viewBox=\"0 0 1000 100\" preserveAspectRatio=\"none\">\n\t<path class=\"elementor-shape-fill\" d=\"M421.9,6.5c22.6-2.5,51.5,0.4,75.5,5.3c23.6,4.9,70.9,23.5,100.5,35.7c75.8,32.2,133.7,44.5,192.6,49.7\n\tc23.6,2.1,48.7,3.5,103.4-2.5c54.7-6,106.2-25.6,106.2-25.6V0H0v30.3c0,0,72,32.6,158.4,30.5c39.2-0.7,92.8-6.7,134-22.4\n\tc21.2-8.1,52.2-18.2,79.7-24.2C399.3,7.9,411.6,7.5,421.9,6.5z\"\/>\n<\/svg>\t\t<\/div>\n\t\t\t\t\t<div class=\"elementor-container elementor-column-gap-default\">\n\t\t\t\t\t<div class=\"elementor-column elementor-col-100 elementor-top-column elementor-element elementor-element-648ac5e\" data-id=\"648ac5e\" data-element_type=\"column\">\n\t\t\t<div class=\"elementor-widget-wrap elementor-element-populated\">\n\t\t\t\t\t\t<div class=\"elementor-element elementor-element-b9b93fc elementor-widget elementor-widget-heading\" data-id=\"b9b93fc\" data-element_type=\"widget\" data-widget_type=\"heading.default\">\n\t\t\t\t<div class=\"elementor-widget-container\">\n\t\t\t<h2 class=\"elementor-heading-title elementor-size-default\">Conditions g\u00e9n\u00e9rales de vente - Loi sur les cookies<\/h2>\t\t<\/div>\n\t\t\t\t<\/div>\n\t\t\t\t\t<\/div>\n\t\t<\/div>\n\t\t\t\t\t<\/div>\n\t\t<\/section>\n\t\t\t\t<section class=\"elementor-section elementor-top-section elementor-element elementor-element-7eee2fd elementor-section-boxed elementor-section-height-default elementor-section-height-default\" data-id=\"7eee2fd\" data-element_type=\"section\">\n\t\t\t\t\t\t<div class=\"elementor-container elementor-column-gap-default\">\n\t\t\t\t\t<div class=\"elementor-column elementor-col-100 elementor-top-column elementor-element elementor-element-1845bb5\" data-id=\"1845bb5\" data-element_type=\"column\">\n\t\t\t<div class=\"elementor-widget-wrap elementor-element-populated\">\n\t\t\t\t\t\t<div class=\"elementor-element elementor-element-640b3c0 elementor-widget elementor-widget-breadcrumbs\" data-id=\"640b3c0\" data-element_type=\"widget\" data-widget_type=\"breadcrumbs.default\">\n\t\t\t\t<div class=\"elementor-widget-container\">\n\t\t\t<p id=\"breadcrumbs\"><span><span><a href=\"https:\/\/easytouchup.eu\/fr\/\">Home<\/a><\/span><\/span><\/p>\t\t<\/div>\n\t\t\t\t<\/div>\n\t\t\t\t\t<\/div>\n\t\t<\/div>\n\t\t\t\t\t<\/div>\n\t\t<\/section>\n\t\t\t\t<section class=\"elementor-section elementor-top-section elementor-element elementor-element-e5db688 elementor-section-boxed elementor-section-height-default elementor-section-height-default\" data-id=\"e5db688\" data-element_type=\"section\">\n\t\t\t\t\t\t<div class=\"elementor-container elementor-column-gap-default\">\n\t\t\t\t\t<div class=\"elementor-column elementor-col-100 elementor-top-column elementor-element elementor-element-5eeaca6\" data-id=\"5eeaca6\" data-element_type=\"column\">\n\t\t\t<div class=\"elementor-widget-wrap elementor-element-populated\">\n\t\t\t\t\t\t<div class=\"elementor-element elementor-element-2e49e52 elementor-widget elementor-widget-text-editor\" data-id=\"2e49e52\" data-element_type=\"widget\" data-widget_type=\"text-editor.default\">\n\t\t\t\t<div class=\"elementor-widget-container\">\n\t\t\t\t\t\t\t<h1 id = \"ezPagesHeading\"> Conditions g\u00e9n\u00e9rales de vente &#8211; Loi sur les cookies <\/h1>\n<div>\n<p> <strong> G\u00e9n\u00e9ral <\/strong> <br \/> le vendeur est la soci\u00e9t\u00e9 italienne <br \/> Fiabacolor srl < br \/> Via S.Brigida, 41 <br \/> 10060 Roletto (To) &#8211; Italie <br \/> Num\u00e9ro de TVA 10036080017 <\/p>\n<p> <strong> Ci-apr\u00e8s \u00ab\u00a0Vendeur\u00a0\u00bb <\/strong> <br \/> Web adresse : <a href=\"http:\/\/www.easytouchup.eu\/\"> www.easytouchup.eu <\/a> <br \/> Service client : <a href = \"mailto: info @ easytouchup .eu \"> info @easytouchup.eu <\/a> <\/p>\n<p> <strong> Conclusion du contrat \/ mode de commande <\/strong> <br \/> Gr\u00e2ce \u00e0 nos portails internet vous aurez la possibilit\u00e9 de commander nos articles par t\u00e9l\u00e9phone , Internet ou t\u00e9l\u00e9copieur. D\u00e8s que vous avez termin\u00e9 et envoy\u00e9 votre commande pour les articles que vous avez choisis, votre commande sera ferme. Les commandes par t\u00e9l\u00e9phone, ainsi que celles par fax ou internet, ont la m\u00eame valeur juridique. En passant votre commande, vous d\u00e9clarez accepter les conditions g\u00e9n\u00e9rales et que vous souhaitez acheter les articles que vous avez choisis. Nous vous enverrons une confirmation de commande. Cependant, la confirmation de la commande n&rsquo;implique pas l&rsquo;acceptation de celle-ci. Le contrat sera conclu \u00e0 r\u00e9ception de la marchandise et au plus tard \u00e0 l&rsquo;expiration du droit de r\u00e9tractation de 10 jours, sous r\u00e9serve d&rsquo;exclusions. <\/p>\n<p> <strong> Droit de r\u00e9tractation <\/strong> <br \/ > Le droit de r\u00e9tractation il est r\u00e9glement\u00e9 par le d\u00e9cret l\u00e9gislatif du 6 septembre 2005 n. 206, il est possible de r\u00e9voquer le contrat dans les 10 jours suivant la livraison de la marchandise. La r\u00e9vocation doit \u00eatre re\u00e7ue par \u00e9crit, par exemple par courrier ou par fax. <\/p>\n<p> <strong> Adressez la r\u00e9tractation \u00e0 : <\/strong> <br \/> e-mail : <a href = \"mailto : info @ easytouchup.eu \"> info@easytouchup.eu <\/a> ou <br \/> fax: 0039 031 62 71 22 ou <br \/> Fiabacolor Srl Via S.Brigida 41 10060 Roletto (Turin) Italie <br \/> Ai conform\u00e9ment \u00e0 l&rsquo;article 55 alin\u00e9a deux lettre C, dont nous reproduisons le texte dans son int\u00e9gralit\u00e9, le droit de r\u00e9tractation ne s&rsquo;applique pas aux produits pr\u00e9par\u00e9s sur demande sp\u00e9cifique du client, qui pour ces produits fournira les donn\u00e9es qui personnalisent le m\u00eame le rendant exclusif. Les frais de livraison ne sont pas remboursables. <br \/> <strong> Exclusions <\/strong> <br \/> 1. Le droit de r\u00e9tractation pr\u00e9vu aux articles 64 et suivants, ainsi que les articles 52 et 53 et le paragraphe 1 de l&rsquo;article 54 ne s&rsquo;appliquent pas : <\/p>\n<p> a) aux contrats de fourniture de denr\u00e9es alimentaires, de boissons ou d&rsquo;autres biens \u00e0 usage domestique de consommation courante fournis au domicile, au lieu de r\u00e9sidence ou au lieu de travail du consommateur, par des distributeurs qui effectuent des tourn\u00e9es fr\u00e9quentes et r\u00e9guli\u00e8res\u00a0; <br \/> b) aux contrats de fourniture de services relatifs \u00e0 l&rsquo;h\u00e9bergement, au transport, \u00e0 la restauration , loisirs, lorsqu&rsquo;au moment de la conclusion du contrat le professionnel s&rsquo;engage \u00e0 fournir ces prestations \u00e0 une date d\u00e9termin\u00e9e ou dans un d\u00e9lai pr\u00e9d\u00e9termin\u00e9.<br \/> 2. Sauf convention contraire entre les parties, le consommateur ne peut exercer le droit de r\u00e9tractation pr\u00e9vu aux articles 64 et suivants dans les cas : <br \/> a) pour la fourniture de services dont l&rsquo;ex\u00e9cution a commenc\u00e9, avec l&rsquo;accord du consommateur, avant de l&rsquo;expiration du d\u00e9lai pr\u00e9vu \u00e0 l&rsquo;article 64, alin\u00e9a 1 ; <br \/> b) pour la fourniture de biens ou de services dont le prix est li\u00e9 aux fluctuations des taux du march\u00e9 financier que le professionnel n&rsquo;est pas en mesure de ma\u00eetriser ; < br \/ > c) la fourniture de biens confectionn\u00e9s sur mesure ou nettement personnalis\u00e9s ou qui, par leur nature, ne peuvent \u00eatre retourn\u00e9s ou sont susceptibles de se d\u00e9t\u00e9riorer ou de se p\u00e9rimer rapidement ; <br \/> d) la fourniture de produits audiovisuels ou de logiciels informatiques scell\u00e9s, ouverts par le consommateur\u00a0; <br \/> e) pour la fourniture de journaux, p\u00e9riodiques et magazines. <br \/> f) pour les services de paris et de loterie. <\/p>\n<p> <strong> Sites Web\u00a0: responsabilit\u00e9 en cas de d\u00e9fauts <\/ strong> <br \/> La mise en page de nos sites se fait selon les crit\u00e8res de la &lsquo;agence. Nous ne pouvons garantir que nos sites Web r\u00e9pondent \u00e0 tous les besoins des clients et qu&rsquo;ils sont accessibles 24 heures sur 24, sans interruption, en toute s\u00e9curit\u00e9 et sans erreurs. L&rsquo;utilisation des sites Internet est sous la responsabilit\u00e9 du client. Nous n&rsquo;assumons aucune responsabilit\u00e9 pour les effets caus\u00e9s par l&rsquo;utilisation du site et pour l&rsquo;exactitude des informations obtenues \u00e0 partir de nos sites. <br \/> Protection de la propri\u00e9t\u00e9 intellectuelle <br \/> Le corpus de textes, sons, images, graphiques, les animations, clips vid\u00e9o, ainsi que leur disposition sur nos sites Internet sont prot\u00e9g\u00e9s par le droit d&rsquo;auteur. Le contenu des pages Web ne peut \u00eatre copi\u00e9, diffus\u00e9, modifi\u00e9 ou rendu accessible \u00e0 des tiers. Certains de nos sites Web contiennent des images prot\u00e9g\u00e9es par le droit d&rsquo;auteur de tiers. Sauf indication contraire, les marques figurant sur nos pages Web sont prot\u00e9g\u00e9es par le droit des marques. Aucune licence ne sera accord\u00e9e sur nos sites Web pour l&rsquo;utilisation de la propri\u00e9t\u00e9 intellectuelle par nous ou par des tiers. <\/p>\n<p> <strong> Obligation d&rsquo;information <\/strong> <br \/> Si vous souhaitez vous inscrire sur l&rsquo;un de nos sites Internet, vos donn\u00e9es personnelles vous seront demand\u00e9es. Les donn\u00e9es que vous fournissez seront enregistr\u00e9es. Il sera possible de modifier les donn\u00e9es pendant ou apr\u00e8s la commande ; il suffit de cliquer sur : \u00ab Ma commande \u00bb ou \u00ab Contact \u00bb (selon le site que vous avez consult\u00e9). Apr\u00e8s votre inscription, un mot de passe et un nom d&rsquo;utilisateur vous seront attribu\u00e9s. Vous devez vous assurer que le mot de passe et le nom d&rsquo;utilisateur que vous avez choisis ne sont pas accessibles \u00e0 des tiers. Vous \u00eates tenu de nous informer de toute utilisation abusive de votre mot de passe ou de votre compte. Les deux parties contractantes ont le droit de fermer le compte sans avoir \u00e0 en indiquer le motif. Dans ce cas, Fiabacolor bloquerait ou supprimerait toutes les donn\u00e9es que vous avez fournies. <\/p>\n<p> <strong> Loi <\/strong> <br \/> Ce contrat est soumis \u00e0 la loi italienne. La langue de ce contrat est l&rsquo;italien.<br \/> La juridiction comp\u00e9tente est le Tribunal de Pinerolo. Il est interdit de faire usage de la l\u00e9gislation commerciale de l&rsquo;Union Europ\u00e9enne (accord contractuel concernant la vente internationale d&rsquo;articles du 11\/04\/1980) <\/p>\n<p> <strong> Cookie Low <\/strong> <\/p>\n<p> < p> Pour notre site Web, nous utilisons des \u00ab\u00a0cookies\u00a0\u00bb\u00a0; Les \u00ab\u00a0cookies\u00a0\u00bb sont de petits fichiers texte qui sont stock\u00e9s par le navigateur sur votre ordinateur. Le but des cookies est de reconna\u00eetre les param\u00e8tres individuels de votre session et les donn\u00e9es d&rsquo;acc\u00e8s sous forme crypt\u00e9e pour permettre la connexion automatique \u00e0 l&rsquo;Espace Priv\u00e9. En ce qui concerne les importations de navigateur, vous avez la possibilit\u00e9 de refuser les cookies, de les supprimer ou de les bloquer. <\/p>\n<p> Utilisation de Google Analytics : Pour analyser les donn\u00e9es Web, nous utilisons Google Analytics, un outil d&rsquo;analyse d\u00e9velopp\u00e9 par Google Inc. Google Analytics utilise des \u00ab cookies \u00bb, des fichiers texte enregistr\u00e9s sur votre ordinateur, pour d\u00e9terminer la session de l&rsquo;utilisateur et fournir des rapports d&rsquo;analyse. Les informations cr\u00e9\u00e9es par le cookie (y compris votre adresse IP) sont transmises \u00e0 Google (USA) sous une forme s\u00e9curis\u00e9e et enregistr\u00e9es sur ses serveurs. <\/p>\n<\/p><\/div>\n\t\t\t\t\t\t<\/div>\n\t\t\t\t<\/div>\n\t\t\t\t\t<\/div>\n\t\t<\/div>\n\t\t\t\t\t<\/div>\n\t\t<\/section>\n\t\t\t\t<\/div>\n\t\t","protected":false},"excerpt":{"rendered":"<p>Conditions g\u00e9n\u00e9rales de vente &#8211; Loi sur les cookies Conditions g\u00e9n\u00e9rales de vente &#8211; Loi sur les cookies G\u00e9n\u00e9ral le vendeur est la soci\u00e9t\u00e9 italienne Fiabacolor srl &lt; br \/&gt; Via S.Brigida, 41 10060 Roletto (To) &#8211; Italie Num\u00e9ro de TVA 10036080017 Ci-apr\u00e8s \u00ab\u00a0Vendeur\u00a0\u00bb Web adresse : www.easytouchup.eu Service client : info @easytouchup.eu Conclusion du [&hellip;]<\/p>\n","protected":false},"author":1,"featured_media":0,"parent":0,"menu_order":0,"comment_status":"closed","ping_status":"closed","template":"","meta":{"_acf_changed":false,"footnotes":""},"class_list":["post-5313","page","type-page","status-publish","hentry"],"acf":[],"yoast_head":"<!-- This site is optimized with the Yoast SEO plugin v23.9 - https:\/\/yoast.com\/wordpress\/plugins\/seo\/ -->\n<title>Condizioni generali di vendita - Cookie law - Easytouchup<\/title>\n<meta name=\"robots\" content=\"index, follow, max-snippet:-1, max-image-preview:large, max-video-preview:-1\" \/>\n<link rel=\"canonical\" href=\"https:\/\/easytouchup.eu\/fr\/conditions-generales\/\" \/>\n<meta property=\"og:locale\" content=\"fr_FR\" \/>\n<meta property=\"og:type\" content=\"article\" \/>\n<meta property=\"og:title\" content=\"Condizioni generali di vendita - Cookie law - Easytouchup\" \/>\n<meta property=\"og:description\" content=\"Conditions g\u00e9n\u00e9rales de vente &#8211; Loi sur les cookies Conditions g\u00e9n\u00e9rales de vente &#8211; Loi sur les cookies G\u00e9n\u00e9ral le vendeur est la soci\u00e9t\u00e9 italienne Fiabacolor srl &lt; br \/&gt; Via S.Brigida, 41 10060 Roletto (To) &#8211; Italie Num\u00e9ro de TVA 10036080017 Ci-apr\u00e8s \u00ab\u00a0Vendeur\u00a0\u00bb Web adresse : www.easytouchup.eu Service client : info @easytouchup.eu Conclusion du [&hellip;]\" \/>\n<meta property=\"og:url\" content=\"https:\/\/easytouchup.eu\/fr\/conditions-generales\/\" \/>\n<meta property=\"og:site_name\" content=\"Easytouchup\" \/>\n<meta property=\"article:modified_time\" content=\"2021-11-11T08:51:10+00:00\" \/>\n<meta name=\"twitter:card\" content=\"summary_large_image\" \/>\n<meta name=\"twitter:label1\" content=\"Dur\u00e9e de lecture estim\u00e9e\" \/>\n\t<meta name=\"twitter:data1\" content=\"6 minutes\" \/>\n<script type=\"application\/ld+json\" class=\"yoast-schema-graph\">{\"@context\":\"https:\/\/schema.org\",\"@graph\":[{\"@type\":\"WebPage\",\"@id\":\"https:\/\/easytouchup.eu\/fr\/conditions-generales\/\",\"url\":\"https:\/\/easytouchup.eu\/fr\/conditions-generales\/\",\"name\":\"Condizioni generali di vendita - Cookie law - Easytouchup\",\"isPartOf\":{\"@id\":\"https:\/\/easytouchup.eu\/fr\/#website\"},\"datePublished\":\"2021-08-30T08:59:23+00:00\",\"dateModified\":\"2021-11-11T08:51:10+00:00\",\"breadcrumb\":{\"@id\":\"https:\/\/easytouchup.eu\/fr\/conditions-generales\/#breadcrumb\"},\"inLanguage\":\"fr-FR\",\"potentialAction\":[{\"@type\":\"ReadAction\",\"target\":[\"https:\/\/easytouchup.eu\/fr\/conditions-generales\/\"]}]},{\"@type\":\"BreadcrumbList\",\"@id\":\"https:\/\/easytouchup.eu\/fr\/conditions-generales\/#breadcrumb\",\"itemListElement\":[{\"@type\":\"ListItem\",\"position\":1,\"name\":\"Home\",\"item\":\"https:\/\/easytouchup.eu\/fr\/\"},{\"@type\":\"ListItem\",\"position\":2,\"name\":\"Condizioni generali di vendita &#8211; Cookie law\"}]},{\"@type\":\"WebSite\",\"@id\":\"https:\/\/easytouchup.eu\/fr\/#website\",\"url\":\"https:\/\/easytouchup.eu\/fr\/\",\"name\":\"Easytouchup\",\"description\":\"\",\"potentialAction\":[{\"@type\":\"SearchAction\",\"target\":{\"@type\":\"EntryPoint\",\"urlTemplate\":\"https:\/\/easytouchup.eu\/fr\/?s={search_term_string}\"},\"query-input\":{\"@type\":\"PropertyValueSpecification\",\"valueRequired\":true,\"valueName\":\"search_term_string\"}}],\"inLanguage\":\"fr-FR\"}]}<\/script>\n<!-- \/ Yoast SEO plugin. -->","yoast_head_json":{"title":"Condizioni generali di vendita - Cookie law - Easytouchup","robots":{"index":"index","follow":"follow","max-snippet":"max-snippet:-1","max-image-preview":"max-image-preview:large","max-video-preview":"max-video-preview:-1"},"canonical":"https:\/\/easytouchup.eu\/fr\/conditions-generales\/","og_locale":"fr_FR","og_type":"article","og_title":"Condizioni generali di vendita - Cookie law - Easytouchup","og_description":"Conditions g\u00e9n\u00e9rales de vente &#8211; Loi sur les cookies Conditions g\u00e9n\u00e9rales de vente &#8211; Loi sur les cookies G\u00e9n\u00e9ral le vendeur est la soci\u00e9t\u00e9 italienne Fiabacolor srl &lt; br \/&gt; Via S.Brigida, 41 10060 Roletto (To) &#8211; Italie Num\u00e9ro de TVA 10036080017 Ci-apr\u00e8s \u00ab\u00a0Vendeur\u00a0\u00bb Web adresse : www.easytouchup.eu Service client : info @easytouchup.eu Conclusion du [&hellip;]","og_url":"https:\/\/easytouchup.eu\/fr\/conditions-generales\/","og_site_name":"Easytouchup","article_modified_time":"2021-11-11T08:51:10+00:00","twitter_card":"summary_large_image","twitter_misc":{"Dur\u00e9e de lecture estim\u00e9e":"6 minutes"},"schema":{"@context":"https:\/\/schema.org","@graph":[{"@type":"WebPage","@id":"https:\/\/easytouchup.eu\/fr\/conditions-generales\/","url":"https:\/\/easytouchup.eu\/fr\/conditions-generales\/","name":"Condizioni generali di vendita - Cookie law - Easytouchup","isPartOf":{"@id":"https:\/\/easytouchup.eu\/fr\/#website"},"datePublished":"2021-08-30T08:59:23+00:00","dateModified":"2021-11-11T08:51:10+00:00","breadcrumb":{"@id":"https:\/\/easytouchup.eu\/fr\/conditions-generales\/#breadcrumb"},"inLanguage":"fr-FR","potentialAction":[{"@type":"ReadAction","target":["https:\/\/easytouchup.eu\/fr\/conditions-generales\/"]}]},{"@type":"BreadcrumbList","@id":"https:\/\/easytouchup.eu\/fr\/conditions-generales\/#breadcrumb","itemListElement":[{"@type":"ListItem","position":1,"name":"Home","item":"https:\/\/easytouchup.eu\/fr\/"},{"@type":"ListItem","position":2,"name":"Condizioni generali di vendita &#8211; Cookie law"}]},{"@type":"WebSite","@id":"https:\/\/easytouchup.eu\/fr\/#website","url":"https:\/\/easytouchup.eu\/fr\/","name":"Easytouchup","description":"","potentialAction":[{"@type":"SearchAction","target":{"@type":"EntryPoint","urlTemplate":"https:\/\/easytouchup.eu\/fr\/?s={search_term_string}"},"query-input":{"@type":"PropertyValueSpecification","valueRequired":true,"valueName":"search_term_string"}}],"inLanguage":"fr-FR"}]}},"_links":{"self":[{"href":"https:\/\/easytouchup.eu\/fr\/wp-json\/wp\/v2\/pages\/5313","targetHints":{"allow":["GET"]}}],"collection":[{"href":"https:\/\/easytouchup.eu\/fr\/wp-json\/wp\/v2\/pages"}],"about":[{"href":"https:\/\/easytouchup.eu\/fr\/wp-json\/wp\/v2\/types\/page"}],"author":[{"embeddable":true,"href":"https:\/\/easytouchup.eu\/fr\/wp-json\/wp\/v2\/users\/1"}],"replies":[{"embeddable":true,"href":"https:\/\/easytouchup.eu\/fr\/wp-json\/wp\/v2\/comments?post=5313"}],"version-history":[{"count":2,"href":"https:\/\/easytouchup.eu\/fr\/wp-json\/wp\/v2\/pages\/5313\/revisions"}],"predecessor-version":[{"id":6186,"href":"https:\/\/easytouchup.eu\/fr\/wp-json\/wp\/v2\/pages\/5313\/revisions\/6186"}],"wp:attachment":[{"href":"https:\/\/easytouchup.eu\/fr\/wp-json\/wp\/v2\/media?parent=5313"}],"curies":[{"name":"wp","href":"https:\/\/api.w.org\/{rel}","templated":true}]}}