{"id":5321,"date":"2021-08-30T11:10:53","date_gmt":"2021-08-30T09:10:53","guid":{"rendered":"https:\/\/easytouchup.eu\/f-a-q\/"},"modified":"2021-08-30T11:10:54","modified_gmt":"2021-08-30T09:10:54","slug":"f-a-q","status":"publish","type":"page","link":"https:\/\/easytouchup.eu\/fr\/f-a-q\/","title":{"rendered":"F.A.Q."},"content":{"rendered":"\t\t<div data-elementor-type=\"wp-page\" data-elementor-id=\"5321\" class=\"elementor elementor-5321 elementor-57\" data-elementor-post-type=\"page\">\n\t\t\t\t\t\t<section class=\"elementor-section elementor-top-section elementor-element elementor-element-c0eb8d1 elementor-section-boxed elementor-section-height-default elementor-section-height-default\" data-id=\"c0eb8d1\" data-element_type=\"section\" data-settings=\"{&quot;background_background&quot;:&quot;classic&quot;,&quot;shape_divider_bottom&quot;:&quot;waves&quot;}\">\n\t\t\t\t\t\t\t<div class=\"elementor-background-overlay\"><\/div>\n\t\t\t\t\t\t<div class=\"elementor-shape elementor-shape-bottom\" data-negative=\"false\">\n\t\t\t<svg xmlns=\"http:\/\/www.w3.org\/2000\/svg\" viewBox=\"0 0 1000 100\" preserveAspectRatio=\"none\">\n\t<path class=\"elementor-shape-fill\" d=\"M421.9,6.5c22.6-2.5,51.5,0.4,75.5,5.3c23.6,4.9,70.9,23.5,100.5,35.7c75.8,32.2,133.7,44.5,192.6,49.7\n\tc23.6,2.1,48.7,3.5,103.4-2.5c54.7-6,106.2-25.6,106.2-25.6V0H0v30.3c0,0,72,32.6,158.4,30.5c39.2-0.7,92.8-6.7,134-22.4\n\tc21.2-8.1,52.2-18.2,79.7-24.2C399.3,7.9,411.6,7.5,421.9,6.5z\"\/>\n<\/svg>\t\t<\/div>\n\t\t\t\t\t<div class=\"elementor-container elementor-column-gap-default\">\n\t\t\t\t\t<div class=\"elementor-column elementor-col-100 elementor-top-column elementor-element elementor-element-3065de2\" data-id=\"3065de2\" data-element_type=\"column\">\n\t\t\t<div class=\"elementor-widget-wrap elementor-element-populated\">\n\t\t\t\t\t\t<div class=\"elementor-element elementor-element-a69192a elementor-widget elementor-widget-heading\" data-id=\"a69192a\" data-element_type=\"widget\" data-widget_type=\"heading.default\">\n\t\t\t\t<div class=\"elementor-widget-container\">\n\t\t\t<h2 class=\"elementor-heading-title elementor-size-default\">F.A.Q. - Questions fr\u00e9quentes<\/h2>\t\t<\/div>\n\t\t\t\t<\/div>\n\t\t\t\t\t<\/div>\n\t\t<\/div>\n\t\t\t\t\t<\/div>\n\t\t<\/section>\n\t\t\t\t<section class=\"elementor-section elementor-top-section elementor-element elementor-element-cc39997 elementor-section-boxed elementor-section-height-default elementor-section-height-default\" data-id=\"cc39997\" data-element_type=\"section\">\n\t\t\t\t\t\t<div class=\"elementor-container elementor-column-gap-default\">\n\t\t\t\t\t<div class=\"elementor-column elementor-col-100 elementor-top-column elementor-element elementor-element-7a8b55d\" data-id=\"7a8b55d\" data-element_type=\"column\">\n\t\t\t<div class=\"elementor-widget-wrap elementor-element-populated\">\n\t\t\t\t\t\t<div class=\"elementor-element elementor-element-b85dde1 elementor-widget elementor-widget-breadcrumbs\" data-id=\"b85dde1\" data-element_type=\"widget\" data-widget_type=\"breadcrumbs.default\">\n\t\t\t\t<div class=\"elementor-widget-container\">\n\t\t\t<p id=\"breadcrumbs\"><span><span><a href=\"https:\/\/easytouchup.eu\/fr\/\">Home<\/a><\/span><\/span><\/p>\t\t<\/div>\n\t\t\t\t<\/div>\n\t\t\t\t\t<\/div>\n\t\t<\/div>\n\t\t\t\t\t<\/div>\n\t\t<\/section>\n\t\t\t\t<section class=\"elementor-section elementor-top-section elementor-element elementor-element-ec3a494 elementor-section-boxed elementor-section-height-default elementor-section-height-default\" data-id=\"ec3a494\" data-element_type=\"section\">\n\t\t\t\t\t\t<div class=\"elementor-container elementor-column-gap-default\">\n\t\t\t\t\t<div class=\"elementor-column elementor-col-100 elementor-top-column elementor-element elementor-element-2b6d3c1\" data-id=\"2b6d3c1\" data-element_type=\"column\">\n\t\t\t<div class=\"elementor-widget-wrap elementor-element-populated\">\n\t\t\t\t\t\t<div class=\"elementor-element elementor-element-874bb80 elementor-widget elementor-widget-text-editor\" data-id=\"874bb80\" data-element_type=\"widget\" data-widget_type=\"text-editor.default\">\n\t\t\t\t<div class=\"elementor-widget-container\">\n\t\t\t\t\t\t\t<p> Veuillez noter qu&rsquo;il s&rsquo;agit d&rsquo;un kit de r\u00e9paration et de retouche de peinture. Ce n&rsquo;est pas la solution pour toutes les r\u00e9parations de peinture, et ce n&rsquo;est pas un substitut \u00e0 la carrosserie. Tenez compte de la nature de la r\u00e9paration n\u00e9cessaire avant de passer commande. <br \/> Cependant, si vous ne souhaitez pas vous rendre chez le carrossier et d\u00e9penser des centaines d&rsquo;euros pour faire r\u00e9parer parfaitement votre v\u00e9hicule, notre syst\u00e8me est la meilleure alternative. <br \/ > Nous vous invitons. Veuillez consulter notre FAQ \/ Informations d&rsquo;assistance avant d&rsquo;utiliser le produit, y compris des informations sur les limitations de notre produit et les exemples de photos \/ vid\u00e9os de d\u00e9monstration fournis. <br \/> Veuillez nous contacter pour toute question ou probl\u00e8me pouvant survenir lorsque la peinture est appliqu\u00e9e. Nous sommes en mesure de r\u00e9soudre le probl\u00e8me dans un d\u00e9lai tr\u00e8s court. De plus, nos couleurs sont formul\u00e9es manuellement une \u00e0 une sur la base des codes originaux que vous commandez de temps en temps <\/p>\n\t\t\t\t\t\t<\/div>\n\t\t\t\t<\/div>\n\t\t\t\t<div class=\"elementor-element elementor-element-551430a elementor-widget elementor-widget-accordion\" data-id=\"551430a\" data-element_type=\"widget\" data-widget_type=\"accordion.default\">\n\t\t\t\t<div class=\"elementor-widget-container\">\n\t\t\t\t\t<div class=\"elementor-accordion\">\n\t\t\t\t\t\t\t<div class=\"elementor-accordion-item\">\n\t\t\t\t\t<div id=\"elementor-tab-title-8921\" class=\"elementor-tab-title\" data-tab=\"1\" role=\"button\" aria-controls=\"elementor-tab-content-8921\" aria-expanded=\"false\">\n\t\t\t\t\t\t\t\t\t\t\t\t\t<span class=\"elementor-accordion-icon elementor-accordion-icon-left\" aria-hidden=\"true\">\n\t\t\t\t\t\t\t\t\t\t\t\t\t\t\t<span class=\"elementor-accordion-icon-closed\"><i class=\"fas fa-plus\"><\/i><\/span>\n\t\t\t\t\t\t\t\t<span class=\"elementor-accordion-icon-opened\"><i class=\"fas fa-minus\"><\/i><\/span>\n\t\t\t\t\t\t\t\t\t\t\t\t\t\t<\/span>\n\t\t\t\t\t\t\t\t\t\t\t\t<a class=\"elementor-accordion-title\" tabindex=\"0\">Quels travaux pr\u00e9paratoires sont n\u00e9cessaires avant la retouche?<\/a>\n\t\t\t\t\t<\/div>\n\t\t\t\t\t<div id=\"elementor-tab-content-8921\" class=\"elementor-tab-content elementor-clearfix\" data-tab=\"1\" role=\"region\" aria-labelledby=\"elementor-tab-title-8921\"><p> Laver et s\u00e9cher soigneusement la zone de retouche est plus que suffisant. La zone \u00e0 retoucher doit \u00eatre parfaitement s\u00e8che. <\/p>\n<\/div>\n\t\t\t\t<\/div>\n\t\t\t\t\t\t\t<div class=\"elementor-accordion-item\">\n\t\t\t\t\t<div id=\"elementor-tab-title-8922\" class=\"elementor-tab-title\" data-tab=\"2\" role=\"button\" aria-controls=\"elementor-tab-content-8922\" aria-expanded=\"false\">\n\t\t\t\t\t\t\t\t\t\t\t\t\t<span class=\"elementor-accordion-icon elementor-accordion-icon-left\" aria-hidden=\"true\">\n\t\t\t\t\t\t\t\t\t\t\t\t\t\t\t<span class=\"elementor-accordion-icon-closed\"><i class=\"fas fa-plus\"><\/i><\/span>\n\t\t\t\t\t\t\t\t<span class=\"elementor-accordion-icon-opened\"><i class=\"fas fa-minus\"><\/i><\/span>\n\t\t\t\t\t\t\t\t\t\t\t\t\t\t<\/span>\n\t\t\t\t\t\t\t\t\t\t\t\t<a class=\"elementor-accordion-title\" tabindex=\"0\">La peinture permet-elle des retouches permanentes?<\/a>\n\t\t\t\t\t<\/div>\n\t\t\t\t\t<div id=\"elementor-tab-content-8922\" class=\"elementor-tab-content elementor-clearfix\" data-tab=\"2\" role=\"region\" aria-labelledby=\"elementor-tab-title-8922\"><p> Oui, sept ans est la p\u00e9riode la plus longue que nous ayons surveill\u00e9e, et c&rsquo;est comme le premier jour o\u00f9 elle a \u00e9t\u00e9 appliqu\u00e9e. <\/p>\n<\/div>\n\t\t\t\t<\/div>\n\t\t\t\t\t\t\t<div class=\"elementor-accordion-item\">\n\t\t\t\t\t<div id=\"elementor-tab-title-8923\" class=\"elementor-tab-title\" data-tab=\"3\" role=\"button\" aria-controls=\"elementor-tab-content-8923\" aria-expanded=\"false\">\n\t\t\t\t\t\t\t\t\t\t\t\t\t<span class=\"elementor-accordion-icon elementor-accordion-icon-left\" aria-hidden=\"true\">\n\t\t\t\t\t\t\t\t\t\t\t\t\t\t\t<span class=\"elementor-accordion-icon-closed\"><i class=\"fas fa-plus\"><\/i><\/span>\n\t\t\t\t\t\t\t\t<span class=\"elementor-accordion-icon-opened\"><i class=\"fas fa-minus\"><\/i><\/span>\n\t\t\t\t\t\t\t\t\t\t\t\t\t\t<\/span>\n\t\t\t\t\t\t\t\t\t\t\t\t<a class=\"elementor-accordion-title\" tabindex=\"0\">La retouche Easytouchup est-elle faite sp\u00e9cialement pour moi?<\/a>\n\t\t\t\t\t<\/div>\n\t\t\t\t\t<div id=\"elementor-tab-content-8923\" class=\"elementor-tab-content elementor-clearfix\" data-tab=\"3\" role=\"region\" aria-labelledby=\"elementor-tab-title-8923\"><p> Oui. Toute la peinture est sp\u00e9cialement pr\u00e9par\u00e9e pour vous sur la base du code couleur d&rsquo;origine que vous avez command\u00e9, il s&rsquo;agit donc d&rsquo;un produit personnalis\u00e9 pr\u00e9par\u00e9 selon les formules de peinture des constructeurs automobiles. En fait, avec des milliers et des milliers de codes sur le march\u00e9, nous ne pouvions pas avoir tous les produits en stock. <\/p>\n<\/div>\n\t\t\t\t<\/div>\n\t\t\t\t\t\t\t<div class=\"elementor-accordion-item\">\n\t\t\t\t\t<div id=\"elementor-tab-title-8924\" class=\"elementor-tab-title\" data-tab=\"4\" role=\"button\" aria-controls=\"elementor-tab-content-8924\" aria-expanded=\"false\">\n\t\t\t\t\t\t\t\t\t\t\t\t\t<span class=\"elementor-accordion-icon elementor-accordion-icon-left\" aria-hidden=\"true\">\n\t\t\t\t\t\t\t\t\t\t\t\t\t\t\t<span class=\"elementor-accordion-icon-closed\"><i class=\"fas fa-plus\"><\/i><\/span>\n\t\t\t\t\t\t\t\t<span class=\"elementor-accordion-icon-opened\"><i class=\"fas fa-minus\"><\/i><\/span>\n\t\t\t\t\t\t\t\t\t\t\t\t\t\t<\/span>\n\t\t\t\t\t\t\t\t\t\t\t\t<a class=\"elementor-accordion-title\" tabindex=\"0\">Quelle est la dur\u00e9e de conservation des produits Easytouchup?<\/a>\n\t\t\t\t\t<\/div>\n\t\t\t\t\t<div id=\"elementor-tab-content-8924\" class=\"elementor-tab-content elementor-clearfix\" data-tab=\"4\" role=\"region\" aria-labelledby=\"elementor-tab-title-8924\"><p> Gr\u00e2ce \u00e0 la fermeture \u00e0 valve des produits, la peinture n&rsquo;entre jamais en contact avec l&rsquo;air donc la dur\u00e9e peut aller jusqu&rsquo;\u00e0 deux ans. . Conservez dans un endroit frais et sec. Pour une dur\u00e9e optimale, secouez le flacon de temps en temps <\/p>\n<\/div>\n\t\t\t\t<\/div>\n\t\t\t\t\t\t\t<div class=\"elementor-accordion-item\">\n\t\t\t\t\t<div id=\"elementor-tab-title-8925\" class=\"elementor-tab-title\" data-tab=\"5\" role=\"button\" aria-controls=\"elementor-tab-content-8925\" aria-expanded=\"false\">\n\t\t\t\t\t\t\t\t\t\t\t\t\t<span class=\"elementor-accordion-icon elementor-accordion-icon-left\" aria-hidden=\"true\">\n\t\t\t\t\t\t\t\t\t\t\t\t\t\t\t<span class=\"elementor-accordion-icon-closed\"><i class=\"fas fa-plus\"><\/i><\/span>\n\t\t\t\t\t\t\t\t<span class=\"elementor-accordion-icon-opened\"><i class=\"fas fa-minus\"><\/i><\/span>\n\t\t\t\t\t\t\t\t\t\t\t\t\t\t<\/span>\n\t\t\t\t\t\t\t\t\t\t\t\t<a class=\"elementor-accordion-title\" tabindex=\"0\">Quel type de retouche puis-je faire?<\/a>\n\t\t\t\t\t<\/div>\n\t\t\t\t\t<div id=\"elementor-tab-content-8925\" class=\"elementor-tab-content elementor-clearfix\" data-tab=\"5\" role=\"region\" aria-labelledby=\"elementor-tab-title-8925\"><p> Notre syst\u00e8me de peinture est essentiellement con\u00e7u pour traiter \u00e0 la fois les rayures et les rayures et les entailles, mais fonctionnera bien sur certains types de rayures et peu sur d&rsquo;autres. Il y a plusieurs variables qui d\u00e9terminent la qualit\u00e9 de la r\u00e9paration : <\/p>\n<h2> <strong> Ligne superficielle \u00e9troite et longue <\/strong> <\/h2>\n<ul>\n<li> souvent il suffit d&rsquo;utiliser le stylo assistant pour avoir un excellent r\u00e9sultat, \u00e9ventuellement faire de petits ajustements avec le stylo de peinture fine o\u00f9 la ligne est plus profonde ligne \u00e9troite et longue\n<\/li>\n<li> utilisez le stylo assistant pour att\u00e9nuer les dommages, puis appliquez le feutre fin sur la zone s\u00e8che et sur tout le trait, si besoin apr\u00e8s avoir laiss\u00e9 s\u00e9cher la peinture, utiliser le feutre vernis transparent pour donner de l&rsquo;\u00e9clat \u00e0 la rayure de retouche et des entailles peu \u00e9tendues\n<\/li>\n<li> lorsque la zone touch\u00e9e par les d\u00e9g\u00e2ts est inf\u00e9rieure \u00e0 la surface d&rsquo;une pi\u00e8ce de 1 centime d&rsquo;euro, utiliser le feutre peinture fine, si n\u00e9cessaire apr\u00e8s s\u00e9chage de la peinture, utiliser le feutre vernis transparent pour donner de l&rsquo;\u00e9clat \u00e0 la retouche de rayures et d&rsquo;entailles en moyenne\n<\/li>\n<li> lorsque la zone touch\u00e9e par le l&rsquo;endommagement se situe approximativement entre la surface d&rsquo;une pi\u00e8ce d&rsquo;un centime d&rsquo;euro et d&rsquo;une pi\u00e8ce de 2 euros, utiliser le m\u00e9dium stylo peinture, si besoin apr\u00e8s s\u00e9chage de la peinture, utiliser le stylo vernis vernis pour donner de l&rsquo;\u00e9clat \u00e0 la retouche < \/ li> <\/ul>\n<h2 > Rayures et entailles multiples en moyenne \u00e9tendues <\/h2>\n<ul>\n<li> lorsque la zone touch\u00e9e par les d\u00e9g\u00e2ts est tr\u00e8s grande mais form\u00e9e par de multiples rayures et entailles dont la surface unique est elle se situe \u00e0 peu pr\u00e8s entre la surface d&rsquo;une pi\u00e8ce d&rsquo;un centime d&rsquo;euro et une pi\u00e8ce de 2 euros, utilisez le stylo assistant pour att\u00e9nuer les d\u00e9g\u00e2ts et effacer les taches sur la carrosserie et les rayures des autres voitures, utilisez le stylo peinture moyen pour retoucher, si n\u00e9cessaire apr\u00e8s s\u00e9chage de la peinture, utilisez le stylo peinture vernis pour donner de la brillance \u00e0 la rayure tr\u00e8s \u00e9tendue et \u00e0 la retouche des rayures lorsque la zone touch\u00e9e par l&rsquo;endommagement est tr\u00e8s \u00e9tendue avec une surface de l&rsquo;endommagement \u00e9gale ou sup\u00e9rieure \u00e0 la surface d&rsquo;un billet de 50 euros, nous vous d\u00e9conseillons d&rsquo;utiliser notre kit, mais il est n\u00e9cessaire d&rsquo;appliquer des peintures en bombe ou de contacter directement le carrossier. <\/li>\n<\/ul>\n<\/div>\n\t\t\t\t<\/div>\n\t\t\t\t\t\t\t<div class=\"elementor-accordion-item\">\n\t\t\t\t\t<div id=\"elementor-tab-title-8926\" class=\"elementor-tab-title\" data-tab=\"6\" role=\"button\" aria-controls=\"elementor-tab-content-8926\" aria-expanded=\"false\">\n\t\t\t\t\t\t\t\t\t\t\t\t\t<span class=\"elementor-accordion-icon elementor-accordion-icon-left\" aria-hidden=\"true\">\n\t\t\t\t\t\t\t\t\t\t\t\t\t\t\t<span class=\"elementor-accordion-icon-closed\"><i class=\"fas fa-plus\"><\/i><\/span>\n\t\t\t\t\t\t\t\t<span class=\"elementor-accordion-icon-opened\"><i class=\"fas fa-minus\"><\/i><\/span>\n\t\t\t\t\t\t\t\t\t\t\t\t\t\t<\/span>\n\t\t\t\t\t\t\t\t\t\t\t\t<a class=\"elementor-accordion-title\" tabindex=\"0\">La peinture que vous vendez correspond-elle \u00e0 la couleur de ma voiture?<\/a>\n\t\t\t\t\t<\/div>\n\t\t\t\t\t<div id=\"elementor-tab-content-8926\" class=\"elementor-tab-content elementor-clearfix\" data-tab=\"6\" role=\"region\" aria-labelledby=\"elementor-tab-title-8926\"><p> Oui. Nous sommes en mesure de faire correspondre et de formuler plus de 95 pour cent de toutes les couleurs sur le march\u00e9. Nous utilisons des formulations fournies par les fabricants de peinture pour chaque code couleur. Chaque produit est pr\u00e9par\u00e9 manuellement au moment de la commande. Utilisez notre base de donn\u00e9es de couleurs pour commander, trouvez votre code de couleur avec notre guide de recherche de couleur pratique <\/p>\n<p> <strong> Attention\u00a0: <\/strong> les codes de couleur ont de nombreuses variantes, ou des formulations l\u00e9g\u00e8rement diff\u00e9rentes pour le m\u00eame code en raison de lots de production ou de sites de production diff\u00e9rents. Les \u00e9carts sont g\u00e9n\u00e9ralement assez l\u00e9gers, et pour une application avec de petites retouches, il est tr\u00e8s peu probable qu&rsquo;une diff\u00e9rence de couleur soit remarqu\u00e9e. La variante que nous utilisons pour chaque couleur est la standard, qui est la plus r\u00e9pandue.<br \/> La peinture de la carrosserie varie l\u00e9g\u00e8rement au fil des ann\u00e9es en raison des agents atmosph\u00e9riques. Les climats fortement ensoleill\u00e9s plut\u00f4t que les climats froids et humides font varier la couleur diff\u00e9remment. <br \/> Notre retouche est formul\u00e9e sur le standard d&rsquo;une voiture neuve tout juste sortie du concessionnaire, il peut donc y avoir de l\u00e9g\u00e8res diff\u00e9rences, cependant quasi invisibles compte tenu de l&rsquo;extr\u00eame petite taille domaine de la retouche. <\/p>\n<\/div>\n\t\t\t\t<\/div>\n\t\t\t\t\t\t\t<div class=\"elementor-accordion-item\">\n\t\t\t\t\t<div id=\"elementor-tab-title-8927\" class=\"elementor-tab-title\" data-tab=\"7\" role=\"button\" aria-controls=\"elementor-tab-content-8927\" aria-expanded=\"false\">\n\t\t\t\t\t\t\t\t\t\t\t\t\t<span class=\"elementor-accordion-icon elementor-accordion-icon-left\" aria-hidden=\"true\">\n\t\t\t\t\t\t\t\t\t\t\t\t\t\t\t<span class=\"elementor-accordion-icon-closed\"><i class=\"fas fa-plus\"><\/i><\/span>\n\t\t\t\t\t\t\t\t<span class=\"elementor-accordion-icon-opened\"><i class=\"fas fa-minus\"><\/i><\/span>\n\t\t\t\t\t\t\t\t\t\t\t\t\t\t<\/span>\n\t\t\t\t\t\t\t\t\t\t\t\t<a class=\"elementor-accordion-title\" tabindex=\"0\">Est-ce que \u00e7a marche bien sur toutes les couleurs?<\/a>\n\t\t\t\t\t<\/div>\n\t\t\t\t\t<div id=\"elementor-tab-content-8927\" class=\"elementor-tab-content elementor-clearfix\" data-tab=\"7\" role=\"region\" aria-labelledby=\"elementor-tab-title-8927\"><p> Cela fonctionne bien sur toutes les couleurs m\u00e9talliques, mica et pastel. <br \/> La plupart des couleurs que nous fournissons sont m\u00e9talliques. <br \/> Pour certaines couleurs micalliques et m\u00e9talliques d\u00e9finies comme double couche, il sera n\u00e9cessaire de les appliquer ensemble avec le produit vernis transparent pour donner le bon effet de brillance et de profondeur <\/p>\n<\/div>\n\t\t\t\t<\/div>\n\t\t\t\t\t\t\t<div class=\"elementor-accordion-item\">\n\t\t\t\t\t<div id=\"elementor-tab-title-8928\" class=\"elementor-tab-title\" data-tab=\"8\" role=\"button\" aria-controls=\"elementor-tab-content-8928\" aria-expanded=\"false\">\n\t\t\t\t\t\t\t\t\t\t\t\t\t<span class=\"elementor-accordion-icon elementor-accordion-icon-left\" aria-hidden=\"true\">\n\t\t\t\t\t\t\t\t\t\t\t\t\t\t\t<span class=\"elementor-accordion-icon-closed\"><i class=\"fas fa-plus\"><\/i><\/span>\n\t\t\t\t\t\t\t\t<span class=\"elementor-accordion-icon-opened\"><i class=\"fas fa-minus\"><\/i><\/span>\n\t\t\t\t\t\t\t\t\t\t\t\t\t\t<\/span>\n\t\t\t\t\t\t\t\t\t\t\t\t<a class=\"elementor-accordion-title\" tabindex=\"0\">Des couleurs de perles sont-elles disponibles?<\/a>\n\t\t\t\t\t<\/div>\n\t\t\t\t\t<div id=\"elementor-tab-content-8928\" class=\"elementor-tab-content elementor-clearfix\" data-tab=\"8\" role=\"region\" aria-labelledby=\"elementor-tab-title-8928\"><p> Oui, mais avec une correspondance plus petite *. <br \/> Les peintures nacr\u00e9es \u00e0 trois couches triple couche sont produites en trois \u00e9tapes de fabrication distinctes : <br \/> Une couleur de base est pulv\u00e9ris\u00e9e <br \/> Puis elle est appliqu\u00e9e base qui donne l&rsquo;effet perl\u00e9 <br \/> Puis un rev\u00eatement transparent pour rapprocher visuellement les deux couleurs <br \/> Nos peintures sont faites pour l&rsquo;application d&rsquo;une seule couche.<br \/> Nous produisons manuellement chaque commande, nous ont obtenu des formulations tr\u00e8s proches des diff\u00e9rentes finitions nacr\u00e9es du march\u00e9.<\/p>\n<p> Il serait \u00e9galement possible de retoucher avec un kit de peinture en 3 \u00e9tapes avec deux couleurs et un vernis. Notre exp\u00e9rience a montr\u00e9 que cette retouche ne sera pas belle sur votre voiture, et vous ne seriez probablement pas satisfait. <br \/> Ayant peint des milliers de v\u00e9hicules Pearl dans le commerce avec notre syst\u00e8me, nous pouvons affirmer avec confiance que notre peinture de kit de r\u00e9paration fournit un excellente retouche pour les couleurs nacr\u00e9es. Ce n&rsquo;est pas parfait, mais c&rsquo;est quand m\u00eame la meilleure alternative \u00e0 la carrosserie. <\/p>\n<\/div>\n\t\t\t\t<\/div>\n\t\t\t\t\t\t\t\t<\/div>\n\t\t\t\t<\/div>\n\t\t\t\t<\/div>\n\t\t\t\t\t<\/div>\n\t\t<\/div>\n\t\t\t\t\t<\/div>\n\t\t<\/section>\n\t\t\t\t<\/div>\n\t\t","protected":false},"excerpt":{"rendered":"<p>F.A.Q. &#8211; Questions fr\u00e9quentes Veuillez noter qu&rsquo;il s&rsquo;agit d&rsquo;un kit de r\u00e9paration et de retouche de peinture. Ce n&rsquo;est pas la solution pour toutes les r\u00e9parations de peinture, et ce n&rsquo;est pas un substitut \u00e0 la carrosserie. Tenez compte de la nature de la r\u00e9paration n\u00e9cessaire avant de passer commande. Cependant, si vous ne souhaitez [&hellip;]<\/p>\n","protected":false},"author":1,"featured_media":0,"parent":0,"menu_order":0,"comment_status":"closed","ping_status":"closed","template":"","meta":{"_acf_changed":false,"footnotes":""},"class_list":["post-5321","page","type-page","status-publish","hentry"],"acf":[],"yoast_head":"<!-- This site is optimized with the Yoast SEO plugin v23.9 - https:\/\/yoast.com\/wordpress\/plugins\/seo\/ -->\n<title>F.A.Q. - Easytouchup<\/title>\n<meta name=\"robots\" content=\"index, follow, max-snippet:-1, max-image-preview:large, max-video-preview:-1\" \/>\n<link rel=\"canonical\" href=\"https:\/\/easytouchup.eu\/fr\/f-a-q\/\" \/>\n<meta property=\"og:locale\" content=\"fr_FR\" \/>\n<meta property=\"og:type\" content=\"article\" \/>\n<meta property=\"og:title\" content=\"F.A.Q. - Easytouchup\" \/>\n<meta property=\"og:description\" content=\"F.A.Q. &#8211; Questions fr\u00e9quentes Veuillez noter qu&rsquo;il s&rsquo;agit d&rsquo;un kit de r\u00e9paration et de retouche de peinture. Ce n&rsquo;est pas la solution pour toutes les r\u00e9parations de peinture, et ce n&rsquo;est pas un substitut \u00e0 la carrosserie. Tenez compte de la nature de la r\u00e9paration n\u00e9cessaire avant de passer commande. Cependant, si vous ne souhaitez [&hellip;]\" \/>\n<meta property=\"og:url\" content=\"https:\/\/easytouchup.eu\/fr\/f-a-q\/\" \/>\n<meta property=\"og:site_name\" content=\"Easytouchup\" \/>\n<meta property=\"article:modified_time\" content=\"2021-08-30T09:10:54+00:00\" \/>\n<meta name=\"twitter:card\" content=\"summary_large_image\" \/>\n<meta name=\"twitter:label1\" content=\"Dur\u00e9e de lecture estim\u00e9e\" \/>\n\t<meta name=\"twitter:data1\" content=\"7 minutes\" \/>\n<script type=\"application\/ld+json\" class=\"yoast-schema-graph\">{\"@context\":\"https:\/\/schema.org\",\"@graph\":[{\"@type\":\"WebPage\",\"@id\":\"https:\/\/easytouchup.eu\/fr\/f-a-q\/\",\"url\":\"https:\/\/easytouchup.eu\/fr\/f-a-q\/\",\"name\":\"F.A.Q. - Easytouchup\",\"isPartOf\":{\"@id\":\"https:\/\/easytouchup.eu\/fr\/#website\"},\"datePublished\":\"2021-08-30T09:10:53+00:00\",\"dateModified\":\"2021-08-30T09:10:54+00:00\",\"breadcrumb\":{\"@id\":\"https:\/\/easytouchup.eu\/fr\/f-a-q\/#breadcrumb\"},\"inLanguage\":\"fr-FR\",\"potentialAction\":[{\"@type\":\"ReadAction\",\"target\":[\"https:\/\/easytouchup.eu\/fr\/f-a-q\/\"]}]},{\"@type\":\"BreadcrumbList\",\"@id\":\"https:\/\/easytouchup.eu\/fr\/f-a-q\/#breadcrumb\",\"itemListElement\":[{\"@type\":\"ListItem\",\"position\":1,\"name\":\"Home\",\"item\":\"https:\/\/easytouchup.eu\/fr\/\"},{\"@type\":\"ListItem\",\"position\":2,\"name\":\"F.A.Q.\"}]},{\"@type\":\"WebSite\",\"@id\":\"https:\/\/easytouchup.eu\/fr\/#website\",\"url\":\"https:\/\/easytouchup.eu\/fr\/\",\"name\":\"Easytouchup\",\"description\":\"\",\"potentialAction\":[{\"@type\":\"SearchAction\",\"target\":{\"@type\":\"EntryPoint\",\"urlTemplate\":\"https:\/\/easytouchup.eu\/fr\/?s={search_term_string}\"},\"query-input\":{\"@type\":\"PropertyValueSpecification\",\"valueRequired\":true,\"valueName\":\"search_term_string\"}}],\"inLanguage\":\"fr-FR\"}]}<\/script>\n<!-- \/ Yoast SEO plugin. -->","yoast_head_json":{"title":"F.A.Q. - Easytouchup","robots":{"index":"index","follow":"follow","max-snippet":"max-snippet:-1","max-image-preview":"max-image-preview:large","max-video-preview":"max-video-preview:-1"},"canonical":"https:\/\/easytouchup.eu\/fr\/f-a-q\/","og_locale":"fr_FR","og_type":"article","og_title":"F.A.Q. - Easytouchup","og_description":"F.A.Q. &#8211; Questions fr\u00e9quentes Veuillez noter qu&rsquo;il s&rsquo;agit d&rsquo;un kit de r\u00e9paration et de retouche de peinture. Ce n&rsquo;est pas la solution pour toutes les r\u00e9parations de peinture, et ce n&rsquo;est pas un substitut \u00e0 la carrosserie. Tenez compte de la nature de la r\u00e9paration n\u00e9cessaire avant de passer commande. Cependant, si vous ne souhaitez [&hellip;]","og_url":"https:\/\/easytouchup.eu\/fr\/f-a-q\/","og_site_name":"Easytouchup","article_modified_time":"2021-08-30T09:10:54+00:00","twitter_card":"summary_large_image","twitter_misc":{"Dur\u00e9e de lecture estim\u00e9e":"7 minutes"},"schema":{"@context":"https:\/\/schema.org","@graph":[{"@type":"WebPage","@id":"https:\/\/easytouchup.eu\/fr\/f-a-q\/","url":"https:\/\/easytouchup.eu\/fr\/f-a-q\/","name":"F.A.Q. - Easytouchup","isPartOf":{"@id":"https:\/\/easytouchup.eu\/fr\/#website"},"datePublished":"2021-08-30T09:10:53+00:00","dateModified":"2021-08-30T09:10:54+00:00","breadcrumb":{"@id":"https:\/\/easytouchup.eu\/fr\/f-a-q\/#breadcrumb"},"inLanguage":"fr-FR","potentialAction":[{"@type":"ReadAction","target":["https:\/\/easytouchup.eu\/fr\/f-a-q\/"]}]},{"@type":"BreadcrumbList","@id":"https:\/\/easytouchup.eu\/fr\/f-a-q\/#breadcrumb","itemListElement":[{"@type":"ListItem","position":1,"name":"Home","item":"https:\/\/easytouchup.eu\/fr\/"},{"@type":"ListItem","position":2,"name":"F.A.Q."}]},{"@type":"WebSite","@id":"https:\/\/easytouchup.eu\/fr\/#website","url":"https:\/\/easytouchup.eu\/fr\/","name":"Easytouchup","description":"","potentialAction":[{"@type":"SearchAction","target":{"@type":"EntryPoint","urlTemplate":"https:\/\/easytouchup.eu\/fr\/?s={search_term_string}"},"query-input":{"@type":"PropertyValueSpecification","valueRequired":true,"valueName":"search_term_string"}}],"inLanguage":"fr-FR"}]}},"_links":{"self":[{"href":"https:\/\/easytouchup.eu\/fr\/wp-json\/wp\/v2\/pages\/5321","targetHints":{"allow":["GET"]}}],"collection":[{"href":"https:\/\/easytouchup.eu\/fr\/wp-json\/wp\/v2\/pages"}],"about":[{"href":"https:\/\/easytouchup.eu\/fr\/wp-json\/wp\/v2\/types\/page"}],"author":[{"embeddable":true,"href":"https:\/\/easytouchup.eu\/fr\/wp-json\/wp\/v2\/users\/1"}],"replies":[{"embeddable":true,"href":"https:\/\/easytouchup.eu\/fr\/wp-json\/wp\/v2\/comments?post=5321"}],"version-history":[{"count":1,"href":"https:\/\/easytouchup.eu\/fr\/wp-json\/wp\/v2\/pages\/5321\/revisions"}],"predecessor-version":[{"id":5322,"href":"https:\/\/easytouchup.eu\/fr\/wp-json\/wp\/v2\/pages\/5321\/revisions\/5322"}],"wp:attachment":[{"href":"https:\/\/easytouchup.eu\/fr\/wp-json\/wp\/v2\/media?parent=5321"}],"curies":[{"name":"wp","href":"https:\/\/api.w.org\/{rel}","templated":true}]}}